{"id":97,"date":"2016-03-09T11:00:16","date_gmt":"2016-03-09T11:00:16","guid":{"rendered":"http:\/\/www.fisiohogar.com\/barcelona\/?page_id=41"},"modified":"2023-03-17T20:46:53","modified_gmt":"2023-03-17T20:46:53","slug":"fisioterapia-enfermedades-musculares-articulares","status":"publish","type":"page","link":"https:\/\/www.fisiohogar.com\/barcelona\/fisioterapia-enfermedades-musculares-articulares\/","title":{"rendered":"Fisioterapia en enfermedades musculares y articulares"},"content":{"rendered":"<p>[vc_row][vc_column][vc_column_text]Cuando los desplazamientos m\u00e1s peque\u00f1os resultan dolorosos y hasta peligrosos, o en algunos casos imposibles de completar, es cuando la fisioterapia a domicilio demuestra su mayor utilidad.<\/p>\n<p>En pacientes de edad avanzada, o en aquellos que tienen alg\u00fan tipo de padecimiento muscular y\/o articular, o en quienes por alg\u00fan tipo de accidente, o lesi\u00f3n, se ven imposibilitados para salir de casa, lo m\u00e1s prudente es <strong>que sea el fisioterapeuta quien se desplace al domicilio del paciente<\/strong>, y en un lugar tranquilo y que controla bien, comience con las sesiones de rehabilitaci\u00f3n.<\/p>\n<p>Fisiohogar est\u00e1 especializada en la fisioterapia a domicilio, que ofrece en:<\/p>\n<ul>\n<li>Barcelona<\/li>\n<li>Hospitalet de Llobregat<\/li>\n<li>Cornell\u00e1 de Llobregat<\/li>\n<li>El Prat de Llobregat<\/li>\n<li>Esplugas de Llobregat<\/li>\n<\/ul>\n<p>[\/vc_column_text][\/vc_column][\/vc_row][vc_row][vc_column][vc_single_image image=\u00bb5006&#8243; img_size=\u00bbfull\u00bb alignment=\u00bbcenter\u00bb style=\u00bbvc_box_shadow_border\u00bb css_animation=\u00bbbounceIn\u00bb][\/vc_column][\/vc_row][vc_row][vc_column][vc_column_text]Cuando estamos ante pacientes que han tenido <strong>alg\u00fan tipo de traumatismo tras el que se espera una recuperaci\u00f3n total<\/strong>, intentamos que <strong>esa curaci\u00f3n se produzca en el menor plazo posible de tiempo<\/strong>.<\/p>\n<p>Sin embargo cuando estamos ante pacientes que padecen <strong>enfermedades cr\u00f3nicas<\/strong>, sobre todo si adem\u00e1s pertenecen al grupo de la tercera edad, lo que procuramos es que <strong>el paciente se implique de manera continua en su recuperaci\u00f3n<\/strong> que le permite conservar durante el m\u00e1ximo tiempo posible su <strong>autonom\u00eda<\/strong>, y al mismo tiempo le garantice una <strong>mejor calidad de vida<\/strong>.<\/p>\n<p>En todo momento ofrecemos consejos para una adaptaci\u00f3n m\u00e1s segura a las limitaciones que impone la situaci\u00f3n actual del paciente, pues no solo hay que buscar una mejor\u00eda sino tambi\u00e9n hay que evitar que se produzcan nuevas lesiones.[\/vc_column_text][\/vc_column][\/vc_row][vc_row][vc_column][vc_single_image image=\u00bb5007&#8243; img_size=\u00bbfull\u00bb alignment=\u00bbcenter\u00bb style=\u00bbvc_box_shadow_border\u00bb css_animation=\u00bbbounceIn\u00bb][\/vc_column][\/vc_row][vc_row][vc_column][vc_column_text]En nuestra pr\u00e1ctica diaria de fisioterapia nos encontramos con pacientes que padecen <strong>artrosis o artritis<\/strong>, y que han visto notablemente disminuida su movilidad, y que adem\u00e1s suele estar acompa\u00f1ada por dolores o por una incapacidad para manejarse con cierta soltura en las tareas m\u00e1s habituales del hogar.<\/p>\n<p>Tambi\u00e9n son frecuentes los casos de <strong>lumbalgias, tendinitis, contracturas<\/strong>&#8230; en las que las sesiones de fisioterapia logran un notable alivio y mejor\u00eda.<\/p>\n<p>Puede que con una, o dos, sesiones el paciente decida que ya no necesita m\u00e1s de nuestros servicios, pero en las enfermedades cr\u00f3nicas muy avanzadas es probable que las sesiones de fisioterapia se tengan que repetir con cierta frecuencia y en un plazo largo de tiempo. En estos casos aconsejamos que se contraten nuestros <strong>bonos de 10 sesiones<\/strong> pues se produce un ahorro por sesi\u00f3n de 5 euros.<\/p>\n<p>En los tratamientos de mayor duraci\u00f3n siempre les proponemos a nuestros pacientes ejercicios para que ellos puedan realizarlos siempre que les resulte posible, de tal manera que la mejor\u00eda de su estado no solo dependa de las sesiones en las que interviene directamente el fisioterapeuta.[\/vc_column_text][\/vc_column][\/vc_row]<\/p>\n","protected":false},"excerpt":{"rendered":"<p>[vc_row][vc_column][vc_column_text]Cuando los desplazamientos m\u00e1s peque\u00f1os resultan dolorosos y hasta peligrosos, o en algunos casos imposibles de completar, es cuando la fisioterapia a domicilio demuestra su mayor utilidad. En pacientes de edad avanzada, o en  [&#8230;]<\/p>\n","protected":false},"author":1,"featured_media":0,"parent":0,"menu_order":0,"comment_status":"closed","ping_status":"closed","template":"template-full.php","meta":{"_joinchat":[],"footnotes":""},"class_list":["post-97","page","type-page","status-publish","hentry"],"yoast_head":"<!-- This site is optimized with the Yoast SEO plugin v27.4 - https:\/\/yoast.com\/product\/yoast-seo-wordpress\/ -->\n<title>Fisioterapia en enfermedades musculares y articulares - Barcelona<\/title>\n<meta name=\"robots\" content=\"index, follow, max-snippet:-1, max-image-preview:large, max-video-preview:-1\" \/>\n<link rel=\"canonical\" href=\"https:\/\/www.fisiohogar.com\/barcelona\/fisioterapia-enfermedades-musculares-articulares\/\" \/>\n<meta property=\"og:locale\" content=\"es_ES\" \/>\n<meta property=\"og:type\" content=\"article\" \/>\n<meta property=\"og:title\" content=\"Fisioterapia en enfermedades musculares y articulares - Barcelona\" \/>\n<meta property=\"og:description\" content=\"[vc_row][vc_column][vc_column_text]Cuando los desplazamientos m\u00e1s peque\u00f1os resultan dolorosos y hasta peligrosos, o en algunos casos imposibles de completar, es cuando la fisioterapia a domicilio demuestra su mayor utilidad. En pacientes de edad avanzada, o en [...]\" \/>\n<meta property=\"og:url\" content=\"https:\/\/www.fisiohogar.com\/barcelona\/fisioterapia-enfermedades-musculares-articulares\/\" \/>\n<meta property=\"og:site_name\" content=\"Barcelona\" \/>\n<meta property=\"article:modified_time\" content=\"2023-03-17T20:46:53+00:00\" \/>\n<meta name=\"twitter:card\" content=\"summary_large_image\" \/>\n<meta name=\"twitter:label1\" content=\"Tiempo de lectura\" \/>\n\t<meta name=\"twitter:data1\" content=\"3 minutos\" \/>\n<script type=\"application\/ld+json\" class=\"yoast-schema-graph\">{\"@context\":\"https:\\\/\\\/schema.org\",\"@graph\":[{\"@type\":\"WebPage\",\"@id\":\"https:\\\/\\\/www.fisiohogar.com\\\/barcelona\\\/fisioterapia-enfermedades-musculares-articulares\\\/\",\"url\":\"https:\\\/\\\/www.fisiohogar.com\\\/barcelona\\\/fisioterapia-enfermedades-musculares-articulares\\\/\",\"name\":\"Fisioterapia en enfermedades musculares y articulares - Barcelona\",\"isPartOf\":{\"@id\":\"https:\\\/\\\/www.fisiohogar.com\\\/barcelona\\\/#website\"},\"datePublished\":\"2016-03-09T11:00:16+00:00\",\"dateModified\":\"2023-03-17T20:46:53+00:00\",\"breadcrumb\":{\"@id\":\"https:\\\/\\\/www.fisiohogar.com\\\/barcelona\\\/fisioterapia-enfermedades-musculares-articulares\\\/#breadcrumb\"},\"inLanguage\":\"es\",\"potentialAction\":[{\"@type\":\"ReadAction\",\"target\":[\"https:\\\/\\\/www.fisiohogar.com\\\/barcelona\\\/fisioterapia-enfermedades-musculares-articulares\\\/\"]}]},{\"@type\":\"BreadcrumbList\",\"@id\":\"https:\\\/\\\/www.fisiohogar.com\\\/barcelona\\\/fisioterapia-enfermedades-musculares-articulares\\\/#breadcrumb\",\"itemListElement\":[{\"@type\":\"ListItem\",\"position\":1,\"name\":\"Portada\",\"item\":\"https:\\\/\\\/www.fisiohogar.com\\\/barcelona\\\/\"},{\"@type\":\"ListItem\",\"position\":2,\"name\":\"Fisioterapia en enfermedades musculares y articulares\"}]},{\"@type\":\"WebSite\",\"@id\":\"https:\\\/\\\/www.fisiohogar.com\\\/barcelona\\\/#website\",\"url\":\"https:\\\/\\\/www.fisiohogar.com\\\/barcelona\\\/\",\"name\":\"Barcelona\",\"description\":\"Fisioterapia a domicilio en Barcelona\",\"potentialAction\":[{\"@type\":\"SearchAction\",\"target\":{\"@type\":\"EntryPoint\",\"urlTemplate\":\"https:\\\/\\\/www.fisiohogar.com\\\/barcelona\\\/?s={search_term_string}\"},\"query-input\":{\"@type\":\"PropertyValueSpecification\",\"valueRequired\":true,\"valueName\":\"search_term_string\"}}],\"inLanguage\":\"es\"}]}<\/script>\n<!-- \/ Yoast SEO plugin. -->","yoast_head_json":{"title":"Fisioterapia en enfermedades musculares y articulares - Barcelona","robots":{"index":"index","follow":"follow","max-snippet":"max-snippet:-1","max-image-preview":"max-image-preview:large","max-video-preview":"max-video-preview:-1"},"canonical":"https:\/\/www.fisiohogar.com\/barcelona\/fisioterapia-enfermedades-musculares-articulares\/","og_locale":"es_ES","og_type":"article","og_title":"Fisioterapia en enfermedades musculares y articulares - Barcelona","og_description":"[vc_row][vc_column][vc_column_text]Cuando los desplazamientos m\u00e1s peque\u00f1os resultan dolorosos y hasta peligrosos, o en algunos casos imposibles de completar, es cuando la fisioterapia a domicilio demuestra su mayor utilidad. En pacientes de edad avanzada, o en [...]","og_url":"https:\/\/www.fisiohogar.com\/barcelona\/fisioterapia-enfermedades-musculares-articulares\/","og_site_name":"Barcelona","article_modified_time":"2023-03-17T20:46:53+00:00","twitter_card":"summary_large_image","twitter_misc":{"Tiempo de lectura":"3 minutos"},"schema":{"@context":"https:\/\/schema.org","@graph":[{"@type":"WebPage","@id":"https:\/\/www.fisiohogar.com\/barcelona\/fisioterapia-enfermedades-musculares-articulares\/","url":"https:\/\/www.fisiohogar.com\/barcelona\/fisioterapia-enfermedades-musculares-articulares\/","name":"Fisioterapia en enfermedades musculares y articulares - Barcelona","isPartOf":{"@id":"https:\/\/www.fisiohogar.com\/barcelona\/#website"},"datePublished":"2016-03-09T11:00:16+00:00","dateModified":"2023-03-17T20:46:53+00:00","breadcrumb":{"@id":"https:\/\/www.fisiohogar.com\/barcelona\/fisioterapia-enfermedades-musculares-articulares\/#breadcrumb"},"inLanguage":"es","potentialAction":[{"@type":"ReadAction","target":["https:\/\/www.fisiohogar.com\/barcelona\/fisioterapia-enfermedades-musculares-articulares\/"]}]},{"@type":"BreadcrumbList","@id":"https:\/\/www.fisiohogar.com\/barcelona\/fisioterapia-enfermedades-musculares-articulares\/#breadcrumb","itemListElement":[{"@type":"ListItem","position":1,"name":"Portada","item":"https:\/\/www.fisiohogar.com\/barcelona\/"},{"@type":"ListItem","position":2,"name":"Fisioterapia en enfermedades musculares y articulares"}]},{"@type":"WebSite","@id":"https:\/\/www.fisiohogar.com\/barcelona\/#website","url":"https:\/\/www.fisiohogar.com\/barcelona\/","name":"Barcelona","description":"Fisioterapia a domicilio en Barcelona","potentialAction":[{"@type":"SearchAction","target":{"@type":"EntryPoint","urlTemplate":"https:\/\/www.fisiohogar.com\/barcelona\/?s={search_term_string}"},"query-input":{"@type":"PropertyValueSpecification","valueRequired":true,"valueName":"search_term_string"}}],"inLanguage":"es"}]}},"_links":{"self":[{"href":"https:\/\/www.fisiohogar.com\/barcelona\/wp-json\/wp\/v2\/pages\/97","targetHints":{"allow":["GET"]}}],"collection":[{"href":"https:\/\/www.fisiohogar.com\/barcelona\/wp-json\/wp\/v2\/pages"}],"about":[{"href":"https:\/\/www.fisiohogar.com\/barcelona\/wp-json\/wp\/v2\/types\/page"}],"author":[{"embeddable":true,"href":"https:\/\/www.fisiohogar.com\/barcelona\/wp-json\/wp\/v2\/users\/1"}],"replies":[{"embeddable":true,"href":"https:\/\/www.fisiohogar.com\/barcelona\/wp-json\/wp\/v2\/comments?post=97"}],"version-history":[{"count":0,"href":"https:\/\/www.fisiohogar.com\/barcelona\/wp-json\/wp\/v2\/pages\/97\/revisions"}],"wp:attachment":[{"href":"https:\/\/www.fisiohogar.com\/barcelona\/wp-json\/wp\/v2\/media?parent=97"}],"curies":[{"name":"wp","href":"https:\/\/api.w.org\/{rel}","templated":true}]}}