{"id":96,"date":"2016-03-09T10:59:41","date_gmt":"2016-03-09T10:59:41","guid":{"rendered":"http:\/\/www.fisiohogar.com\/barcelona\/?page_id=39"},"modified":"2023-03-17T20:46:53","modified_gmt":"2023-03-17T20:46:53","slug":"fisioterapeutas-colegiados","status":"publish","type":"page","link":"https:\/\/www.fisiohogar.com\/barcelona\/fisioterapeutas-colegiados\/","title":{"rendered":"Fisioterapeutas colegiados"},"content":{"rendered":"<p>[vc_row][vc_column][vc_single_image image=\u00bb4995&#8243; img_size=\u00bbfull\u00bb alignment=\u00bbcenter\u00bb style=\u00bbvc_box_shadow\u00bb css_animation=\u00bbappear\u00bb][\/vc_column][\/vc_row][vc_row][vc_column width=\u00bb1\/2&#8243;][vc_custom_heading text=\u00bbSiempre fisioterapeutas colegiados\u00bb google_fonts=\u00bbfont_family:Open%20Sans%3A300%2C300italic%2Cregular%2Citalic%2C600%2C600italic%2C700%2C700italic%2C800%2C800italic|font_style:400%20regular%3A400%3Anormal\u00bb][vc_column_text]L\u00f3gicamente, cualquier paciente lo que desea es que se le atienda de manera profesional, ofreci\u00e9ndole <strong>el mejor servicio posible para que su curaci\u00f3n, o la mejora de su estado de salud, sea lo m\u00e1s r\u00e1pida posible<\/strong>.<\/p>\n<p>Para garantizar que todos los pacientes que son atendidos por Fisiohogar reciban siempre los cuidados que garanticen los mejores resultados nos hemos propuesto cuidar al m\u00e1ximo el nivel de conocimientos de nuestros fisioterapeutas, por esa raz\u00f3n si contacta con nosotros <strong>podr\u00e1 tener la completa seguridad de que cualquiera de nuestros fisioterapeutas estar\u00e1 colegiado<\/strong>.<\/p>\n<p>Al colegiarse, el fisioterapeuta dispone de un <strong>seguro de responsabilidad civil y al mismo tiempo ha confirmado su compromiso con el c\u00f3digo deontol\u00f3gico de la profesi\u00f3n<\/strong>. Tambi\u00e9n asiste de manera peri\u00f3dica a cursos que le ayudan a mantener actualizados sus conocimientos.<\/p>\n<p>Saber qu\u00e9 nuevas terapias son las que mejor est\u00e1n funcionando, o conocer la experiencias de otros profesionales, o asistir a talleres de perfeccionamiento que ayuden a conocer con m\u00e1s detalle c\u00f3mo mejorar la atenci\u00f3n a los pacientes, es lo que permite que las numerosas personas que conf\u00edan en Fisiohogar tengan la tranquilidad de que se ponen en manos de <strong>profesionales comprometidos que les ofrecer\u00e1n el mejor servicio posible de fisioterapia<\/strong>.<\/p>\n<p>En la p\u00e1gina dedicada a los <a href=\"https:\/\/www.fisiohogar.com\/barcelona\/nuestros-fisioterapeutas\/\">fisioterapeutas que la atender\u00e1n en Barcelona<\/a> puede ver el n\u00famero de colegiado que tiene cada uno de ellos.[\/vc_column_text][\/vc_column][vc_column width=\u00bb1\/2&#8243;][vc_custom_heading text=\u00bbPerfeccionamiento constante de los conocimientos\u00bb google_fonts=\u00bbfont_family:Open%20Sans%3A300%2C300italic%2Cregular%2Citalic%2C600%2C600italic%2C700%2C700italic%2C800%2C800italic|font_style:400%20regular%3A400%3Anormal\u00bb][vc_column_text]La fisioterapia es una disciplina de la salud que se encuentra en constante evoluci\u00f3n y actualizaci\u00f3n. Aparecen constantemente nuevas terapias, se produce la puesta al d\u00eda de lo ya conocido y se van desechando tratamientos por otros que ofrecen mejores resultados.<\/p>\n<p>En mitad de este panorama tan cambiante <strong>lo \u00fanico que se puede esperar de un fisioterapeuta comprometido con su profesi\u00f3n, y sus pacientes, es que se encuentre tambi\u00e9n en constante actualizaci\u00f3n de sus conocimientos<\/strong>.<\/p>\n<p>Conocedores de esta situaci\u00f3n, en Fisiohogar nos propusimos ofrecerles a nuestros fisioterapeutas <strong>cursos y talleres<\/strong> en los que, de manera peri\u00f3dica, pudieran asegurar la renovaci\u00f3n de esos conocimientos.<\/p>\n<p>De esta manera podemos asegurarle que quienes le atender\u00e1n en Fisiohogar siempre le propondr\u00e1n las terapias que en la actualidad est\u00e9n demostrando una mayor eficacia. En este sentido, se puede considerar que ese punto inicial que incluye una labor constante de estudio y aprendizaje de nuestros fisioterapeutas es uno de los m\u00e1s importantes pues de esa decisi\u00f3n inicial depender\u00e1 una m\u00e1s r\u00e1pida curaci\u00f3n, o una evoluci\u00f3n m\u00e1s apreciable mejorando su calidad de vida.<\/p>\n<p>En Fisiohogar nos tomamos muy en serio los padecimientos de todas las personas a las que atendemos, y lo hacemos demostrando esa misma seriedad con nuestra profesi\u00f3n, porque siempre queremos llegar con las mejores soluciones ante quienes tanto esperan de nosotros.[\/vc_column_text][\/vc_column][\/vc_row][vc_row][vc_column][vc_custom_heading text=\u00bbContacte ahora con nuestros fisioterapeutas\u00bb google_fonts=\u00bbfont_family:Open%20Sans%3A300%2C300italic%2Cregular%2Citalic%2C600%2C600italic%2C700%2C700italic%2C800%2C800italic|font_style:400%20regular%3A400%3Anormal\u00bb][vc_column_text]No esperes m\u00e1s y contacta ahora con nosotros.<\/p>\n<p>Puedes llamarnos por tel\u00e9fono, o puedes enviarnos un formulario de contacto. En ambos casos acordaremos una hora y d\u00eda para desplazarnos a tu domicilio.<\/p>\n<p>En la primera sesi\u00f3n de fisioterapia en Barcelona vamos a descontarte, como oferta de bienvenida, 5 euros.<\/p>\n<p>Conoce ahora <strong>el mejor servicio de fisioterapia en Barcelona<\/strong>, y adem\u00e1s, sin tener que salir de casa.[\/vc_column_text][\/vc_column][\/vc_row]<\/p>\n","protected":false},"excerpt":{"rendered":"<p>[vc_row][vc_column][vc_single_image image=\u00bb4995&#8243; img_size=\u00bbfull\u00bb alignment=\u00bbcenter\u00bb style=\u00bbvc_box_shadow\u00bb css_animation=\u00bbappear\u00bb][\/vc_column][\/vc_row][vc_row][vc_column width=\u00bb1\/2&#8243;][vc_custom_heading text=\u00bbSiempre fisioterapeutas colegiados\u00bb google_fonts=\u00bbfont_family:Open%20Sans%3A300%2C300italic%2Cregular%2Citalic%2C600%2C600italic%2C700%2C700italic%2C800%2C800italic|font_style:400%20regular%3A400%3Anormal\u00bb][vc_column_text]L\u00f3gicamente, cualquier paciente lo que desea es que se le atienda de manera profesional, ofreci\u00e9ndole el mejor servicio posible para que su curaci\u00f3n, o  [&#8230;]<\/p>\n","protected":false},"author":1,"featured_media":0,"parent":0,"menu_order":0,"comment_status":"closed","ping_status":"closed","template":"template-full.php","meta":{"_joinchat":[],"footnotes":""},"class_list":["post-96","page","type-page","status-publish","hentry"],"yoast_head":"<!-- This site is optimized with the Yoast SEO plugin v27.4 - https:\/\/yoast.com\/product\/yoast-seo-wordpress\/ -->\n<title>Fisioterapeutas colegiados - Barcelona<\/title>\n<meta name=\"robots\" content=\"index, follow, max-snippet:-1, max-image-preview:large, max-video-preview:-1\" \/>\n<link rel=\"canonical\" href=\"https:\/\/www.fisiohogar.com\/barcelona\/fisioterapeutas-colegiados\/\" \/>\n<meta property=\"og:locale\" content=\"es_ES\" \/>\n<meta property=\"og:type\" content=\"article\" \/>\n<meta property=\"og:title\" content=\"Fisioterapeutas colegiados - Barcelona\" \/>\n<meta property=\"og:description\" content=\"[vc_row][vc_column][vc_single_image image=\u00bb4995&#8243; img_size=\u00bbfull\u00bb alignment=\u00bbcenter\u00bb style=\u00bbvc_box_shadow\u00bb css_animation=\u00bbappear\u00bb][\/vc_column][\/vc_row][vc_row][vc_column width=\u00bb1\/2&#8243;][vc_custom_heading text=\u00bbSiempre fisioterapeutas colegiados\u00bb google_fonts=\u00bbfont_family:Open%20Sans%3A300%2C300italic%2Cregular%2Citalic%2C600%2C600italic%2C700%2C700italic%2C800%2C800italic|font_style:400%20regular%3A400%3Anormal\u00bb][vc_column_text]L\u00f3gicamente, cualquier paciente lo que desea es que se le atienda de manera profesional, ofreci\u00e9ndole el mejor servicio posible para que su curaci\u00f3n, o [...]\" \/>\n<meta property=\"og:url\" content=\"https:\/\/www.fisiohogar.com\/barcelona\/fisioterapeutas-colegiados\/\" \/>\n<meta property=\"og:site_name\" content=\"Barcelona\" \/>\n<meta property=\"article:modified_time\" content=\"2023-03-17T20:46:53+00:00\" \/>\n<meta name=\"twitter:card\" content=\"summary_large_image\" \/>\n<meta name=\"twitter:label1\" content=\"Tiempo de lectura\" \/>\n\t<meta name=\"twitter:data1\" content=\"4 minutos\" \/>\n<script type=\"application\/ld+json\" class=\"yoast-schema-graph\">{\"@context\":\"https:\\\/\\\/schema.org\",\"@graph\":[{\"@type\":\"WebPage\",\"@id\":\"https:\\\/\\\/www.fisiohogar.com\\\/barcelona\\\/fisioterapeutas-colegiados\\\/\",\"url\":\"https:\\\/\\\/www.fisiohogar.com\\\/barcelona\\\/fisioterapeutas-colegiados\\\/\",\"name\":\"Fisioterapeutas colegiados - Barcelona\",\"isPartOf\":{\"@id\":\"https:\\\/\\\/www.fisiohogar.com\\\/barcelona\\\/#website\"},\"datePublished\":\"2016-03-09T10:59:41+00:00\",\"dateModified\":\"2023-03-17T20:46:53+00:00\",\"breadcrumb\":{\"@id\":\"https:\\\/\\\/www.fisiohogar.com\\\/barcelona\\\/fisioterapeutas-colegiados\\\/#breadcrumb\"},\"inLanguage\":\"es\",\"potentialAction\":[{\"@type\":\"ReadAction\",\"target\":[\"https:\\\/\\\/www.fisiohogar.com\\\/barcelona\\\/fisioterapeutas-colegiados\\\/\"]}]},{\"@type\":\"BreadcrumbList\",\"@id\":\"https:\\\/\\\/www.fisiohogar.com\\\/barcelona\\\/fisioterapeutas-colegiados\\\/#breadcrumb\",\"itemListElement\":[{\"@type\":\"ListItem\",\"position\":1,\"name\":\"Portada\",\"item\":\"https:\\\/\\\/www.fisiohogar.com\\\/barcelona\\\/\"},{\"@type\":\"ListItem\",\"position\":2,\"name\":\"Fisioterapeutas colegiados\"}]},{\"@type\":\"WebSite\",\"@id\":\"https:\\\/\\\/www.fisiohogar.com\\\/barcelona\\\/#website\",\"url\":\"https:\\\/\\\/www.fisiohogar.com\\\/barcelona\\\/\",\"name\":\"Barcelona\",\"description\":\"Fisioterapia a domicilio en Barcelona\",\"potentialAction\":[{\"@type\":\"SearchAction\",\"target\":{\"@type\":\"EntryPoint\",\"urlTemplate\":\"https:\\\/\\\/www.fisiohogar.com\\\/barcelona\\\/?s={search_term_string}\"},\"query-input\":{\"@type\":\"PropertyValueSpecification\",\"valueRequired\":true,\"valueName\":\"search_term_string\"}}],\"inLanguage\":\"es\"}]}<\/script>\n<!-- \/ Yoast SEO plugin. -->","yoast_head_json":{"title":"Fisioterapeutas colegiados - Barcelona","robots":{"index":"index","follow":"follow","max-snippet":"max-snippet:-1","max-image-preview":"max-image-preview:large","max-video-preview":"max-video-preview:-1"},"canonical":"https:\/\/www.fisiohogar.com\/barcelona\/fisioterapeutas-colegiados\/","og_locale":"es_ES","og_type":"article","og_title":"Fisioterapeutas colegiados - Barcelona","og_description":"[vc_row][vc_column][vc_single_image image=\u00bb4995&#8243; img_size=\u00bbfull\u00bb alignment=\u00bbcenter\u00bb style=\u00bbvc_box_shadow\u00bb css_animation=\u00bbappear\u00bb][\/vc_column][\/vc_row][vc_row][vc_column width=\u00bb1\/2&#8243;][vc_custom_heading text=\u00bbSiempre fisioterapeutas colegiados\u00bb google_fonts=\u00bbfont_family:Open%20Sans%3A300%2C300italic%2Cregular%2Citalic%2C600%2C600italic%2C700%2C700italic%2C800%2C800italic|font_style:400%20regular%3A400%3Anormal\u00bb][vc_column_text]L\u00f3gicamente, cualquier paciente lo que desea es que se le atienda de manera profesional, ofreci\u00e9ndole el mejor servicio posible para que su curaci\u00f3n, o [...]","og_url":"https:\/\/www.fisiohogar.com\/barcelona\/fisioterapeutas-colegiados\/","og_site_name":"Barcelona","article_modified_time":"2023-03-17T20:46:53+00:00","twitter_card":"summary_large_image","twitter_misc":{"Tiempo de lectura":"4 minutos"},"schema":{"@context":"https:\/\/schema.org","@graph":[{"@type":"WebPage","@id":"https:\/\/www.fisiohogar.com\/barcelona\/fisioterapeutas-colegiados\/","url":"https:\/\/www.fisiohogar.com\/barcelona\/fisioterapeutas-colegiados\/","name":"Fisioterapeutas colegiados - Barcelona","isPartOf":{"@id":"https:\/\/www.fisiohogar.com\/barcelona\/#website"},"datePublished":"2016-03-09T10:59:41+00:00","dateModified":"2023-03-17T20:46:53+00:00","breadcrumb":{"@id":"https:\/\/www.fisiohogar.com\/barcelona\/fisioterapeutas-colegiados\/#breadcrumb"},"inLanguage":"es","potentialAction":[{"@type":"ReadAction","target":["https:\/\/www.fisiohogar.com\/barcelona\/fisioterapeutas-colegiados\/"]}]},{"@type":"BreadcrumbList","@id":"https:\/\/www.fisiohogar.com\/barcelona\/fisioterapeutas-colegiados\/#breadcrumb","itemListElement":[{"@type":"ListItem","position":1,"name":"Portada","item":"https:\/\/www.fisiohogar.com\/barcelona\/"},{"@type":"ListItem","position":2,"name":"Fisioterapeutas colegiados"}]},{"@type":"WebSite","@id":"https:\/\/www.fisiohogar.com\/barcelona\/#website","url":"https:\/\/www.fisiohogar.com\/barcelona\/","name":"Barcelona","description":"Fisioterapia a domicilio en Barcelona","potentialAction":[{"@type":"SearchAction","target":{"@type":"EntryPoint","urlTemplate":"https:\/\/www.fisiohogar.com\/barcelona\/?s={search_term_string}"},"query-input":{"@type":"PropertyValueSpecification","valueRequired":true,"valueName":"search_term_string"}}],"inLanguage":"es"}]}},"_links":{"self":[{"href":"https:\/\/www.fisiohogar.com\/barcelona\/wp-json\/wp\/v2\/pages\/96","targetHints":{"allow":["GET"]}}],"collection":[{"href":"https:\/\/www.fisiohogar.com\/barcelona\/wp-json\/wp\/v2\/pages"}],"about":[{"href":"https:\/\/www.fisiohogar.com\/barcelona\/wp-json\/wp\/v2\/types\/page"}],"author":[{"embeddable":true,"href":"https:\/\/www.fisiohogar.com\/barcelona\/wp-json\/wp\/v2\/users\/1"}],"replies":[{"embeddable":true,"href":"https:\/\/www.fisiohogar.com\/barcelona\/wp-json\/wp\/v2\/comments?post=96"}],"version-history":[{"count":0,"href":"https:\/\/www.fisiohogar.com\/barcelona\/wp-json\/wp\/v2\/pages\/96\/revisions"}],"wp:attachment":[{"href":"https:\/\/www.fisiohogar.com\/barcelona\/wp-json\/wp\/v2\/media?parent=96"}],"curies":[{"name":"wp","href":"https:\/\/api.w.org\/{rel}","templated":true}]}}