{"id":91,"date":"2016-03-09T10:57:06","date_gmt":"2016-03-09T10:57:06","guid":{"rendered":"http:\/\/www.fisiohogar.com\/barcelona\/?page_id=27"},"modified":"2023-03-17T20:46:53","modified_gmt":"2023-03-17T20:46:53","slug":"fisioterapia-empresas-barcelona","status":"publish","type":"page","link":"https:\/\/www.fisiohogar.com\/barcelona\/fisioterapia-empresas-barcelona\/","title":{"rendered":"Fisioterapia en empresas de Barcelona"},"content":{"rendered":"<p>[vc_row][vc_column][vc_column_text]La <strong>fisioterapia para empresas<\/strong> es cada d\u00eda m\u00e1s solicitada y mejor valorada por quienes han decidido recurrir a este servicio, del cual no solo se benefician los empleados pues la propia empresa va a descubrir que mejora el ambiente laboral, mejora tambi\u00e9n la opini\u00f3n que tienen los empleados de la empresa y al mismo tiempo se reducen las bajas laborales.<\/p>\n<p>Efectivamente, la fisioterapia logra que, de una manera indirecta, las empresas funcionen mejor.<\/p>\n<p><strong>Nuestros fisioterapeutas estudiar\u00e1n los diferentes procesos de trabajo<\/strong> que en ocasiones son los causantes, por su mala planificaci\u00f3n, de sobrecargas o lesiones, y propondr\u00e1n modificaciones con la intenci\u00f3n de reducir riesgos, sobreesfuerzos y tensiones, facilitando y mejorando la realizaci\u00f3n de las diferentes tareas.<\/p>\n<p>Estos cambios, por el mismo hecho de plantearlos, son los que despiertan en los trabajadores una mayor afinidad con la empresa, pues se demuestra una preocupaci\u00f3n activa en conservar y mejorar la salud de estas personas.<\/p>\n<p>Al mismo tiempo, para aquellos trabajadores que padecen alg\u00fan problema muscular o que requieren, en cualquier sentido, de la ayuda de la fisioterapia, planteamos sesiones que se pueden recibir en las propias instalaciones de la empresa, o bien en los diferentes domicilios.<\/p>\n<p>Conseguimos de esta manera un m\u00e1s que <strong>notable cambio en las empresas para las que trabajamos<\/strong>, pues el estado f\u00edsico, e incluso an\u00edmico, de los trabajadores mejora, <strong>increment\u00e1ndose al mismo tiempo la productividad y reduci\u00e9ndose las bajas laborales<\/strong>.[\/vc_column_text][\/vc_column][\/vc_row][vc_row][vc_column width=\u00bb1\/3&#8243;][vc_single_image image=\u00bb4958&#8243; img_size=\u00bbfull\u00bb][\/vc_column][vc_column width=\u00bb1\/3&#8243;][vc_single_image image=\u00bb4959&#8243; img_size=\u00bbfull\u00bb][\/vc_column][vc_column width=\u00bb1\/3&#8243;][vc_single_image image=\u00bb4961&#8243; img_size=\u00bbfull\u00bb][\/vc_column][\/vc_row][vc_row][vc_column css_animation=\u00bbbounceInRight\u00bb][vc_custom_heading text=\u00bbEducaci\u00f3n mediante cursos y talleres impartidos para reducir riesgos laborales\u00bb google_fonts=\u00bbfont_family:Open%20Sans%3A300%2C300italic%2Cregular%2Citalic%2C600%2C600italic%2C700%2C700italic%2C800%2C800italic|font_style:400%20regular%3A400%3Anormal\u00bb][vc_column_text]Cuando iniciamos un proceso de transformaci\u00f3n de las tareas de trabajo que se realizan en cada empresa es aconsejable acompa\u00f1ar esta modificaci\u00f3n con una tarea de educaci\u00f3n de los trabajadores para que modifiquen de manera m\u00e1s eficaz esas costumbres que manten\u00edan hasta ese momento.<\/p>\n<p>Buscamos ante todo que el trabajo lo comiencen a completar <strong>reduciendo el agotamiento y la tensi\u00f3n muscular<\/strong>, que conducir\u00e1 a que las jornadas se completen con un menor n\u00famero de incidencias, lesiones y, por lo tanto, con menos bajas laborales.<\/p>\n<p>Para la realizaci\u00f3n del estudio de los procesos de trabajo nos desplazamos a las empresas y tras el an\u00e1lisis de las tareas que debe de completar cada trabajador, proponemos las mejoras.[\/vc_column_text][\/vc_column][\/vc_row][vc_row][vc_column][vc_single_image image=\u00bb4963&#8243; img_size=\u00bbfull\u00bb][\/vc_column][\/vc_row][vc_row][vc_column css_animation=\u00bbbounceInRight\u00bb][vc_custom_heading text=\u00bbFisioterapia para empresas y para sus trabajadores\u00bb google_fonts=\u00bbfont_family:Open%20Sans%3A300%2C300italic%2Cregular%2Citalic%2C600%2C600italic%2C700%2C700italic%2C800%2C800italic|font_style:400%20regular%3A400%3Anormal\u00bb][vc_column_text]Cada empresa es diferente. Lo son sus instalaciones o las tareas que tienen que desarrollar sus trabajadores. Por lo tanto, para poder <strong>ofrecerle un servicio bien ajustado a sus necesidades<\/strong> necesitamos que contacte con nosotros y nos explique cu\u00e1l es su situaci\u00f3n y lo que pretende conseguir.<\/p>\n<p>En Fisiohogar podemos ofrecerle un servicio de fisioterapia para empresas totalmente personalizado. Nos podemos encargar de plantear cambios en los procesos de trabajo, y de ofrecerle las sesiones de fisioterapia en su empresa o en el domicilio de sus empleados.<\/p>\n<p>Por lo tanto,<strong> si quiere conocer todo lo que podemos ofrecerle y que le entreguemos un presupuesto a medida, necesitamos que contacte con nosotros<\/strong>.<\/p>\n<p>Ll\u00e1menos por tel\u00e9fono, o env\u00edenos un <a href=\"https:\/\/www.fisiohogar.com\/barcelona\/contacta-ahora\/\">formulario de contacto<\/a>, y estaremos encantados de atenderle.[\/vc_column_text][\/vc_column][\/vc_row]<\/p>\n","protected":false},"excerpt":{"rendered":"<p>[vc_row][vc_column][vc_column_text]La fisioterapia para empresas es cada d\u00eda m\u00e1s solicitada y mejor valorada por quienes han decidido recurrir a este servicio, del cual no solo se benefician los empleados pues la propia empresa va a  [&#8230;]<\/p>\n","protected":false},"author":1,"featured_media":0,"parent":0,"menu_order":0,"comment_status":"closed","ping_status":"closed","template":"template-full.php","meta":{"_joinchat":[],"footnotes":""},"class_list":["post-91","page","type-page","status-publish","hentry"],"yoast_head":"<!-- This site is optimized with the Yoast SEO plugin v27.5 - https:\/\/yoast.com\/product\/yoast-seo-wordpress\/ -->\n<title>Fisioterapia en empresas de Barcelona - Barcelona<\/title>\n<meta name=\"robots\" content=\"index, follow, max-snippet:-1, max-image-preview:large, max-video-preview:-1\" \/>\n<link rel=\"canonical\" href=\"https:\/\/www.fisiohogar.com\/barcelona\/fisioterapia-empresas-barcelona\/\" \/>\n<meta property=\"og:locale\" content=\"es_ES\" \/>\n<meta property=\"og:type\" content=\"article\" \/>\n<meta property=\"og:title\" content=\"Fisioterapia en empresas de Barcelona - Barcelona\" \/>\n<meta property=\"og:description\" content=\"[vc_row][vc_column][vc_column_text]La fisioterapia para empresas es cada d\u00eda m\u00e1s solicitada y mejor valorada por quienes han decidido recurrir a este servicio, del cual no solo se benefician los empleados pues la propia empresa va a [...]\" \/>\n<meta property=\"og:url\" content=\"https:\/\/www.fisiohogar.com\/barcelona\/fisioterapia-empresas-barcelona\/\" \/>\n<meta property=\"og:site_name\" content=\"Barcelona\" \/>\n<meta property=\"article:modified_time\" content=\"2023-03-17T20:46:53+00:00\" \/>\n<meta name=\"twitter:card\" content=\"summary_large_image\" \/>\n<meta name=\"twitter:label1\" content=\"Tiempo de lectura\" \/>\n\t<meta name=\"twitter:data1\" content=\"3 minutos\" \/>\n<script type=\"application\/ld+json\" class=\"yoast-schema-graph\">{\"@context\":\"https:\\\/\\\/schema.org\",\"@graph\":[{\"@type\":\"WebPage\",\"@id\":\"https:\\\/\\\/www.fisiohogar.com\\\/barcelona\\\/fisioterapia-empresas-barcelona\\\/\",\"url\":\"https:\\\/\\\/www.fisiohogar.com\\\/barcelona\\\/fisioterapia-empresas-barcelona\\\/\",\"name\":\"Fisioterapia en empresas de Barcelona - Barcelona\",\"isPartOf\":{\"@id\":\"https:\\\/\\\/www.fisiohogar.com\\\/barcelona\\\/#website\"},\"datePublished\":\"2016-03-09T10:57:06+00:00\",\"dateModified\":\"2023-03-17T20:46:53+00:00\",\"breadcrumb\":{\"@id\":\"https:\\\/\\\/www.fisiohogar.com\\\/barcelona\\\/fisioterapia-empresas-barcelona\\\/#breadcrumb\"},\"inLanguage\":\"es\",\"potentialAction\":[{\"@type\":\"ReadAction\",\"target\":[\"https:\\\/\\\/www.fisiohogar.com\\\/barcelona\\\/fisioterapia-empresas-barcelona\\\/\"]}]},{\"@type\":\"BreadcrumbList\",\"@id\":\"https:\\\/\\\/www.fisiohogar.com\\\/barcelona\\\/fisioterapia-empresas-barcelona\\\/#breadcrumb\",\"itemListElement\":[{\"@type\":\"ListItem\",\"position\":1,\"name\":\"Portada\",\"item\":\"https:\\\/\\\/www.fisiohogar.com\\\/barcelona\\\/\"},{\"@type\":\"ListItem\",\"position\":2,\"name\":\"Fisioterapia en empresas de Barcelona\"}]},{\"@type\":\"WebSite\",\"@id\":\"https:\\\/\\\/www.fisiohogar.com\\\/barcelona\\\/#website\",\"url\":\"https:\\\/\\\/www.fisiohogar.com\\\/barcelona\\\/\",\"name\":\"Barcelona\",\"description\":\"Fisioterapia a domicilio en Barcelona\",\"potentialAction\":[{\"@type\":\"SearchAction\",\"target\":{\"@type\":\"EntryPoint\",\"urlTemplate\":\"https:\\\/\\\/www.fisiohogar.com\\\/barcelona\\\/?s={search_term_string}\"},\"query-input\":{\"@type\":\"PropertyValueSpecification\",\"valueRequired\":true,\"valueName\":\"search_term_string\"}}],\"inLanguage\":\"es\"}]}<\/script>\n<!-- \/ Yoast SEO plugin. -->","yoast_head_json":{"title":"Fisioterapia en empresas de Barcelona - Barcelona","robots":{"index":"index","follow":"follow","max-snippet":"max-snippet:-1","max-image-preview":"max-image-preview:large","max-video-preview":"max-video-preview:-1"},"canonical":"https:\/\/www.fisiohogar.com\/barcelona\/fisioterapia-empresas-barcelona\/","og_locale":"es_ES","og_type":"article","og_title":"Fisioterapia en empresas de Barcelona - Barcelona","og_description":"[vc_row][vc_column][vc_column_text]La fisioterapia para empresas es cada d\u00eda m\u00e1s solicitada y mejor valorada por quienes han decidido recurrir a este servicio, del cual no solo se benefician los empleados pues la propia empresa va a [...]","og_url":"https:\/\/www.fisiohogar.com\/barcelona\/fisioterapia-empresas-barcelona\/","og_site_name":"Barcelona","article_modified_time":"2023-03-17T20:46:53+00:00","twitter_card":"summary_large_image","twitter_misc":{"Tiempo de lectura":"3 minutos"},"schema":{"@context":"https:\/\/schema.org","@graph":[{"@type":"WebPage","@id":"https:\/\/www.fisiohogar.com\/barcelona\/fisioterapia-empresas-barcelona\/","url":"https:\/\/www.fisiohogar.com\/barcelona\/fisioterapia-empresas-barcelona\/","name":"Fisioterapia en empresas de Barcelona - Barcelona","isPartOf":{"@id":"https:\/\/www.fisiohogar.com\/barcelona\/#website"},"datePublished":"2016-03-09T10:57:06+00:00","dateModified":"2023-03-17T20:46:53+00:00","breadcrumb":{"@id":"https:\/\/www.fisiohogar.com\/barcelona\/fisioterapia-empresas-barcelona\/#breadcrumb"},"inLanguage":"es","potentialAction":[{"@type":"ReadAction","target":["https:\/\/www.fisiohogar.com\/barcelona\/fisioterapia-empresas-barcelona\/"]}]},{"@type":"BreadcrumbList","@id":"https:\/\/www.fisiohogar.com\/barcelona\/fisioterapia-empresas-barcelona\/#breadcrumb","itemListElement":[{"@type":"ListItem","position":1,"name":"Portada","item":"https:\/\/www.fisiohogar.com\/barcelona\/"},{"@type":"ListItem","position":2,"name":"Fisioterapia en empresas de Barcelona"}]},{"@type":"WebSite","@id":"https:\/\/www.fisiohogar.com\/barcelona\/#website","url":"https:\/\/www.fisiohogar.com\/barcelona\/","name":"Barcelona","description":"Fisioterapia a domicilio en Barcelona","potentialAction":[{"@type":"SearchAction","target":{"@type":"EntryPoint","urlTemplate":"https:\/\/www.fisiohogar.com\/barcelona\/?s={search_term_string}"},"query-input":{"@type":"PropertyValueSpecification","valueRequired":true,"valueName":"search_term_string"}}],"inLanguage":"es"}]}},"_links":{"self":[{"href":"https:\/\/www.fisiohogar.com\/barcelona\/wp-json\/wp\/v2\/pages\/91","targetHints":{"allow":["GET"]}}],"collection":[{"href":"https:\/\/www.fisiohogar.com\/barcelona\/wp-json\/wp\/v2\/pages"}],"about":[{"href":"https:\/\/www.fisiohogar.com\/barcelona\/wp-json\/wp\/v2\/types\/page"}],"author":[{"embeddable":true,"href":"https:\/\/www.fisiohogar.com\/barcelona\/wp-json\/wp\/v2\/users\/1"}],"replies":[{"embeddable":true,"href":"https:\/\/www.fisiohogar.com\/barcelona\/wp-json\/wp\/v2\/comments?post=91"}],"version-history":[{"count":0,"href":"https:\/\/www.fisiohogar.com\/barcelona\/wp-json\/wp\/v2\/pages\/91\/revisions"}],"wp:attachment":[{"href":"https:\/\/www.fisiohogar.com\/barcelona\/wp-json\/wp\/v2\/media?parent=91"}],"curies":[{"name":"wp","href":"https:\/\/api.w.org\/{rel}","templated":true}]}}