{"id":89,"date":"2016-03-09T10:56:12","date_gmt":"2016-03-09T10:56:12","guid":{"rendered":"http:\/\/www.fisiohogar.com\/barcelona\/?page_id=23"},"modified":"2023-03-19T10:28:17","modified_gmt":"2023-03-19T10:28:17","slug":"fisioterapia-parkinson-alzheimer","status":"publish","type":"page","link":"https:\/\/www.fisiohogar.com\/barcelona\/fisioterapia-parkinson-alzheimer\/","title":{"rendered":"Fisioterapia para enfermedades neurol\u00f3gicas"},"content":{"rendered":"<p>[vc_row][vc_column][vc_column_text]Cada d\u00eda son m\u00e1s las personas que se encuentran afectadas por enfermedades neurol\u00f3gicas. Se incrementan los casos de <strong>Parkinson, Alzheimer, esclerosis m\u00faltiple o que padecen alguna hemiplejia<\/strong>.<\/p>\n<p>Algunas de estas enfermedades se consideran cr\u00f3nicas pues, al d\u00eda de hoy, no tienen curaci\u00f3n posible, pero eso no quiere decir que no se pueda actuar sobre ellas para que las personas que las padecen puedan <strong>hacer m\u00e1s lenta la evoluci\u00f3n de sus s\u00edntomas<\/strong> y encuentren, de esa manera, una situaci\u00f3n con mejor calidad de vida durante m\u00e1s tiempo.<\/p>\n<p>La fisioterapia para las enfermedades neurol\u00f3gicas ofrece una ayuda real y eficaz para que <strong>el paciente logre mejorar y mantener su autonom\u00eda<\/strong> y se distancie, por lo tanto, de una situaci\u00f3n de clara dependencia, incluso en las tareas diarias m\u00e1s simples.<\/p>\n<p>Se act\u00faa en las sesiones de fisioterapia sobre los s\u00edntomas propios de estos pacientes, que suelen presentar dificultades para mantener el equilibrio, o que padecen temblores o mareos, o que se encuentran en una situaci\u00f3n de debilidad.<\/p>\n<p>[\/vc_column_text][\/vc_column][\/vc_row][vc_row][vc_column width=\u00bb1\/2&#8243;][vc_single_image image=\u00bb5009&#8243; img_size=\u00bbfull\u00bb alignment=\u00bbcenter\u00bb css_animation=\u00bbfadeInLeft\u00bb][vc_column_text]<\/p>\n<h2>Cada enfermedad con su tratamiento m\u00e1s eficaz<\/h2>\n<p>Cuando nos desplazamos al domicilio de un nuevo paciente que padece alguna enfermedad neurol\u00f3gica siempre solicitamos informaci\u00f3n sobre su diagn\u00f3stico y realizamos una valoraci\u00f3n inicial de su estado.<\/p>\n<p>En cada caso, y atendiendo a su situaci\u00f3n particular, <strong>proponemos la terapia que es m\u00e1s adecuada y la que puede ofrecer mejores resultados.<\/strong><\/p>\n<p>Hacemos uso de:<\/p>\n<ul>\n<li>Movilizaciones activas o pasivas.<\/li>\n<li>M\u00e9todo Bobath.<\/li>\n<li>Neurodin\u00e1mica.<\/li>\n<li>Ejercicios Kabat, etc.<\/li>\n<\/ul>\n<p>Siempre <strong>implicamos a los pacientes en su recuperaci\u00f3n<\/strong>, para que no sean sujetos pasivos y se movilicen mediante ejercicios que les proponemos al margen de nuestras sesiones de fisioterapia.<\/p>\n<p>De esta manera, y al ver todos los avances que se van logrando gracias a la terapia, los pacientes suelen mejorar su estado de \u00e1nimo y encuentran renovados \u00e1nimos, viendo la evoluci\u00f3n positiva, para insistir con la terapia.[\/vc_column_text][\/vc_column][vc_column width=\u00bb1\/2&#8243;][vc_single_image image=\u00bb5010&#8243; img_size=\u00bbfull\u00bb alignment=\u00bbcenter\u00bb css_animation=\u00bbfadeInRight\u00bb][vc_column_text]<\/p>\n<h2>La fisioterapia, en casa<\/h2>\n<p>Para cualquier persona que padezca una enfermedad neurol\u00f3gica lo m\u00e1s c\u00f3modo es recibir atenci\u00f3n domiciliaria.<\/p>\n<p>Tener que desplazarse a una cl\u00ednica puede suponer un esfuerzo que no siempre se pueda, o se est\u00e9 dispuesto, realizar aunque se sea consciente de los beneficios que va a suponer.<\/p>\n<p><strong>En Fisiohogar hemos querido pon\u00e9rselo m\u00e1s f\u00e1cil que nunca a todos nuestros pacientes, por ese motivo somos nosotros quienes nos desplazamos a sus domicilios.<\/strong><\/p>\n<p>Lo hacemos siempre con todo el material que va a ser necesario en cada sesi\u00f3n, y sin que nuestros pacientes tengan que preocuparse por traslados o esperas.<\/p>\n<p>Llegamos a la hora acordada y completamos una sesi\u00f3n de fisioterapia, al margen de todos los consejos y propuestas que hacemos para que nuestros pacientes practiquen con ejercicios el resto del tiempo.<\/p>\n<p>Ll\u00e1menos ahora por tel\u00e9fono, o env\u00edenos un <a href=\"https:\/\/www.fisiohogar.com\/barcelona\/contacta-ahora\/\">formulario<\/a>, para acordar el d\u00eda y la hora en la que nos desplazaremos para su primera sesi\u00f3n de fisioterapia.[\/vc_column_text][\/vc_column][\/vc_row]<\/p>\n","protected":false},"excerpt":{"rendered":"<p>[vc_row][vc_column][vc_column_text]Cada d\u00eda son m\u00e1s las personas que se encuentran afectadas por enfermedades neurol\u00f3gicas. Se incrementan los casos de Parkinson, Alzheimer, esclerosis m\u00faltiple o que padecen alguna hemiplejia. Algunas de estas enfermedades se consideran cr\u00f3nicas  [&#8230;]<\/p>\n","protected":false},"author":1,"featured_media":0,"parent":0,"menu_order":0,"comment_status":"closed","ping_status":"closed","template":"","meta":{"_joinchat":[],"footnotes":""},"class_list":["post-89","page","type-page","status-publish","hentry"],"yoast_head":"<!-- This site is optimized with the Yoast SEO plugin v27.4 - https:\/\/yoast.com\/product\/yoast-seo-wordpress\/ -->\n<title>Fisioterapia para enfermedades neurol\u00f3gicas - Barcelona<\/title>\n<meta name=\"robots\" content=\"index, follow, max-snippet:-1, max-image-preview:large, max-video-preview:-1\" \/>\n<link rel=\"canonical\" href=\"https:\/\/www.fisiohogar.com\/barcelona\/fisioterapia-parkinson-alzheimer\/\" \/>\n<meta property=\"og:locale\" content=\"es_ES\" \/>\n<meta property=\"og:type\" content=\"article\" \/>\n<meta property=\"og:title\" content=\"Fisioterapia para enfermedades neurol\u00f3gicas - Barcelona\" \/>\n<meta property=\"og:description\" content=\"[vc_row][vc_column][vc_column_text]Cada d\u00eda son m\u00e1s las personas que se encuentran afectadas por enfermedades neurol\u00f3gicas. Se incrementan los casos de Parkinson, Alzheimer, esclerosis m\u00faltiple o que padecen alguna hemiplejia. Algunas de estas enfermedades se consideran cr\u00f3nicas [...]\" \/>\n<meta property=\"og:url\" content=\"https:\/\/www.fisiohogar.com\/barcelona\/fisioterapia-parkinson-alzheimer\/\" \/>\n<meta property=\"og:site_name\" content=\"Barcelona\" \/>\n<meta property=\"article:modified_time\" content=\"2023-03-19T10:28:17+00:00\" \/>\n<meta name=\"twitter:card\" content=\"summary_large_image\" \/>\n<meta name=\"twitter:label1\" content=\"Tiempo de lectura\" \/>\n\t<meta name=\"twitter:data1\" content=\"3 minutos\" \/>\n<script type=\"application\/ld+json\" class=\"yoast-schema-graph\">{\"@context\":\"https:\\\/\\\/schema.org\",\"@graph\":[{\"@type\":\"WebPage\",\"@id\":\"https:\\\/\\\/www.fisiohogar.com\\\/barcelona\\\/fisioterapia-parkinson-alzheimer\\\/\",\"url\":\"https:\\\/\\\/www.fisiohogar.com\\\/barcelona\\\/fisioterapia-parkinson-alzheimer\\\/\",\"name\":\"Fisioterapia para enfermedades neurol\u00f3gicas - Barcelona\",\"isPartOf\":{\"@id\":\"https:\\\/\\\/www.fisiohogar.com\\\/barcelona\\\/#website\"},\"datePublished\":\"2016-03-09T10:56:12+00:00\",\"dateModified\":\"2023-03-19T10:28:17+00:00\",\"breadcrumb\":{\"@id\":\"https:\\\/\\\/www.fisiohogar.com\\\/barcelona\\\/fisioterapia-parkinson-alzheimer\\\/#breadcrumb\"},\"inLanguage\":\"es\",\"potentialAction\":[{\"@type\":\"ReadAction\",\"target\":[\"https:\\\/\\\/www.fisiohogar.com\\\/barcelona\\\/fisioterapia-parkinson-alzheimer\\\/\"]}]},{\"@type\":\"BreadcrumbList\",\"@id\":\"https:\\\/\\\/www.fisiohogar.com\\\/barcelona\\\/fisioterapia-parkinson-alzheimer\\\/#breadcrumb\",\"itemListElement\":[{\"@type\":\"ListItem\",\"position\":1,\"name\":\"Portada\",\"item\":\"https:\\\/\\\/www.fisiohogar.com\\\/barcelona\\\/\"},{\"@type\":\"ListItem\",\"position\":2,\"name\":\"Fisioterapia para enfermedades neurol\u00f3gicas\"}]},{\"@type\":\"WebSite\",\"@id\":\"https:\\\/\\\/www.fisiohogar.com\\\/barcelona\\\/#website\",\"url\":\"https:\\\/\\\/www.fisiohogar.com\\\/barcelona\\\/\",\"name\":\"Barcelona\",\"description\":\"Fisioterapia a domicilio en Barcelona\",\"potentialAction\":[{\"@type\":\"SearchAction\",\"target\":{\"@type\":\"EntryPoint\",\"urlTemplate\":\"https:\\\/\\\/www.fisiohogar.com\\\/barcelona\\\/?s={search_term_string}\"},\"query-input\":{\"@type\":\"PropertyValueSpecification\",\"valueRequired\":true,\"valueName\":\"search_term_string\"}}],\"inLanguage\":\"es\"}]}<\/script>\n<!-- \/ Yoast SEO plugin. -->","yoast_head_json":{"title":"Fisioterapia para enfermedades neurol\u00f3gicas - Barcelona","robots":{"index":"index","follow":"follow","max-snippet":"max-snippet:-1","max-image-preview":"max-image-preview:large","max-video-preview":"max-video-preview:-1"},"canonical":"https:\/\/www.fisiohogar.com\/barcelona\/fisioterapia-parkinson-alzheimer\/","og_locale":"es_ES","og_type":"article","og_title":"Fisioterapia para enfermedades neurol\u00f3gicas - Barcelona","og_description":"[vc_row][vc_column][vc_column_text]Cada d\u00eda son m\u00e1s las personas que se encuentran afectadas por enfermedades neurol\u00f3gicas. Se incrementan los casos de Parkinson, Alzheimer, esclerosis m\u00faltiple o que padecen alguna hemiplejia. Algunas de estas enfermedades se consideran cr\u00f3nicas [...]","og_url":"https:\/\/www.fisiohogar.com\/barcelona\/fisioterapia-parkinson-alzheimer\/","og_site_name":"Barcelona","article_modified_time":"2023-03-19T10:28:17+00:00","twitter_card":"summary_large_image","twitter_misc":{"Tiempo de lectura":"3 minutos"},"schema":{"@context":"https:\/\/schema.org","@graph":[{"@type":"WebPage","@id":"https:\/\/www.fisiohogar.com\/barcelona\/fisioterapia-parkinson-alzheimer\/","url":"https:\/\/www.fisiohogar.com\/barcelona\/fisioterapia-parkinson-alzheimer\/","name":"Fisioterapia para enfermedades neurol\u00f3gicas - Barcelona","isPartOf":{"@id":"https:\/\/www.fisiohogar.com\/barcelona\/#website"},"datePublished":"2016-03-09T10:56:12+00:00","dateModified":"2023-03-19T10:28:17+00:00","breadcrumb":{"@id":"https:\/\/www.fisiohogar.com\/barcelona\/fisioterapia-parkinson-alzheimer\/#breadcrumb"},"inLanguage":"es","potentialAction":[{"@type":"ReadAction","target":["https:\/\/www.fisiohogar.com\/barcelona\/fisioterapia-parkinson-alzheimer\/"]}]},{"@type":"BreadcrumbList","@id":"https:\/\/www.fisiohogar.com\/barcelona\/fisioterapia-parkinson-alzheimer\/#breadcrumb","itemListElement":[{"@type":"ListItem","position":1,"name":"Portada","item":"https:\/\/www.fisiohogar.com\/barcelona\/"},{"@type":"ListItem","position":2,"name":"Fisioterapia para enfermedades neurol\u00f3gicas"}]},{"@type":"WebSite","@id":"https:\/\/www.fisiohogar.com\/barcelona\/#website","url":"https:\/\/www.fisiohogar.com\/barcelona\/","name":"Barcelona","description":"Fisioterapia a domicilio en Barcelona","potentialAction":[{"@type":"SearchAction","target":{"@type":"EntryPoint","urlTemplate":"https:\/\/www.fisiohogar.com\/barcelona\/?s={search_term_string}"},"query-input":{"@type":"PropertyValueSpecification","valueRequired":true,"valueName":"search_term_string"}}],"inLanguage":"es"}]}},"_links":{"self":[{"href":"https:\/\/www.fisiohogar.com\/barcelona\/wp-json\/wp\/v2\/pages\/89","targetHints":{"allow":["GET"]}}],"collection":[{"href":"https:\/\/www.fisiohogar.com\/barcelona\/wp-json\/wp\/v2\/pages"}],"about":[{"href":"https:\/\/www.fisiohogar.com\/barcelona\/wp-json\/wp\/v2\/types\/page"}],"author":[{"embeddable":true,"href":"https:\/\/www.fisiohogar.com\/barcelona\/wp-json\/wp\/v2\/users\/1"}],"replies":[{"embeddable":true,"href":"https:\/\/www.fisiohogar.com\/barcelona\/wp-json\/wp\/v2\/comments?post=89"}],"version-history":[{"count":1,"href":"https:\/\/www.fisiohogar.com\/barcelona\/wp-json\/wp\/v2\/pages\/89\/revisions"}],"predecessor-version":[{"id":5360,"href":"https:\/\/www.fisiohogar.com\/barcelona\/wp-json\/wp\/v2\/pages\/89\/revisions\/5360"}],"wp:attachment":[{"href":"https:\/\/www.fisiohogar.com\/barcelona\/wp-json\/wp\/v2\/media?parent=89"}],"curies":[{"name":"wp","href":"https:\/\/api.w.org\/{rel}","templated":true}]}}