{"id":97,"date":"2016-03-09T11:00:16","date_gmt":"2016-03-09T11:00:16","guid":{"rendered":"http:\/\/www.fisiohogar.com\/barcelonasants\/?page_id=41"},"modified":"2018-03-28T15:34:12","modified_gmt":"2018-03-28T15:34:12","slug":"fisioterapia-patologies-musculars-articulars","status":"publish","type":"page","link":"https:\/\/www.fisiohogar.com\/barcelona-sants\/fisioterapia-patologies-musculars-articulars\/","title":{"rendered":"Fisioter\u00e0pia per patologies musculars i articulars"},"content":{"rendered":"<p>[vc_row][vc_column][vc_column_text]Quan els despla\u00e7aments m\u00e9s petits resulten dolorosos i fins i tot perillosos, o en alguns casos impossibles, es quan la fisioter\u00e0pia a domicili demostra la seva major utilitat.<\/p>\n<p>En pacients d\u2019edat avan\u00e7ada, o en aquells que tenen algun tipus de problema muscular i\/o articular, o qui per qualsevol tipus d\u2019accident, o lesi\u00f3 veuen la impossibilitat de sortir de casa, el m\u00e9s prudent es <strong>\u00a0que sigui el fisioterapeuta qui es desplaci al domicili del pacient<\/strong>, i en un lloc tranquil i conegut es comencin les sessions de rehabilitaci\u00f3.<\/p>\n<p>Fisiollar est\u00e0 especialitzada en la fisioter\u00e0pia a domicili, que ofereix a:<\/p>\n<ul>\n<li>Barcelona<\/li>\n<li>Hospitalet de Llobregat<\/li>\n<li>Cornell\u00e0 de Llobregat<\/li>\n<li>El Prat de Llobregat<\/li>\n<li>Esplugues de Llobregat<\/li>\n<\/ul>\n<p>[\/vc_column_text][\/vc_column][\/vc_row][vc_row][vc_column][vc_single_image image=\u00bb5006&#8243; img_size=\u00bbfull\u00bb alignment=\u00bbcenter\u00bb style=\u00bbvc_box_shadow_border\u00bb css_animation=\u00bbbounceIn\u00bb][\/vc_column][\/vc_row][vc_row][vc_column][vc_column_text]Quan estem davant de pacients que han tingut <strong>qualsevol tipus de traumatisme del que s\u2019espera una recuperaci\u00f3 total, <\/strong>intentem que\u00a0<strong>aquesta curaci\u00f3 es produeixi en el menor termini possible de temps. <\/strong><\/p>\n<p>No obstant quan parlem de pacients amb <strong>malalties cr\u00f2niques<\/strong>, i si a m\u00e9s a m\u00e9s \u00a0son gent gran, el que intentem \u00e9s que <strong>el pacient s\u2019impliqui de manera continua en la seva recuperaci\u00f3<\/strong>\u00a0que li permet conservar el m\u00e0xim temps possible la seva \u00a0<strong>autonomia<\/strong>, i al mateix temps garanteix una <strong>millor qualitat de vida.<\/strong><\/p>\n<p>En tot moment oferim consells per a una adaptaci\u00f3 m\u00e9s segura a les limitacions que imposi la situaci\u00f3\u00a0 del pacient, ja que no nom\u00e9s s\u2019ha de buscar una millora sin\u00f3 tamb\u00e9 s\u2019ha d\u2019evitar que es produeixin m\u00e9s lesions en un futur.[\/vc_column_text][\/vc_column][\/vc_row][vc_row][vc_column][vc_single_image image=\u00bb5007&#8243; img_size=\u00bbfull\u00bb alignment=\u00bbcenter\u00bb style=\u00bbvc_box_shadow_border\u00bb css_animation=\u00bbbounceIn\u00bb][\/vc_column][\/vc_row][vc_row][vc_column][vc_column_text]Cada dia, a la fisioter\u00e0pia, ens trobem amb pacients que pateixen <strong>artrosi o artritis<\/strong>, i que han vist notablement disminu\u00efda la seva mobilitat, i que a m\u00e9s sol estar acompanyada \u00a0per dolor o incapacitat per les feines m\u00e9s habituals de la vida di\u00e0ria i les de\u00a0 la seva llar.<\/p>\n<p>Tamb\u00e9 son freq\u00fcents els casos de \u00a0<strong>lumb\u00e0lgies, tendinitis, contractures<\/strong>\u2026 en les que les sessions de fisioter\u00e0pia aconsegueixen una notable millora dels s\u00edmptomes.<\/p>\n<p>Pot ser que amb una o dos sessions el pacient decideixi que ja no necessita m\u00e9s el servei, per\u00f2 hi ha certes malalties cr\u00f2niques molt avan\u00e7ades que es probable que les sessions de fisioter\u00e0pia es tinguin que repetir amb certa freq\u00fc\u00e8ncia i en un termini llarg de temps.\u00a0 En aquests casos aconsellem que es contractin abonaments de 10 sessions ja que implica un estalvi de 5 euros per sessi\u00f3.<\/p>\n<p>Als tractaments de m\u00e9s duraci\u00f3 sempre proposem exercicis als nostres pacients \u00a0per a que ells puguin realitzar-los sempre que sigui possible, de tal manera, la millora del seu estat no nom\u00e9s dependr\u00e0 de les sessions amb el fisioterapeuta.[\/vc_column_text][\/vc_column][\/vc_row]<\/p>\n","protected":false},"excerpt":{"rendered":"<p>[vc_row][vc_column][vc_column_text]Quan els despla\u00e7aments m\u00e9s petits resulten dolorosos i fins i tot perillosos, o en alguns casos impossibles, es quan la fisioter\u00e0pia a domicili demostra la seva major utilitat. En pacients d\u2019edat avan\u00e7ada, o en  [&#8230;]<\/p>\n","protected":false},"author":1,"featured_media":0,"parent":0,"menu_order":0,"comment_status":"closed","ping_status":"closed","template":"template-full.php","meta":{"_joinchat":[],"footnotes":""},"class_list":["post-97","page","type-page","status-publish","hentry"],"yoast_head":"<!-- This site is optimized with the Yoast SEO plugin v27.4 - https:\/\/yoast.com\/product\/yoast-seo-wordpress\/ -->\n<title>Fisioter\u00e0pia per patologies musculars i articulars - Barcelona fisioter\u00e0pia<\/title>\n<meta name=\"robots\" content=\"index, follow, max-snippet:-1, max-image-preview:large, max-video-preview:-1\" \/>\n<link rel=\"canonical\" href=\"https:\/\/www.fisiohogar.com\/barcelona-sants\/fisioterapia-patologies-musculars-articulars\/\" \/>\n<meta property=\"og:locale\" content=\"es_ES\" \/>\n<meta property=\"og:type\" content=\"article\" \/>\n<meta property=\"og:title\" content=\"Fisioter\u00e0pia per patologies musculars i articulars - Barcelona fisioter\u00e0pia\" \/>\n<meta property=\"og:description\" content=\"[vc_row][vc_column][vc_column_text]Quan els despla\u00e7aments m\u00e9s petits resulten dolorosos i fins i tot perillosos, o en alguns casos impossibles, es quan la fisioter\u00e0pia a domicili demostra la seva major utilitat. En pacients d\u2019edat avan\u00e7ada, o en [...]\" \/>\n<meta property=\"og:url\" content=\"https:\/\/www.fisiohogar.com\/barcelona-sants\/fisioterapia-patologies-musculars-articulars\/\" \/>\n<meta property=\"og:site_name\" content=\"Barcelona fisioter\u00e0pia\" \/>\n<meta property=\"article:modified_time\" content=\"2018-03-28T15:34:12+00:00\" \/>\n<meta name=\"twitter:card\" content=\"summary_large_image\" \/>\n<meta name=\"twitter:label1\" content=\"Tiempo de lectura\" \/>\n\t<meta name=\"twitter:data1\" content=\"3 minutos\" \/>\n<script type=\"application\/ld+json\" class=\"yoast-schema-graph\">{\"@context\":\"https:\\\/\\\/schema.org\",\"@graph\":[{\"@type\":\"WebPage\",\"@id\":\"https:\\\/\\\/www.fisiohogar.com\\\/barcelona-sants\\\/fisioterapia-patologies-musculars-articulars\\\/\",\"url\":\"https:\\\/\\\/www.fisiohogar.com\\\/barcelona-sants\\\/fisioterapia-patologies-musculars-articulars\\\/\",\"name\":\"Fisioter\u00e0pia per patologies musculars i articulars - Barcelona fisioter\u00e0pia\",\"isPartOf\":{\"@id\":\"https:\\\/\\\/www.fisiohogar.com\\\/barcelona-sants\\\/#website\"},\"datePublished\":\"2016-03-09T11:00:16+00:00\",\"dateModified\":\"2018-03-28T15:34:12+00:00\",\"breadcrumb\":{\"@id\":\"https:\\\/\\\/www.fisiohogar.com\\\/barcelona-sants\\\/fisioterapia-patologies-musculars-articulars\\\/#breadcrumb\"},\"inLanguage\":\"es\",\"potentialAction\":[{\"@type\":\"ReadAction\",\"target\":[\"https:\\\/\\\/www.fisiohogar.com\\\/barcelona-sants\\\/fisioterapia-patologies-musculars-articulars\\\/\"]}]},{\"@type\":\"BreadcrumbList\",\"@id\":\"https:\\\/\\\/www.fisiohogar.com\\\/barcelona-sants\\\/fisioterapia-patologies-musculars-articulars\\\/#breadcrumb\",\"itemListElement\":[{\"@type\":\"ListItem\",\"position\":1,\"name\":\"Portada\",\"item\":\"https:\\\/\\\/www.fisiohogar.com\\\/barcelona-sants\\\/\"},{\"@type\":\"ListItem\",\"position\":2,\"name\":\"Fisioter\u00e0pia per patologies musculars i articulars\"}]},{\"@type\":\"WebSite\",\"@id\":\"https:\\\/\\\/www.fisiohogar.com\\\/barcelona-sants\\\/#website\",\"url\":\"https:\\\/\\\/www.fisiohogar.com\\\/barcelona-sants\\\/\",\"name\":\"Barcelona fisioter\u00e0pia\",\"description\":\"Fisioter\u00e0pia a domicili a Barcelona\",\"potentialAction\":[{\"@type\":\"SearchAction\",\"target\":{\"@type\":\"EntryPoint\",\"urlTemplate\":\"https:\\\/\\\/www.fisiohogar.com\\\/barcelona-sants\\\/?s={search_term_string}\"},\"query-input\":{\"@type\":\"PropertyValueSpecification\",\"valueRequired\":true,\"valueName\":\"search_term_string\"}}],\"inLanguage\":\"es\"}]}<\/script>\n<!-- \/ Yoast SEO plugin. -->","yoast_head_json":{"title":"Fisioter\u00e0pia per patologies musculars i articulars - Barcelona fisioter\u00e0pia","robots":{"index":"index","follow":"follow","max-snippet":"max-snippet:-1","max-image-preview":"max-image-preview:large","max-video-preview":"max-video-preview:-1"},"canonical":"https:\/\/www.fisiohogar.com\/barcelona-sants\/fisioterapia-patologies-musculars-articulars\/","og_locale":"es_ES","og_type":"article","og_title":"Fisioter\u00e0pia per patologies musculars i articulars - Barcelona fisioter\u00e0pia","og_description":"[vc_row][vc_column][vc_column_text]Quan els despla\u00e7aments m\u00e9s petits resulten dolorosos i fins i tot perillosos, o en alguns casos impossibles, es quan la fisioter\u00e0pia a domicili demostra la seva major utilitat. En pacients d\u2019edat avan\u00e7ada, o en [...]","og_url":"https:\/\/www.fisiohogar.com\/barcelona-sants\/fisioterapia-patologies-musculars-articulars\/","og_site_name":"Barcelona fisioter\u00e0pia","article_modified_time":"2018-03-28T15:34:12+00:00","twitter_card":"summary_large_image","twitter_misc":{"Tiempo de lectura":"3 minutos"},"schema":{"@context":"https:\/\/schema.org","@graph":[{"@type":"WebPage","@id":"https:\/\/www.fisiohogar.com\/barcelona-sants\/fisioterapia-patologies-musculars-articulars\/","url":"https:\/\/www.fisiohogar.com\/barcelona-sants\/fisioterapia-patologies-musculars-articulars\/","name":"Fisioter\u00e0pia per patologies musculars i articulars - Barcelona fisioter\u00e0pia","isPartOf":{"@id":"https:\/\/www.fisiohogar.com\/barcelona-sants\/#website"},"datePublished":"2016-03-09T11:00:16+00:00","dateModified":"2018-03-28T15:34:12+00:00","breadcrumb":{"@id":"https:\/\/www.fisiohogar.com\/barcelona-sants\/fisioterapia-patologies-musculars-articulars\/#breadcrumb"},"inLanguage":"es","potentialAction":[{"@type":"ReadAction","target":["https:\/\/www.fisiohogar.com\/barcelona-sants\/fisioterapia-patologies-musculars-articulars\/"]}]},{"@type":"BreadcrumbList","@id":"https:\/\/www.fisiohogar.com\/barcelona-sants\/fisioterapia-patologies-musculars-articulars\/#breadcrumb","itemListElement":[{"@type":"ListItem","position":1,"name":"Portada","item":"https:\/\/www.fisiohogar.com\/barcelona-sants\/"},{"@type":"ListItem","position":2,"name":"Fisioter\u00e0pia per patologies musculars i articulars"}]},{"@type":"WebSite","@id":"https:\/\/www.fisiohogar.com\/barcelona-sants\/#website","url":"https:\/\/www.fisiohogar.com\/barcelona-sants\/","name":"Barcelona fisioter\u00e0pia","description":"Fisioter\u00e0pia a domicili a Barcelona","potentialAction":[{"@type":"SearchAction","target":{"@type":"EntryPoint","urlTemplate":"https:\/\/www.fisiohogar.com\/barcelona-sants\/?s={search_term_string}"},"query-input":{"@type":"PropertyValueSpecification","valueRequired":true,"valueName":"search_term_string"}}],"inLanguage":"es"}]}},"_links":{"self":[{"href":"https:\/\/www.fisiohogar.com\/barcelona-sants\/wp-json\/wp\/v2\/pages\/97","targetHints":{"allow":["GET"]}}],"collection":[{"href":"https:\/\/www.fisiohogar.com\/barcelona-sants\/wp-json\/wp\/v2\/pages"}],"about":[{"href":"https:\/\/www.fisiohogar.com\/barcelona-sants\/wp-json\/wp\/v2\/types\/page"}],"author":[{"embeddable":true,"href":"https:\/\/www.fisiohogar.com\/barcelona-sants\/wp-json\/wp\/v2\/users\/1"}],"replies":[{"embeddable":true,"href":"https:\/\/www.fisiohogar.com\/barcelona-sants\/wp-json\/wp\/v2\/comments?post=97"}],"version-history":[{"count":0,"href":"https:\/\/www.fisiohogar.com\/barcelona-sants\/wp-json\/wp\/v2\/pages\/97\/revisions"}],"wp:attachment":[{"href":"https:\/\/www.fisiohogar.com\/barcelona-sants\/wp-json\/wp\/v2\/media?parent=97"}],"curies":[{"name":"wp","href":"https:\/\/api.w.org\/{rel}","templated":true}]}}