{"id":96,"date":"2016-03-09T10:59:41","date_gmt":"2016-03-09T10:59:41","guid":{"rendered":"http:\/\/www.fisiohogar.com\/barcelonasants\/?page_id=39"},"modified":"2018-03-27T11:43:39","modified_gmt":"2018-03-27T11:43:39","slug":"fisioterapeutes-collegiats","status":"publish","type":"page","link":"https:\/\/www.fisiohogar.com\/barcelona-sants\/fisioterapeutes-collegiats\/","title":{"rendered":"Fisioterapeutes col\u00b7legiats"},"content":{"rendered":"<p>[vc_row][vc_column][vc_single_image image=\u00bb4995&#8243; img_size=\u00bbfull\u00bb alignment=\u00bbcenter\u00bb style=\u00bbvc_box_shadow\u00bb css_animation=\u00bbappear\u00bb][\/vc_column][\/vc_row][vc_row][vc_column width=\u00bb1\/2&#8243;][vc_custom_heading text=\u00bbSempre fisioterapeutes col\u00b7legiats\u00bb google_fonts=\u00bbfont_family:Open%20Sans%3A300%2C300italic%2Cregular%2Citalic%2C600%2C600italic%2C700%2C700italic%2C800%2C800italic|font_style:400%20regular%3A400%3Anormal\u00bb][vc_column_text]L\u00f2gicament, el que desitja qualsevol pacient es que se l\u2019atengui de manera professional, oferint-li el millor servei possible per a que la seva rehabilitaci\u00f3, o la millora del seu estat de salut sigui el m\u00e9s r\u00e0pid possible.<\/p>\n<p>Per garantir que tots els pacients que son atesos per Fisiollar rebin sempre les ter\u00e0pies que garantissin els millors resultats curem al m\u00e0xim el nivell de coneixement dels nostres fisioterapeutes,\u00a0 per aqueta ra\u00f3 si contacta amb nosaltres podr\u00e0 tenir la complerta seguretat de que \u00a0qualsevol dels nostres fisioterapeutes est\u00e0 col\u00b7legiat.<\/p>\n<p>Al col\u00b7legiar-se, el fisioterapeuta disposa d\u2019una asseguran\u00e7a de responsabilitat civil i al mateix temps ha confirmat el seu comprom\u00eds amb el codi deontol\u00f2gic de la professi\u00f3. \u00a0Tamb\u00e9 assisteix de manera peri\u00f2dica a cursos que l\u2019ajudin a mantenir actualitzats els seus coneixements.<\/p>\n<p>Saber quines noves ter\u00e0pies son les que millor estan funcionant, o con\u00e8ixer l\u2019experi\u00e8ncia d\u2019altres, o assistir a tallers de perfeccionament que ajudin a con\u00e8ixer amb m\u00e9s detall com millorar l\u2019atenci\u00f3 als pacients, es el que permet que moltes persones que confi\u00efn en Fisiollar tinguin la tranquil\u00b7litat de que es posen en mans de \u00a0<strong>professionals compromesos que els ofereixen el millor servei de fisioter\u00e0pia possible. <\/strong><\/p>\n<p>A la p\u00e0gina dedicada als <a href=\"https:\/\/www.fisiohogar.com\/barcelona\/nuestros-fisioterapeutas\/\">fisioterapeutes que\u00a0 atenen a Barcelona<\/a>\u00a0pot veure el n\u00famero de col\u00b7legiat que tenen.[\/vc_column_text][\/vc_column][vc_column width=\u00bb1\/2&#8243;][vc_custom_heading text=\u00bbPerfeccionament constant de coneixements\u00bb google_fonts=\u00bbfont_family:Open%20Sans%3A300%2C300italic%2Cregular%2Citalic%2C600%2C600italic%2C700%2C700italic%2C800%2C800italic|font_style:400%20regular%3A400%3Anormal\u00bb][vc_column_text]La fisioter\u00e0pia \u00e9s una disciplina de la salut que es troba en constant evoluci\u00f3 i actualitzaci\u00f3. Apareixen constantment noves ter\u00e0pies, es consolida lo ja apr\u00e8s i es van descartant tractaments per altres que ofereixen millors resultats.<\/p>\n<p>Amb aquest ambient tant mutable <strong>la \u00fanica cosa que es pot esperar d\u2019un fisioterapeuta comprom\u00e8s amb la seva professi\u00f3, i els seus pacients, es que estigui en constant actualitzaci\u00f3 dels seus coneixements.<\/strong><\/p>\n<p>Coneixent aquesta situaci\u00f3, a Fisiollar ens v\u00e0rem proposar oferir als nostres fisioterapeutes <strong>cursos i tallers<\/strong>\u00a0en els que, de manera peri\u00f2dica, poguessin assegurar la renovaci\u00f3 d\u2019aquests coneixements.<\/p>\n<p>D\u2019aquesta manera podem assegurar-li que qui l\u2019atengui a Fisiollar sempre li proposar\u00e0 les ter\u00e0pies que en l\u2019actualitat est\u00e0 demostrat que tenen una major efic\u00e0cia. \u00a0En aquest sentit es pot considerar que aquest punt inicial, que inclou una feina constant d\u2019estudi i aprenentatge dels nostres fisioterapeutes, \u00e9s un dels m\u00e9s importants, doncs\u00a0 d\u2019aquesta decisi\u00f3 inicial dependr\u00e0 una m\u00e9s r\u00e0pida tornada a la normalitat o evoluci\u00f3 m\u00e9s apreciable en la millora de la seva qualitat de vida.<\/p>\n<p>A Fisiollar som molt respectuosos amb el malestar de totes les persones a les que atenem, i ho fem demostrant aquest respecte tamb\u00e9 amb la nostra professi\u00f3, per que volem arribar amb les millors solucions a qui tant espera de nosaltres.[\/vc_column_text][\/vc_column][\/vc_row][vc_row][vc_column][vc_custom_heading text=\u00bbContacti ara amb els nostres fisioterapeutes\u00bb google_fonts=\u00bbfont_family:Open%20Sans%3A300%2C300italic%2Cregular%2Citalic%2C600%2C600italic%2C700%2C700italic%2C800%2C800italic|font_style:400%20regular%3A400%3Anormal\u00bb][vc_column_text]No esperis m\u00e9s i contacta ara amb nosaltres.<\/p>\n<p>Pots trucar-nos per tel\u00e8fon, o enviar un formulari de contacte. En tots dos casos arribarem a un acord per a quedar un dia i hora espec\u00edfic per despla\u00e7ar-nos a la seva llar<\/p>\n<p>A la primera sessi\u00f3 de fisioter\u00e0pia a Barcelona et volem descomptar, com a oferta de benvinguda, 5 euros.<\/p>\n<p>Coneix ara \u00a0<strong>el millor servei de fisioter\u00e0pia a Barcelona<\/strong>, i a m\u00e9s a m\u00e9s sense haver de sortir de casa.[\/vc_column_text][\/vc_column][\/vc_row]<\/p>\n","protected":false},"excerpt":{"rendered":"<p>[vc_row][vc_column][vc_single_image image=\u00bb4995&#8243; img_size=\u00bbfull\u00bb alignment=\u00bbcenter\u00bb style=\u00bbvc_box_shadow\u00bb css_animation=\u00bbappear\u00bb][\/vc_column][\/vc_row][vc_row][vc_column width=\u00bb1\/2&#8243;][vc_custom_heading text=\u00bbSempre fisioterapeutes col\u00b7legiats\u00bb google_fonts=\u00bbfont_family:Open%20Sans%3A300%2C300italic%2Cregular%2Citalic%2C600%2C600italic%2C700%2C700italic%2C800%2C800italic|font_style:400%20regular%3A400%3Anormal\u00bb][vc_column_text]L\u00f2gicament, el que desitja qualsevol pacient es que se l\u2019atengui de manera professional, oferint-li el millor servei possible per a que la seva rehabilitaci\u00f3,  [&#8230;]<\/p>\n","protected":false},"author":1,"featured_media":0,"parent":0,"menu_order":0,"comment_status":"closed","ping_status":"closed","template":"template-full.php","meta":{"_joinchat":[],"footnotes":""},"class_list":["post-96","page","type-page","status-publish","hentry"],"yoast_head":"<!-- This site is optimized with the Yoast SEO plugin v27.5 - https:\/\/yoast.com\/product\/yoast-seo-wordpress\/ -->\n<title>Fisioterapeutes col\u00b7legiats - Barcelona fisioter\u00e0pia<\/title>\n<meta name=\"robots\" content=\"index, follow, max-snippet:-1, max-image-preview:large, max-video-preview:-1\" \/>\n<link rel=\"canonical\" href=\"https:\/\/www.fisiohogar.com\/barcelona-sants\/fisioterapeutes-collegiats\/\" \/>\n<meta property=\"og:locale\" content=\"es_ES\" \/>\n<meta property=\"og:type\" content=\"article\" \/>\n<meta property=\"og:title\" content=\"Fisioterapeutes col\u00b7legiats - Barcelona fisioter\u00e0pia\" \/>\n<meta property=\"og:description\" content=\"[vc_row][vc_column][vc_single_image image=\u00bb4995&#8243; img_size=\u00bbfull\u00bb alignment=\u00bbcenter\u00bb style=\u00bbvc_box_shadow\u00bb css_animation=\u00bbappear\u00bb][\/vc_column][\/vc_row][vc_row][vc_column width=\u00bb1\/2&#8243;][vc_custom_heading text=\u00bbSempre fisioterapeutes col\u00b7legiats\u00bb google_fonts=\u00bbfont_family:Open%20Sans%3A300%2C300italic%2Cregular%2Citalic%2C600%2C600italic%2C700%2C700italic%2C800%2C800italic|font_style:400%20regular%3A400%3Anormal\u00bb][vc_column_text]L\u00f2gicament, el que desitja qualsevol pacient es que se l\u2019atengui de manera professional, oferint-li el millor servei possible per a que la seva rehabilitaci\u00f3, [...]\" \/>\n<meta property=\"og:url\" content=\"https:\/\/www.fisiohogar.com\/barcelona-sants\/fisioterapeutes-collegiats\/\" \/>\n<meta property=\"og:site_name\" content=\"Barcelona fisioter\u00e0pia\" \/>\n<meta property=\"article:modified_time\" content=\"2018-03-27T11:43:39+00:00\" \/>\n<meta name=\"twitter:card\" content=\"summary_large_image\" \/>\n<meta name=\"twitter:label1\" content=\"Tiempo de lectura\" \/>\n\t<meta name=\"twitter:data1\" content=\"4 minutos\" \/>\n<script type=\"application\/ld+json\" class=\"yoast-schema-graph\">{\"@context\":\"https:\\\/\\\/schema.org\",\"@graph\":[{\"@type\":\"WebPage\",\"@id\":\"https:\\\/\\\/www.fisiohogar.com\\\/barcelona-sants\\\/fisioterapeutes-collegiats\\\/\",\"url\":\"https:\\\/\\\/www.fisiohogar.com\\\/barcelona-sants\\\/fisioterapeutes-collegiats\\\/\",\"name\":\"Fisioterapeutes col\u00b7legiats - Barcelona fisioter\u00e0pia\",\"isPartOf\":{\"@id\":\"https:\\\/\\\/www.fisiohogar.com\\\/barcelona-sants\\\/#website\"},\"datePublished\":\"2016-03-09T10:59:41+00:00\",\"dateModified\":\"2018-03-27T11:43:39+00:00\",\"breadcrumb\":{\"@id\":\"https:\\\/\\\/www.fisiohogar.com\\\/barcelona-sants\\\/fisioterapeutes-collegiats\\\/#breadcrumb\"},\"inLanguage\":\"es\",\"potentialAction\":[{\"@type\":\"ReadAction\",\"target\":[\"https:\\\/\\\/www.fisiohogar.com\\\/barcelona-sants\\\/fisioterapeutes-collegiats\\\/\"]}]},{\"@type\":\"BreadcrumbList\",\"@id\":\"https:\\\/\\\/www.fisiohogar.com\\\/barcelona-sants\\\/fisioterapeutes-collegiats\\\/#breadcrumb\",\"itemListElement\":[{\"@type\":\"ListItem\",\"position\":1,\"name\":\"Portada\",\"item\":\"https:\\\/\\\/www.fisiohogar.com\\\/barcelona-sants\\\/\"},{\"@type\":\"ListItem\",\"position\":2,\"name\":\"Fisioterapeutes col\u00b7legiats\"}]},{\"@type\":\"WebSite\",\"@id\":\"https:\\\/\\\/www.fisiohogar.com\\\/barcelona-sants\\\/#website\",\"url\":\"https:\\\/\\\/www.fisiohogar.com\\\/barcelona-sants\\\/\",\"name\":\"Barcelona fisioter\u00e0pia\",\"description\":\"Fisioter\u00e0pia a domicili a Barcelona\",\"potentialAction\":[{\"@type\":\"SearchAction\",\"target\":{\"@type\":\"EntryPoint\",\"urlTemplate\":\"https:\\\/\\\/www.fisiohogar.com\\\/barcelona-sants\\\/?s={search_term_string}\"},\"query-input\":{\"@type\":\"PropertyValueSpecification\",\"valueRequired\":true,\"valueName\":\"search_term_string\"}}],\"inLanguage\":\"es\"}]}<\/script>\n<!-- \/ Yoast SEO plugin. -->","yoast_head_json":{"title":"Fisioterapeutes col\u00b7legiats - Barcelona fisioter\u00e0pia","robots":{"index":"index","follow":"follow","max-snippet":"max-snippet:-1","max-image-preview":"max-image-preview:large","max-video-preview":"max-video-preview:-1"},"canonical":"https:\/\/www.fisiohogar.com\/barcelona-sants\/fisioterapeutes-collegiats\/","og_locale":"es_ES","og_type":"article","og_title":"Fisioterapeutes col\u00b7legiats - Barcelona fisioter\u00e0pia","og_description":"[vc_row][vc_column][vc_single_image image=\u00bb4995&#8243; img_size=\u00bbfull\u00bb alignment=\u00bbcenter\u00bb style=\u00bbvc_box_shadow\u00bb css_animation=\u00bbappear\u00bb][\/vc_column][\/vc_row][vc_row][vc_column width=\u00bb1\/2&#8243;][vc_custom_heading text=\u00bbSempre fisioterapeutes col\u00b7legiats\u00bb google_fonts=\u00bbfont_family:Open%20Sans%3A300%2C300italic%2Cregular%2Citalic%2C600%2C600italic%2C700%2C700italic%2C800%2C800italic|font_style:400%20regular%3A400%3Anormal\u00bb][vc_column_text]L\u00f2gicament, el que desitja qualsevol pacient es que se l\u2019atengui de manera professional, oferint-li el millor servei possible per a que la seva rehabilitaci\u00f3, [...]","og_url":"https:\/\/www.fisiohogar.com\/barcelona-sants\/fisioterapeutes-collegiats\/","og_site_name":"Barcelona fisioter\u00e0pia","article_modified_time":"2018-03-27T11:43:39+00:00","twitter_card":"summary_large_image","twitter_misc":{"Tiempo de lectura":"4 minutos"},"schema":{"@context":"https:\/\/schema.org","@graph":[{"@type":"WebPage","@id":"https:\/\/www.fisiohogar.com\/barcelona-sants\/fisioterapeutes-collegiats\/","url":"https:\/\/www.fisiohogar.com\/barcelona-sants\/fisioterapeutes-collegiats\/","name":"Fisioterapeutes col\u00b7legiats - Barcelona fisioter\u00e0pia","isPartOf":{"@id":"https:\/\/www.fisiohogar.com\/barcelona-sants\/#website"},"datePublished":"2016-03-09T10:59:41+00:00","dateModified":"2018-03-27T11:43:39+00:00","breadcrumb":{"@id":"https:\/\/www.fisiohogar.com\/barcelona-sants\/fisioterapeutes-collegiats\/#breadcrumb"},"inLanguage":"es","potentialAction":[{"@type":"ReadAction","target":["https:\/\/www.fisiohogar.com\/barcelona-sants\/fisioterapeutes-collegiats\/"]}]},{"@type":"BreadcrumbList","@id":"https:\/\/www.fisiohogar.com\/barcelona-sants\/fisioterapeutes-collegiats\/#breadcrumb","itemListElement":[{"@type":"ListItem","position":1,"name":"Portada","item":"https:\/\/www.fisiohogar.com\/barcelona-sants\/"},{"@type":"ListItem","position":2,"name":"Fisioterapeutes col\u00b7legiats"}]},{"@type":"WebSite","@id":"https:\/\/www.fisiohogar.com\/barcelona-sants\/#website","url":"https:\/\/www.fisiohogar.com\/barcelona-sants\/","name":"Barcelona fisioter\u00e0pia","description":"Fisioter\u00e0pia a domicili a Barcelona","potentialAction":[{"@type":"SearchAction","target":{"@type":"EntryPoint","urlTemplate":"https:\/\/www.fisiohogar.com\/barcelona-sants\/?s={search_term_string}"},"query-input":{"@type":"PropertyValueSpecification","valueRequired":true,"valueName":"search_term_string"}}],"inLanguage":"es"}]}},"_links":{"self":[{"href":"https:\/\/www.fisiohogar.com\/barcelona-sants\/wp-json\/wp\/v2\/pages\/96","targetHints":{"allow":["GET"]}}],"collection":[{"href":"https:\/\/www.fisiohogar.com\/barcelona-sants\/wp-json\/wp\/v2\/pages"}],"about":[{"href":"https:\/\/www.fisiohogar.com\/barcelona-sants\/wp-json\/wp\/v2\/types\/page"}],"author":[{"embeddable":true,"href":"https:\/\/www.fisiohogar.com\/barcelona-sants\/wp-json\/wp\/v2\/users\/1"}],"replies":[{"embeddable":true,"href":"https:\/\/www.fisiohogar.com\/barcelona-sants\/wp-json\/wp\/v2\/comments?post=96"}],"version-history":[{"count":0,"href":"https:\/\/www.fisiohogar.com\/barcelona-sants\/wp-json\/wp\/v2\/pages\/96\/revisions"}],"wp:attachment":[{"href":"https:\/\/www.fisiohogar.com\/barcelona-sants\/wp-json\/wp\/v2\/media?parent=96"}],"curies":[{"name":"wp","href":"https:\/\/api.w.org\/{rel}","templated":true}]}}