{"id":92,"date":"2016-03-09T10:58:01","date_gmt":"2016-03-09T10:58:01","guid":{"rendered":"http:\/\/www.fisiohogar.com\/barcelonasants\/?page_id=29"},"modified":"2018-03-28T15:43:35","modified_gmt":"2018-03-28T15:43:35","slug":"fisioterapia-malalties-respiratories","status":"publish","type":"page","link":"https:\/\/www.fisiohogar.com\/barcelona-sants\/fisioterapia-malalties-respiratories\/","title":{"rendered":"Fisioter\u00e0pia per malalties respirat\u00f2ries"},"content":{"rendered":"<p>[vc_row][vc_column css_animation=\u00bbzoomInLeft\u00bb width=\u00bb1\/2&#8243;][vc_custom_heading text=\u00bbMalalties respirat\u00f2ries\u00bb google_fonts=\u00bbfont_family:Open%20Sans%3A300%2C300italic%2Cregular%2Citalic%2C600%2C600italic%2C700%2C700italic%2C800%2C800italic|font_style:400%20regular%3A400%3Anormal\u00bb][vc_column_text]A fisioter\u00e0pia oferim tractament personalitzat per diferents tipus de \u00a0<strong>malalties que afecten a la funci\u00f3 respirat\u00f2ria. <\/strong><\/p>\n<ul>\n<li>Asma<\/li>\n<li>Fibrosis qu\u00edstica<\/li>\n<li>Abscessos pulmonars<\/li>\n<li>Pneum\u00f2nia<\/li>\n<li>EPOC<\/li>\n<li>Diferents malalties neuromusculars<\/li>\n<\/ul>\n<p>Per evitar els esfor\u00e7os que suposen els despla\u00e7aments a una cl\u00ednica, o incl\u00f2s la contaminaci\u00f3 de l\u2019ambient, \u00e9s especialment indicada la fisioter\u00e0pia a domicili.<\/p>\n<p>Son els nostres fisioterapeutes qui es desplacen a la seva llar.[\/vc_column_text][\/vc_column][vc_column css_animation=\u00bbzoomInDown\u00bb width=\u00bb1\/2&#8243;][vc_custom_heading text=\u00bbT\u00e8cniques per la fisioter\u00e0pia respirat\u00f2ria \u00bb google_fonts=\u00bbfont_family:Open%20Sans%3A300%2C300italic%2Cregular%2Citalic%2C600%2C600italic%2C700%2C700italic%2C800%2C800italic|font_style:400%20regular%3A400%3Anormal\u00bb][vc_column_text]Quan atenem a un pacient afectat per alguna patologia respirat\u00f2ria apliquem t\u00e8cniques com el\u00a0 <strong>drenatge postural, el control de la respiraci\u00f3 diafragm\u00e0tica, la tos provocada o li proposem la realitzaci\u00f3 d\u2019exercicis que aconsegueixin una expansi\u00f3 tor\u00e0cica. Incl\u00f2s en casos a on es molt m\u00e9s complicat la col\u00b7laboraci\u00f3 del pacient, per exemple, en el cas de nadons que tenen les seves vies respirat\u00f2ries amb una gran quantitat de mucositat<\/strong>, tenim la pr\u00e0ctica i els coneixements necessaris per aconseguir un alleujament immediat.<\/p>\n<p>A Fisiollar contem amb fisioterapeutes que coneixen perfectament la seva professi\u00f3 i que sempre li recomanaran all\u00f2 que millors resultats li donar\u00e0 en el seu cas, o que actuaran de la manera m\u00e9s diligent i efica\u00e7.<\/p>\n<p>Al arribar al domicili del pacient ens interessarem pel diagn\u00f2stic m\u00e8dic i avaluar\u00edem la seva situaci\u00f3.[\/vc_column_text][\/vc_column][\/vc_row][vc_row][vc_column][vc_single_image image=\u00bb5004&#8243; img_size=\u00bbfull\u00bb alignment=\u00bbcenter\u00bb style=\u00bbvc_box_shadow_border\u00bb css_animation=\u00bbappear\u00bb][\/vc_column][\/vc_row][vc_row][vc_column css_animation=\u00bbzoomInUp\u00bb width=\u00bb1\/2&#8243;][vc_custom_heading text=\u00bbUna clara millora de la funci\u00f3 respirat\u00f2ria\u00bb google_fonts=\u00bbfont_family:Open%20Sans%3A300%2C300italic%2Cregular%2Citalic%2C600%2C600italic%2C700%2C700italic%2C800%2C800italic|font_style:400%20regular%3A400%3Anormal\u00bb][vc_column_text]L\u2019objectiu sempre es el mateix amb independ\u00e8ncia de la patologia de cada pacient. Busquem que es millori la funci\u00f3 respirat\u00f2ria i que s\u2019aconsegueixi un millor control sobre aquesta funci\u00f3 en el per\u00edodes de crisi. Que sigui el propi pacient qui comenci a ser conscient de que pot tenir un major control de la seva malaltia reduint els s\u00edmptomes.<\/p>\n<p>Mitjan\u00e7ant l\u2019eliminaci\u00f3 de les secrecions traqueobronquials que obstaculitzen la normal respiraci\u00f3 per a que sigui complerta i profunda, o mitjan\u00e7ant l\u2019expansi\u00f3 tor\u00e0cica, el que aconseguim es que l\u2019alleujament sigui real i el pacient pugui estar m\u00e9s relaxat.<\/p>\n<p>Al millorar la funci\u00f3 respirat\u00f2ria s\u2019aconsegueix una major implicaci\u00f3 a la realitzaci\u00f3 d\u2019exercicis doncs millora la qualitat de vida.[\/vc_column_text][\/vc_column][vc_column css_animation=\u00bbzoomInRight\u00bb width=\u00bb1\/2&#8243;][vc_custom_heading text=\u00bbFisioter\u00e0pia respirat\u00f2ria a domicili a Barcelona\u00bb google_fonts=\u00bbfont_family:Open%20Sans%3A300%2C300italic%2Cregular%2Citalic%2C600%2C600italic%2C700%2C700italic%2C800%2C800italic|font_style:400%20regular%3A400%3Anormal\u00bb][vc_column_text]<strong>A\u00a0 Fisiollar portem les solucions al seu domicili <\/strong><\/p>\n<p>Som nosaltres qui ens desplacem, amb tot el material necessari, a la hora acordada amb els nostres pacients.<\/p>\n<p>El nostre servei a domicili a Barcelona no t\u00e9 cap cost addicional, amb independ\u00e8ncia del barri a on visqui.<\/p>\n<p>A les zones del nostre servei tamb\u00e9 s\u2019inclouen l\u2019Hospitalet de Llobregat, Cornell\u00e0 de Llobregat, El Prat de Llobregat i Esplugues de Llobregat.<\/p>\n<p>No esperi m\u00e9s. Contacti ara amb Fisiollar i tindr\u00e0 a la seva disposici\u00f3 un fisioterapeuta que l\u2019atendr\u00e0 a la seva llar.[\/vc_column_text][\/vc_column][\/vc_row]<\/p>\n","protected":false},"excerpt":{"rendered":"<p>[vc_row][vc_column css_animation=\u00bbzoomInLeft\u00bb width=\u00bb1\/2&#8243;][vc_custom_heading text=\u00bbMalalties respirat\u00f2ries\u00bb google_fonts=\u00bbfont_family:Open%20Sans%3A300%2C300italic%2Cregular%2Citalic%2C600%2C600italic%2C700%2C700italic%2C800%2C800italic|font_style:400%20regular%3A400%3Anormal\u00bb][vc_column_text]A fisioter\u00e0pia oferim tractament personalitzat per diferents tipus de \u00a0malalties que afecten a la funci\u00f3 respirat\u00f2ria. Asma Fibrosis qu\u00edstica Abscessos pulmonars Pneum\u00f2nia EPOC Diferents malalties neuromusculars Per evitar els  [&#8230;]<\/p>\n","protected":false},"author":1,"featured_media":0,"parent":0,"menu_order":0,"comment_status":"closed","ping_status":"closed","template":"template-full.php","meta":{"_joinchat":[],"footnotes":""},"class_list":["post-92","page","type-page","status-publish","hentry"],"yoast_head":"<!-- This site is optimized with the Yoast SEO plugin v27.4 - https:\/\/yoast.com\/product\/yoast-seo-wordpress\/ -->\n<title>Fisioter\u00e0pia per malalties respirat\u00f2ries - Barcelona fisioter\u00e0pia<\/title>\n<meta name=\"robots\" content=\"index, follow, max-snippet:-1, max-image-preview:large, max-video-preview:-1\" \/>\n<link rel=\"canonical\" href=\"https:\/\/www.fisiohogar.com\/barcelona-sants\/fisioterapia-malalties-respiratories\/\" \/>\n<meta property=\"og:locale\" content=\"es_ES\" \/>\n<meta property=\"og:type\" content=\"article\" \/>\n<meta property=\"og:title\" content=\"Fisioter\u00e0pia per malalties respirat\u00f2ries - Barcelona fisioter\u00e0pia\" \/>\n<meta property=\"og:description\" content=\"[vc_row][vc_column css_animation=\u00bbzoomInLeft\u00bb width=\u00bb1\/2&#8243;][vc_custom_heading text=\u00bbMalalties respirat\u00f2ries\u00bb google_fonts=\u00bbfont_family:Open%20Sans%3A300%2C300italic%2Cregular%2Citalic%2C600%2C600italic%2C700%2C700italic%2C800%2C800italic|font_style:400%20regular%3A400%3Anormal\u00bb][vc_column_text]A fisioter\u00e0pia oferim tractament personalitzat per diferents tipus de \u00a0malalties que afecten a la funci\u00f3 respirat\u00f2ria. Asma Fibrosis qu\u00edstica Abscessos pulmonars Pneum\u00f2nia EPOC Diferents malalties neuromusculars Per evitar els [...]\" \/>\n<meta property=\"og:url\" content=\"https:\/\/www.fisiohogar.com\/barcelona-sants\/fisioterapia-malalties-respiratories\/\" \/>\n<meta property=\"og:site_name\" content=\"Barcelona fisioter\u00e0pia\" \/>\n<meta property=\"article:modified_time\" content=\"2018-03-28T15:43:35+00:00\" \/>\n<meta name=\"twitter:card\" content=\"summary_large_image\" \/>\n<meta name=\"twitter:label1\" content=\"Tiempo de lectura\" \/>\n\t<meta name=\"twitter:data1\" content=\"3 minutos\" \/>\n<script type=\"application\/ld+json\" class=\"yoast-schema-graph\">{\"@context\":\"https:\\\/\\\/schema.org\",\"@graph\":[{\"@type\":\"WebPage\",\"@id\":\"https:\\\/\\\/www.fisiohogar.com\\\/barcelona-sants\\\/fisioterapia-malalties-respiratories\\\/\",\"url\":\"https:\\\/\\\/www.fisiohogar.com\\\/barcelona-sants\\\/fisioterapia-malalties-respiratories\\\/\",\"name\":\"Fisioter\u00e0pia per malalties respirat\u00f2ries - Barcelona fisioter\u00e0pia\",\"isPartOf\":{\"@id\":\"https:\\\/\\\/www.fisiohogar.com\\\/barcelona-sants\\\/#website\"},\"datePublished\":\"2016-03-09T10:58:01+00:00\",\"dateModified\":\"2018-03-28T15:43:35+00:00\",\"breadcrumb\":{\"@id\":\"https:\\\/\\\/www.fisiohogar.com\\\/barcelona-sants\\\/fisioterapia-malalties-respiratories\\\/#breadcrumb\"},\"inLanguage\":\"es\",\"potentialAction\":[{\"@type\":\"ReadAction\",\"target\":[\"https:\\\/\\\/www.fisiohogar.com\\\/barcelona-sants\\\/fisioterapia-malalties-respiratories\\\/\"]}]},{\"@type\":\"BreadcrumbList\",\"@id\":\"https:\\\/\\\/www.fisiohogar.com\\\/barcelona-sants\\\/fisioterapia-malalties-respiratories\\\/#breadcrumb\",\"itemListElement\":[{\"@type\":\"ListItem\",\"position\":1,\"name\":\"Portada\",\"item\":\"https:\\\/\\\/www.fisiohogar.com\\\/barcelona-sants\\\/\"},{\"@type\":\"ListItem\",\"position\":2,\"name\":\"Fisioter\u00e0pia per malalties respirat\u00f2ries\"}]},{\"@type\":\"WebSite\",\"@id\":\"https:\\\/\\\/www.fisiohogar.com\\\/barcelona-sants\\\/#website\",\"url\":\"https:\\\/\\\/www.fisiohogar.com\\\/barcelona-sants\\\/\",\"name\":\"Barcelona fisioter\u00e0pia\",\"description\":\"Fisioter\u00e0pia a domicili a Barcelona\",\"potentialAction\":[{\"@type\":\"SearchAction\",\"target\":{\"@type\":\"EntryPoint\",\"urlTemplate\":\"https:\\\/\\\/www.fisiohogar.com\\\/barcelona-sants\\\/?s={search_term_string}\"},\"query-input\":{\"@type\":\"PropertyValueSpecification\",\"valueRequired\":true,\"valueName\":\"search_term_string\"}}],\"inLanguage\":\"es\"}]}<\/script>\n<!-- \/ Yoast SEO plugin. -->","yoast_head_json":{"title":"Fisioter\u00e0pia per malalties respirat\u00f2ries - Barcelona fisioter\u00e0pia","robots":{"index":"index","follow":"follow","max-snippet":"max-snippet:-1","max-image-preview":"max-image-preview:large","max-video-preview":"max-video-preview:-1"},"canonical":"https:\/\/www.fisiohogar.com\/barcelona-sants\/fisioterapia-malalties-respiratories\/","og_locale":"es_ES","og_type":"article","og_title":"Fisioter\u00e0pia per malalties respirat\u00f2ries - Barcelona fisioter\u00e0pia","og_description":"[vc_row][vc_column css_animation=\u00bbzoomInLeft\u00bb width=\u00bb1\/2&#8243;][vc_custom_heading text=\u00bbMalalties respirat\u00f2ries\u00bb google_fonts=\u00bbfont_family:Open%20Sans%3A300%2C300italic%2Cregular%2Citalic%2C600%2C600italic%2C700%2C700italic%2C800%2C800italic|font_style:400%20regular%3A400%3Anormal\u00bb][vc_column_text]A fisioter\u00e0pia oferim tractament personalitzat per diferents tipus de \u00a0malalties que afecten a la funci\u00f3 respirat\u00f2ria. Asma Fibrosis qu\u00edstica Abscessos pulmonars Pneum\u00f2nia EPOC Diferents malalties neuromusculars Per evitar els [...]","og_url":"https:\/\/www.fisiohogar.com\/barcelona-sants\/fisioterapia-malalties-respiratories\/","og_site_name":"Barcelona fisioter\u00e0pia","article_modified_time":"2018-03-28T15:43:35+00:00","twitter_card":"summary_large_image","twitter_misc":{"Tiempo de lectura":"3 minutos"},"schema":{"@context":"https:\/\/schema.org","@graph":[{"@type":"WebPage","@id":"https:\/\/www.fisiohogar.com\/barcelona-sants\/fisioterapia-malalties-respiratories\/","url":"https:\/\/www.fisiohogar.com\/barcelona-sants\/fisioterapia-malalties-respiratories\/","name":"Fisioter\u00e0pia per malalties respirat\u00f2ries - Barcelona fisioter\u00e0pia","isPartOf":{"@id":"https:\/\/www.fisiohogar.com\/barcelona-sants\/#website"},"datePublished":"2016-03-09T10:58:01+00:00","dateModified":"2018-03-28T15:43:35+00:00","breadcrumb":{"@id":"https:\/\/www.fisiohogar.com\/barcelona-sants\/fisioterapia-malalties-respiratories\/#breadcrumb"},"inLanguage":"es","potentialAction":[{"@type":"ReadAction","target":["https:\/\/www.fisiohogar.com\/barcelona-sants\/fisioterapia-malalties-respiratories\/"]}]},{"@type":"BreadcrumbList","@id":"https:\/\/www.fisiohogar.com\/barcelona-sants\/fisioterapia-malalties-respiratories\/#breadcrumb","itemListElement":[{"@type":"ListItem","position":1,"name":"Portada","item":"https:\/\/www.fisiohogar.com\/barcelona-sants\/"},{"@type":"ListItem","position":2,"name":"Fisioter\u00e0pia per malalties respirat\u00f2ries"}]},{"@type":"WebSite","@id":"https:\/\/www.fisiohogar.com\/barcelona-sants\/#website","url":"https:\/\/www.fisiohogar.com\/barcelona-sants\/","name":"Barcelona fisioter\u00e0pia","description":"Fisioter\u00e0pia a domicili a Barcelona","potentialAction":[{"@type":"SearchAction","target":{"@type":"EntryPoint","urlTemplate":"https:\/\/www.fisiohogar.com\/barcelona-sants\/?s={search_term_string}"},"query-input":{"@type":"PropertyValueSpecification","valueRequired":true,"valueName":"search_term_string"}}],"inLanguage":"es"}]}},"_links":{"self":[{"href":"https:\/\/www.fisiohogar.com\/barcelona-sants\/wp-json\/wp\/v2\/pages\/92","targetHints":{"allow":["GET"]}}],"collection":[{"href":"https:\/\/www.fisiohogar.com\/barcelona-sants\/wp-json\/wp\/v2\/pages"}],"about":[{"href":"https:\/\/www.fisiohogar.com\/barcelona-sants\/wp-json\/wp\/v2\/types\/page"}],"author":[{"embeddable":true,"href":"https:\/\/www.fisiohogar.com\/barcelona-sants\/wp-json\/wp\/v2\/users\/1"}],"replies":[{"embeddable":true,"href":"https:\/\/www.fisiohogar.com\/barcelona-sants\/wp-json\/wp\/v2\/comments?post=92"}],"version-history":[{"count":0,"href":"https:\/\/www.fisiohogar.com\/barcelona-sants\/wp-json\/wp\/v2\/pages\/92\/revisions"}],"wp:attachment":[{"href":"https:\/\/www.fisiohogar.com\/barcelona-sants\/wp-json\/wp\/v2\/media?parent=92"}],"curies":[{"name":"wp","href":"https:\/\/api.w.org\/{rel}","templated":true}]}}