{"id":91,"date":"2016-03-09T10:57:06","date_gmt":"2016-03-09T10:57:06","guid":{"rendered":"http:\/\/www.fisiohogar.com\/barcelonasants\/?page_id=27"},"modified":"2018-03-27T11:38:04","modified_gmt":"2018-03-27T11:38:04","slug":"fisioterapia-empreses-barcelona","status":"publish","type":"page","link":"https:\/\/www.fisiohogar.com\/barcelona-sants\/fisioterapia-empreses-barcelona\/","title":{"rendered":"La Fisioter\u00e0pia a empreses de Barcelona"},"content":{"rendered":"<p>[vc_row][vc_column][vc_column_text]La\u00a0<strong>fisioter\u00e0pia per empreses \u00e9s cada dia m\u00e9s sol\u00b7licitada i millor valorada per qui han decidit rec\u00f3rrer a aquest servei<\/strong>, del que no nom\u00e9s se\u2019n beneficien els treballadors ja que la mateixa empresa descobrir\u00e0 com millora l\u2019ambient laboral, millora la opini\u00f3 dels treballadors cap a l\u2019empresa i al mateix temps es redueixen les baixes laborals.<\/p>\n<p>Efectivament, la fisioter\u00e0pia aconsegueix que, d\u2019una manera indirecta, les empreses funcionin millor.<\/p>\n<p><strong>Els nostres fisioterapeutes estudiaran els diferents processos de treball mec\u00e0nic, que a vegades son els causants per la seva mala planificaci\u00f3 de sobrec\u00e0rregues o lesions, i proposaran modificacions amb la intenci\u00f3 de reduir riscos, sobreesfor\u00e7os i tensions, facilitant i millorant la realitzaci\u00f3 de les diferents tasques. <\/strong>.<\/p>\n<p>Aquests canvis, pel mateix fet de plantejar-los, son els que despertaran als treballadors una millor afinitat cap a l\u2019empresa, doncs demostra una preocupaci\u00f3 activa en conservar i millorar la salut d\u2019aquestes persones.<\/p>\n<p>Al mateix temps, per aquells treballadors que pateixin algun problema muscular o que requereixin, en qualsevol sentit, l\u2019ajuda de la fisioter\u00e0pia, plantegem sessions que es poden rebre en les pr\u00f2pies instal\u00b7lacions de l\u2019empresa, o b\u00e9 a casa del treballador.<\/p>\n<p>D\u2019aquesta manera aconseguim un canvi en les empreses per les que treballem, doncs l\u2019estat f\u00edsic, i tamb\u00e9 l\u2019an\u00edmic, dels treballadors millora incrementant-se al mateix temps la productivitat i reduint-se les baixes laborals.[\/vc_column_text][\/vc_column][\/vc_row][vc_row][vc_column width=\u00bb1\/3&#8243;][vc_single_image image=\u00bb4958&#8243; img_size=\u00bbfull\u00bb][\/vc_column][vc_column width=\u00bb1\/3&#8243;][vc_single_image image=\u00bb4959&#8243; img_size=\u00bbfull\u00bb][\/vc_column][vc_column width=\u00bb1\/3&#8243;][vc_single_image image=\u00bb4961&#8243; img_size=\u00bbfull\u00bb][\/vc_column][\/vc_row][vc_row][vc_column css_animation=\u00bbbounceInRight\u00bb][vc_custom_heading text=\u00bbEducaci\u00f3 mitjan\u00e7ant cursos i tallers dirigits per reduir riscos laborals\u00bb google_fonts=\u00bbfont_family:Open%20Sans%3A300%2C300italic%2Cregular%2Citalic%2C600%2C600italic%2C700%2C700italic%2C800%2C800italic|font_style:400%20regular%3A400%3Anormal\u00bb][vc_column_text]Quan iniciem un proc\u00e9s de transformaci\u00f3 de les tasques del treball que es realitzen a cada empresa es aconsellable acompanyar aquesta modificaci\u00f3 amb una tasca d\u2019educaci\u00f3\u00a0 dels treballadors per a que modifiquin de manera m\u00e9s efica\u00e7 aquelles costums que tenien.<\/p>\n<p>Sobretot busquem que puguin completar les seves tasques reduint la fatiga i la tensi\u00f3 muscular, i aix\u00f2 far\u00e0 que les jornades laborals acabin amb un n\u00famero menor d\u2019incid\u00e8ncies, lesions i llavors, amb menys baixes laborals.<\/p>\n<p>Per la realitzaci\u00f3 de l\u2019estudi dels processos de treball ens desplacem a les empreses i rere l\u2019an\u00e0lisi de les tasques de cada treballador, proposem les millores.[\/vc_column_text][\/vc_column][\/vc_row][vc_row][vc_column][vc_single_image image=\u00bb5085&#8243; img_size=\u00bbfull\u00bb][\/vc_column][\/vc_row][vc_row][vc_column css_animation=\u00bbbounceInRight\u00bb][vc_custom_heading text=\u00bbFisioter\u00e0pia per empreses i per als seus treballadors\u00bb google_fonts=\u00bbfont_family:Open%20Sans%3A300%2C300italic%2Cregular%2Citalic%2C600%2C600italic%2C700%2C700italic%2C800%2C800italic|font_style:400%20regular%3A400%3Anormal\u00bb][vc_column_text]Cada empresa \u00e9s diferent. Ho son les seves instal\u00b7lacions o les funcions que han de fer els treballadors. \u00c9s per aix\u00f2, que per poder <strong>oferir-li un servei ben adient a les seves necessitats <\/strong>necessitem que contacti amb nosaltres i que ens expliqui la seva situaci\u00f3 i el que vol aconseguir. .<\/p>\n<p>A Fisiollar podem oferir-li un servei de fisioter\u00e0pia per empreses totalment personalitzat. Ens podem encarregar de plantejar canvis en els processos de treball, i d\u2019oferir-li les sessions de fisioter\u00e0pia a la seva empresa o al domicili dels treballadors. .<\/p>\n<p>Aix\u00ed que,<strong>\u00a0si vol con\u00e8ixer tot el que podem oferir-li i que li entreguem un pressupost a mesura, necessitar\u00edem que contacti amb nosaltres.<\/strong><\/p>\n<p>Truqui\u2019ns per tel\u00e8fon, o envi\u00ef\u2019ns \u00a0un\u00a0<a href=\"https:\/\/www.fisiohogar.com\/barcelona-sants\/contacti-ara\/\">formulari de contacte<\/a>, i estarem agra\u00efts de poder atendre\u2019ls.[\/vc_column_text][\/vc_column][\/vc_row]<\/p>\n","protected":false},"excerpt":{"rendered":"<p>[vc_row][vc_column][vc_column_text]La\u00a0fisioter\u00e0pia per empreses \u00e9s cada dia m\u00e9s sol\u00b7licitada i millor valorada per qui han decidit rec\u00f3rrer a aquest servei, del que no nom\u00e9s se\u2019n beneficien els treballadors ja que la mateixa empresa descobrir\u00e0 com  [&#8230;]<\/p>\n","protected":false},"author":1,"featured_media":0,"parent":0,"menu_order":0,"comment_status":"closed","ping_status":"closed","template":"template-full.php","meta":{"_joinchat":[],"footnotes":""},"class_list":["post-91","page","type-page","status-publish","hentry"],"yoast_head":"<!-- This site is optimized with the Yoast SEO plugin v27.5 - https:\/\/yoast.com\/product\/yoast-seo-wordpress\/ -->\n<title>La Fisioter\u00e0pia a empreses de Barcelona - Barcelona fisioter\u00e0pia<\/title>\n<meta name=\"robots\" content=\"index, follow, max-snippet:-1, max-image-preview:large, max-video-preview:-1\" \/>\n<link rel=\"canonical\" href=\"https:\/\/www.fisiohogar.com\/barcelona-sants\/fisioterapia-empreses-barcelona\/\" \/>\n<meta property=\"og:locale\" content=\"es_ES\" \/>\n<meta property=\"og:type\" content=\"article\" \/>\n<meta property=\"og:title\" content=\"La Fisioter\u00e0pia a empreses de Barcelona - Barcelona fisioter\u00e0pia\" \/>\n<meta property=\"og:description\" content=\"[vc_row][vc_column][vc_column_text]La\u00a0fisioter\u00e0pia per empreses \u00e9s cada dia m\u00e9s sol\u00b7licitada i millor valorada per qui han decidit rec\u00f3rrer a aquest servei, del que no nom\u00e9s se\u2019n beneficien els treballadors ja que la mateixa empresa descobrir\u00e0 com [...]\" \/>\n<meta property=\"og:url\" content=\"https:\/\/www.fisiohogar.com\/barcelona-sants\/fisioterapia-empreses-barcelona\/\" \/>\n<meta property=\"og:site_name\" content=\"Barcelona fisioter\u00e0pia\" \/>\n<meta property=\"article:modified_time\" content=\"2018-03-27T11:38:04+00:00\" \/>\n<meta name=\"twitter:card\" content=\"summary_large_image\" \/>\n<meta name=\"twitter:label1\" content=\"Tiempo de lectura\" \/>\n\t<meta name=\"twitter:data1\" content=\"3 minutos\" \/>\n<script type=\"application\/ld+json\" class=\"yoast-schema-graph\">{\"@context\":\"https:\\\/\\\/schema.org\",\"@graph\":[{\"@type\":\"WebPage\",\"@id\":\"https:\\\/\\\/www.fisiohogar.com\\\/barcelona-sants\\\/fisioterapia-empreses-barcelona\\\/\",\"url\":\"https:\\\/\\\/www.fisiohogar.com\\\/barcelona-sants\\\/fisioterapia-empreses-barcelona\\\/\",\"name\":\"La Fisioter\u00e0pia a empreses de Barcelona - Barcelona fisioter\u00e0pia\",\"isPartOf\":{\"@id\":\"https:\\\/\\\/www.fisiohogar.com\\\/barcelona-sants\\\/#website\"},\"datePublished\":\"2016-03-09T10:57:06+00:00\",\"dateModified\":\"2018-03-27T11:38:04+00:00\",\"breadcrumb\":{\"@id\":\"https:\\\/\\\/www.fisiohogar.com\\\/barcelona-sants\\\/fisioterapia-empreses-barcelona\\\/#breadcrumb\"},\"inLanguage\":\"es\",\"potentialAction\":[{\"@type\":\"ReadAction\",\"target\":[\"https:\\\/\\\/www.fisiohogar.com\\\/barcelona-sants\\\/fisioterapia-empreses-barcelona\\\/\"]}]},{\"@type\":\"BreadcrumbList\",\"@id\":\"https:\\\/\\\/www.fisiohogar.com\\\/barcelona-sants\\\/fisioterapia-empreses-barcelona\\\/#breadcrumb\",\"itemListElement\":[{\"@type\":\"ListItem\",\"position\":1,\"name\":\"Portada\",\"item\":\"https:\\\/\\\/www.fisiohogar.com\\\/barcelona-sants\\\/\"},{\"@type\":\"ListItem\",\"position\":2,\"name\":\"La Fisioter\u00e0pia a empreses de Barcelona\"}]},{\"@type\":\"WebSite\",\"@id\":\"https:\\\/\\\/www.fisiohogar.com\\\/barcelona-sants\\\/#website\",\"url\":\"https:\\\/\\\/www.fisiohogar.com\\\/barcelona-sants\\\/\",\"name\":\"Barcelona fisioter\u00e0pia\",\"description\":\"Fisioter\u00e0pia a domicili a Barcelona\",\"potentialAction\":[{\"@type\":\"SearchAction\",\"target\":{\"@type\":\"EntryPoint\",\"urlTemplate\":\"https:\\\/\\\/www.fisiohogar.com\\\/barcelona-sants\\\/?s={search_term_string}\"},\"query-input\":{\"@type\":\"PropertyValueSpecification\",\"valueRequired\":true,\"valueName\":\"search_term_string\"}}],\"inLanguage\":\"es\"}]}<\/script>\n<!-- \/ Yoast SEO plugin. -->","yoast_head_json":{"title":"La Fisioter\u00e0pia a empreses de Barcelona - Barcelona fisioter\u00e0pia","robots":{"index":"index","follow":"follow","max-snippet":"max-snippet:-1","max-image-preview":"max-image-preview:large","max-video-preview":"max-video-preview:-1"},"canonical":"https:\/\/www.fisiohogar.com\/barcelona-sants\/fisioterapia-empreses-barcelona\/","og_locale":"es_ES","og_type":"article","og_title":"La Fisioter\u00e0pia a empreses de Barcelona - Barcelona fisioter\u00e0pia","og_description":"[vc_row][vc_column][vc_column_text]La\u00a0fisioter\u00e0pia per empreses \u00e9s cada dia m\u00e9s sol\u00b7licitada i millor valorada per qui han decidit rec\u00f3rrer a aquest servei, del que no nom\u00e9s se\u2019n beneficien els treballadors ja que la mateixa empresa descobrir\u00e0 com [...]","og_url":"https:\/\/www.fisiohogar.com\/barcelona-sants\/fisioterapia-empreses-barcelona\/","og_site_name":"Barcelona fisioter\u00e0pia","article_modified_time":"2018-03-27T11:38:04+00:00","twitter_card":"summary_large_image","twitter_misc":{"Tiempo de lectura":"3 minutos"},"schema":{"@context":"https:\/\/schema.org","@graph":[{"@type":"WebPage","@id":"https:\/\/www.fisiohogar.com\/barcelona-sants\/fisioterapia-empreses-barcelona\/","url":"https:\/\/www.fisiohogar.com\/barcelona-sants\/fisioterapia-empreses-barcelona\/","name":"La Fisioter\u00e0pia a empreses de Barcelona - Barcelona fisioter\u00e0pia","isPartOf":{"@id":"https:\/\/www.fisiohogar.com\/barcelona-sants\/#website"},"datePublished":"2016-03-09T10:57:06+00:00","dateModified":"2018-03-27T11:38:04+00:00","breadcrumb":{"@id":"https:\/\/www.fisiohogar.com\/barcelona-sants\/fisioterapia-empreses-barcelona\/#breadcrumb"},"inLanguage":"es","potentialAction":[{"@type":"ReadAction","target":["https:\/\/www.fisiohogar.com\/barcelona-sants\/fisioterapia-empreses-barcelona\/"]}]},{"@type":"BreadcrumbList","@id":"https:\/\/www.fisiohogar.com\/barcelona-sants\/fisioterapia-empreses-barcelona\/#breadcrumb","itemListElement":[{"@type":"ListItem","position":1,"name":"Portada","item":"https:\/\/www.fisiohogar.com\/barcelona-sants\/"},{"@type":"ListItem","position":2,"name":"La Fisioter\u00e0pia a empreses de Barcelona"}]},{"@type":"WebSite","@id":"https:\/\/www.fisiohogar.com\/barcelona-sants\/#website","url":"https:\/\/www.fisiohogar.com\/barcelona-sants\/","name":"Barcelona fisioter\u00e0pia","description":"Fisioter\u00e0pia a domicili a Barcelona","potentialAction":[{"@type":"SearchAction","target":{"@type":"EntryPoint","urlTemplate":"https:\/\/www.fisiohogar.com\/barcelona-sants\/?s={search_term_string}"},"query-input":{"@type":"PropertyValueSpecification","valueRequired":true,"valueName":"search_term_string"}}],"inLanguage":"es"}]}},"_links":{"self":[{"href":"https:\/\/www.fisiohogar.com\/barcelona-sants\/wp-json\/wp\/v2\/pages\/91","targetHints":{"allow":["GET"]}}],"collection":[{"href":"https:\/\/www.fisiohogar.com\/barcelona-sants\/wp-json\/wp\/v2\/pages"}],"about":[{"href":"https:\/\/www.fisiohogar.com\/barcelona-sants\/wp-json\/wp\/v2\/types\/page"}],"author":[{"embeddable":true,"href":"https:\/\/www.fisiohogar.com\/barcelona-sants\/wp-json\/wp\/v2\/users\/1"}],"replies":[{"embeddable":true,"href":"https:\/\/www.fisiohogar.com\/barcelona-sants\/wp-json\/wp\/v2\/comments?post=91"}],"version-history":[{"count":0,"href":"https:\/\/www.fisiohogar.com\/barcelona-sants\/wp-json\/wp\/v2\/pages\/91\/revisions"}],"wp:attachment":[{"href":"https:\/\/www.fisiohogar.com\/barcelona-sants\/wp-json\/wp\/v2\/media?parent=91"}],"curies":[{"name":"wp","href":"https:\/\/api.w.org\/{rel}","templated":true}]}}