{"id":90,"date":"2016-03-09T10:56:36","date_gmt":"2016-03-09T10:56:36","guid":{"rendered":"http:\/\/www.fisiohogar.com\/barcelonasants\/?page_id=25"},"modified":"2018-03-28T15:39:16","modified_gmt":"2018-03-28T15:39:16","slug":"fisioterapia-per-esportistes","status":"publish","type":"page","link":"https:\/\/www.fisiohogar.com\/barcelona-sants\/fisioterapia-per-esportistes\/","title":{"rendered":"Fisioter\u00e0pia per esportistes"},"content":{"rendered":"<p>[vc_row][vc_column][vc_custom_heading text=\u00bbVolem ser el teu fisioterapeuta de cap\u00e7alera a Barcelona\u00bb google_fonts=\u00bbfont_family:Open%20Sans%3A300%2C300italic%2Cregular%2Citalic%2C600%2C600italic%2C700%2C700italic%2C800%2C800italic|font_style:400%20regular%3A400%3Anormal\u00bb][vc_column_text]L\u2019esport \u00e9s practicat cada dia m\u00e9s a les nostres ciutats. Ja sigui de manera amateur, o professional, lo m\u00e9s habitual es que en totes les fam\u00edlies hi hagi un o m\u00e9s esportistes, que corrin, nedin o els agradi sortir a passejar en bicicleta.<\/p>\n<p>Tot i que <strong>els beneficis de la pr\u00e0ctica de qualsevol esport, <\/strong>sempre que es realitzi amb moderaci\u00f3 i controlant l\u2019estat de salut, son evidents per qualsevol persona que sigui constant, no s\u2019ha de passar per alt que aquest increment del n\u00famero de practicants hagi fet generat una <strong>elevaci\u00f3 notable de les lesions<\/strong>\u00a0associades.<\/p>\n<p>Qualsevol lesi\u00f3 mal curada, o que es repeteixi masses vegades, pot ocasionar la retirada definitiva de la pr\u00e0ctica esportiva, o incl\u00fas pot afectar a la vida di\u00e0ria i laboral.<\/p>\n<p>A Fisiollar volem estar al seu costat, per a que ens consideris el teu \u00a0<strong>fisioterapeuta de cap\u00e7alera<\/strong>, i pots rec\u00f3rrer a nosaltres cada vegada que ho consideris necessari.<\/p>\n<p>Per la nostra experi\u00e8ncia en lesions esportives t\u2019aconsellarem la millor ter\u00e0pia per a una r\u00e0pida i complerta curaci\u00f3. Aportarem la soluci\u00f3 que necessites per a que cap lesi\u00f3 faci perillar la teva pr\u00e0ctica esportiva.[\/vc_column_text][\/vc_column][\/vc_row][vc_row][vc_column][vc_single_image image=\u00bb1086&#8243; img_size=\u00bbfull\u00bb alignment=\u00bbcenter\u00bb style=\u00bbvc_box_rounded\u00bb css_animation=\u00bbbounceIn\u00bb][\/vc_column][\/vc_row][vc_row][vc_column width=\u00bb1\/2&#8243;][vc_custom_heading text=\u00bbFisioter\u00e0pia a esdeveniments esportius\u00bb google_fonts=\u00bbfont_family:Open%20Sans%3A300%2C300italic%2Cregular%2Citalic%2C600%2C600italic%2C700%2C700italic%2C800%2C800italic|font_style:400%20regular%3A400%3Anormal\u00bb][vc_column_text]Si en el cas dels esportistes que practiquen pel seu compte qualsevol esport ens podem despla\u00e7ar al seu domicili, en el cas dels <strong>esdeveniments o competicions esportives <\/strong>podem organitzar un\u00a0<strong>servei de fisioter\u00e0pia<\/strong>\u00a0que atengui als participants amb sessions d\u2019estiraments, massatges descontracturants o de desc\u00e0rrega i exercicis de potenciaci\u00f3.<\/p>\n<p>Amb aquest servei de fisioter\u00e0pia a esdeveniments s\u2019est\u00e0 assegurant que\u00a0 <strong>el risc de lesions dels participants es redueixi, en el cas de produir-se algun problema muscular l\u2019atenci\u00f3 ser\u00e0 r\u00e0pida i a m\u00e9s, com benefici complementari, es millorar\u00e0 la imatge de l\u2019organitzaci\u00f3 de l\u2019acte.<\/strong><\/p>\n<p>Si desitja que l\u2019informem amb m\u00e9s detall sobre l\u2019atenci\u00f3 domiciliaria d\u2019esportistes, o l\u2019assist\u00e8ncia a esdeveniments esportius, posis en contacte en\u00a0<a href=\"https:\/\/www.fisiohogar.com\/barcelona-sants\/contacti-ara\/\">contacte<\/a>\u00a0amb nosaltres i resoldrem tots els seus dubtes.[\/vc_column_text][\/vc_column][vc_column width=\u00bb1\/2&#8243;][vc_custom_heading text=\u00bbFisioter\u00e0pia per particulars\u00bb google_fonts=\u00bbfont_family:Open%20Sans%3A300%2C300italic%2Cregular%2Citalic%2C600%2C600italic%2C700%2C700italic%2C800%2C800italic|font_style:400%20regular%3A400%3Anormal\u00bb][vc_column_text]Has tingut alguna lesi\u00f3 practicant un esport?<\/p>\n<p>Est\u00e0s a casa reposant per\u00f2 no millores?<\/p>\n<p>Sents que no est\u00e0s fent lo correcte i tens por de l\u2019evoluci\u00f3 de la teva lesi\u00f3?<\/p>\n<p>No esperis m\u00e9s temps i contacta amb nosaltres ara. Acordarem amb tu una hora i dia per despla\u00e7ar-nos al teu domicili i revisar el que et succeeix, per acabar realitzant una sessi\u00f3 de fisioter\u00e0pia que comenci a portar-te a la millora que necessites. Tamb\u00e9 t\u2019aconsellarem sobre el que has de fer per a recuperar-te en el menor temps possible sense riscos ni recaigudes.<\/p>\n<p>Confia en Fisiollar.[\/vc_column_text][\/vc_column][\/vc_row]<\/p>\n","protected":false},"excerpt":{"rendered":"<p>[vc_row][vc_column][vc_custom_heading text=\u00bbVolem ser el teu fisioterapeuta de cap\u00e7alera a Barcelona\u00bb google_fonts=\u00bbfont_family:Open%20Sans%3A300%2C300italic%2Cregular%2Citalic%2C600%2C600italic%2C700%2C700italic%2C800%2C800italic|font_style:400%20regular%3A400%3Anormal\u00bb][vc_column_text]L\u2019esport \u00e9s practicat cada dia m\u00e9s a les nostres ciutats. Ja sigui de manera amateur, o professional, lo m\u00e9s habitual es que en totes  [&#8230;]<\/p>\n","protected":false},"author":1,"featured_media":0,"parent":0,"menu_order":0,"comment_status":"closed","ping_status":"closed","template":"template-full.php","meta":{"_joinchat":[],"footnotes":""},"class_list":["post-90","page","type-page","status-publish","hentry"],"yoast_head":"<!-- This site is optimized with the Yoast SEO plugin v27.5 - https:\/\/yoast.com\/product\/yoast-seo-wordpress\/ -->\n<title>Fisioter\u00e0pia per esportistes - Barcelona fisioter\u00e0pia<\/title>\n<meta name=\"robots\" content=\"index, follow, max-snippet:-1, max-image-preview:large, max-video-preview:-1\" \/>\n<link rel=\"canonical\" href=\"https:\/\/www.fisiohogar.com\/barcelona-sants\/fisioterapia-per-esportistes\/\" \/>\n<meta property=\"og:locale\" content=\"es_ES\" \/>\n<meta property=\"og:type\" content=\"article\" \/>\n<meta property=\"og:title\" content=\"Fisioter\u00e0pia per esportistes - Barcelona fisioter\u00e0pia\" \/>\n<meta property=\"og:description\" content=\"[vc_row][vc_column][vc_custom_heading text=\u00bbVolem ser el teu fisioterapeuta de cap\u00e7alera a Barcelona\u00bb google_fonts=\u00bbfont_family:Open%20Sans%3A300%2C300italic%2Cregular%2Citalic%2C600%2C600italic%2C700%2C700italic%2C800%2C800italic|font_style:400%20regular%3A400%3Anormal\u00bb][vc_column_text]L\u2019esport \u00e9s practicat cada dia m\u00e9s a les nostres ciutats. Ja sigui de manera amateur, o professional, lo m\u00e9s habitual es que en totes [...]\" \/>\n<meta property=\"og:url\" content=\"https:\/\/www.fisiohogar.com\/barcelona-sants\/fisioterapia-per-esportistes\/\" \/>\n<meta property=\"og:site_name\" content=\"Barcelona fisioter\u00e0pia\" \/>\n<meta property=\"article:modified_time\" content=\"2018-03-28T15:39:16+00:00\" \/>\n<meta name=\"twitter:card\" content=\"summary_large_image\" \/>\n<meta name=\"twitter:label1\" content=\"Tiempo de lectura\" \/>\n\t<meta name=\"twitter:data1\" content=\"3 minutos\" \/>\n<script type=\"application\/ld+json\" class=\"yoast-schema-graph\">{\"@context\":\"https:\\\/\\\/schema.org\",\"@graph\":[{\"@type\":\"WebPage\",\"@id\":\"https:\\\/\\\/www.fisiohogar.com\\\/barcelona-sants\\\/fisioterapia-per-esportistes\\\/\",\"url\":\"https:\\\/\\\/www.fisiohogar.com\\\/barcelona-sants\\\/fisioterapia-per-esportistes\\\/\",\"name\":\"Fisioter\u00e0pia per esportistes - Barcelona fisioter\u00e0pia\",\"isPartOf\":{\"@id\":\"https:\\\/\\\/www.fisiohogar.com\\\/barcelona-sants\\\/#website\"},\"datePublished\":\"2016-03-09T10:56:36+00:00\",\"dateModified\":\"2018-03-28T15:39:16+00:00\",\"breadcrumb\":{\"@id\":\"https:\\\/\\\/www.fisiohogar.com\\\/barcelona-sants\\\/fisioterapia-per-esportistes\\\/#breadcrumb\"},\"inLanguage\":\"es\",\"potentialAction\":[{\"@type\":\"ReadAction\",\"target\":[\"https:\\\/\\\/www.fisiohogar.com\\\/barcelona-sants\\\/fisioterapia-per-esportistes\\\/\"]}]},{\"@type\":\"BreadcrumbList\",\"@id\":\"https:\\\/\\\/www.fisiohogar.com\\\/barcelona-sants\\\/fisioterapia-per-esportistes\\\/#breadcrumb\",\"itemListElement\":[{\"@type\":\"ListItem\",\"position\":1,\"name\":\"Portada\",\"item\":\"https:\\\/\\\/www.fisiohogar.com\\\/barcelona-sants\\\/\"},{\"@type\":\"ListItem\",\"position\":2,\"name\":\"Fisioter\u00e0pia per esportistes\"}]},{\"@type\":\"WebSite\",\"@id\":\"https:\\\/\\\/www.fisiohogar.com\\\/barcelona-sants\\\/#website\",\"url\":\"https:\\\/\\\/www.fisiohogar.com\\\/barcelona-sants\\\/\",\"name\":\"Barcelona fisioter\u00e0pia\",\"description\":\"Fisioter\u00e0pia a domicili a Barcelona\",\"potentialAction\":[{\"@type\":\"SearchAction\",\"target\":{\"@type\":\"EntryPoint\",\"urlTemplate\":\"https:\\\/\\\/www.fisiohogar.com\\\/barcelona-sants\\\/?s={search_term_string}\"},\"query-input\":{\"@type\":\"PropertyValueSpecification\",\"valueRequired\":true,\"valueName\":\"search_term_string\"}}],\"inLanguage\":\"es\"}]}<\/script>\n<!-- \/ Yoast SEO plugin. -->","yoast_head_json":{"title":"Fisioter\u00e0pia per esportistes - Barcelona fisioter\u00e0pia","robots":{"index":"index","follow":"follow","max-snippet":"max-snippet:-1","max-image-preview":"max-image-preview:large","max-video-preview":"max-video-preview:-1"},"canonical":"https:\/\/www.fisiohogar.com\/barcelona-sants\/fisioterapia-per-esportistes\/","og_locale":"es_ES","og_type":"article","og_title":"Fisioter\u00e0pia per esportistes - Barcelona fisioter\u00e0pia","og_description":"[vc_row][vc_column][vc_custom_heading text=\u00bbVolem ser el teu fisioterapeuta de cap\u00e7alera a Barcelona\u00bb google_fonts=\u00bbfont_family:Open%20Sans%3A300%2C300italic%2Cregular%2Citalic%2C600%2C600italic%2C700%2C700italic%2C800%2C800italic|font_style:400%20regular%3A400%3Anormal\u00bb][vc_column_text]L\u2019esport \u00e9s practicat cada dia m\u00e9s a les nostres ciutats. Ja sigui de manera amateur, o professional, lo m\u00e9s habitual es que en totes [...]","og_url":"https:\/\/www.fisiohogar.com\/barcelona-sants\/fisioterapia-per-esportistes\/","og_site_name":"Barcelona fisioter\u00e0pia","article_modified_time":"2018-03-28T15:39:16+00:00","twitter_card":"summary_large_image","twitter_misc":{"Tiempo de lectura":"3 minutos"},"schema":{"@context":"https:\/\/schema.org","@graph":[{"@type":"WebPage","@id":"https:\/\/www.fisiohogar.com\/barcelona-sants\/fisioterapia-per-esportistes\/","url":"https:\/\/www.fisiohogar.com\/barcelona-sants\/fisioterapia-per-esportistes\/","name":"Fisioter\u00e0pia per esportistes - Barcelona fisioter\u00e0pia","isPartOf":{"@id":"https:\/\/www.fisiohogar.com\/barcelona-sants\/#website"},"datePublished":"2016-03-09T10:56:36+00:00","dateModified":"2018-03-28T15:39:16+00:00","breadcrumb":{"@id":"https:\/\/www.fisiohogar.com\/barcelona-sants\/fisioterapia-per-esportistes\/#breadcrumb"},"inLanguage":"es","potentialAction":[{"@type":"ReadAction","target":["https:\/\/www.fisiohogar.com\/barcelona-sants\/fisioterapia-per-esportistes\/"]}]},{"@type":"BreadcrumbList","@id":"https:\/\/www.fisiohogar.com\/barcelona-sants\/fisioterapia-per-esportistes\/#breadcrumb","itemListElement":[{"@type":"ListItem","position":1,"name":"Portada","item":"https:\/\/www.fisiohogar.com\/barcelona-sants\/"},{"@type":"ListItem","position":2,"name":"Fisioter\u00e0pia per esportistes"}]},{"@type":"WebSite","@id":"https:\/\/www.fisiohogar.com\/barcelona-sants\/#website","url":"https:\/\/www.fisiohogar.com\/barcelona-sants\/","name":"Barcelona fisioter\u00e0pia","description":"Fisioter\u00e0pia a domicili a Barcelona","potentialAction":[{"@type":"SearchAction","target":{"@type":"EntryPoint","urlTemplate":"https:\/\/www.fisiohogar.com\/barcelona-sants\/?s={search_term_string}"},"query-input":{"@type":"PropertyValueSpecification","valueRequired":true,"valueName":"search_term_string"}}],"inLanguage":"es"}]}},"_links":{"self":[{"href":"https:\/\/www.fisiohogar.com\/barcelona-sants\/wp-json\/wp\/v2\/pages\/90","targetHints":{"allow":["GET"]}}],"collection":[{"href":"https:\/\/www.fisiohogar.com\/barcelona-sants\/wp-json\/wp\/v2\/pages"}],"about":[{"href":"https:\/\/www.fisiohogar.com\/barcelona-sants\/wp-json\/wp\/v2\/types\/page"}],"author":[{"embeddable":true,"href":"https:\/\/www.fisiohogar.com\/barcelona-sants\/wp-json\/wp\/v2\/users\/1"}],"replies":[{"embeddable":true,"href":"https:\/\/www.fisiohogar.com\/barcelona-sants\/wp-json\/wp\/v2\/comments?post=90"}],"version-history":[{"count":0,"href":"https:\/\/www.fisiohogar.com\/barcelona-sants\/wp-json\/wp\/v2\/pages\/90\/revisions"}],"wp:attachment":[{"href":"https:\/\/www.fisiohogar.com\/barcelona-sants\/wp-json\/wp\/v2\/media?parent=90"}],"curies":[{"name":"wp","href":"https:\/\/api.w.org\/{rel}","templated":true}]}}