{"id":89,"date":"2016-03-09T10:56:12","date_gmt":"2016-03-09T10:56:12","guid":{"rendered":"http:\/\/www.fisiohogar.com\/barcelonasants\/?page_id=23"},"modified":"2018-03-28T15:41:17","modified_gmt":"2018-03-28T15:41:17","slug":"fisioterapia-malalties-neurologuiques","status":"publish","type":"page","link":"https:\/\/www.fisiohogar.com\/barcelona-sants\/fisioterapia-malalties-neurologuiques\/","title":{"rendered":"Fisioter\u00e0pia per malalties neurol\u00f2giques"},"content":{"rendered":"<p>[vc_row][vc_column][vc_column_text]Cada dia son m\u00e9s les persones que estan afectades per malalties neurol\u00f2giques. \u00a0S\u2019incrementen els casos de\u00a0<strong>Parkinson, Alzheimer, esclerosi m\u00faltiple o que pateixen alguna hemiplegia<\/strong>.<\/p>\n<p>Algunes d\u2019aquestes malalties es consideren cr\u00f2niques doncs, a dia d\u2019avui, no tenen curaci\u00f3 possible, per\u00f2 aix\u00f2 no vol dir que no es pugui treballar per a que les persones que les pateixen puguin <strong>alentir l\u2019evoluci\u00f3 dels s\u00edmptomes <\/strong>i es trobin d\u2019aquesta manera, amb una millora de la seva expectativa de qualitat de vida.<\/p>\n<p>La fisioter\u00e0pia per les malalties neurol\u00f2giques ofereix una ajuda real i efica\u00e7 per a que \u00a0<strong>el pacient aconsegueixi millorar i mantenir la seva autonomia<\/strong>\u00a0i es distanci\u00ef, per tant, d\u2019una situaci\u00f3 de clara depend\u00e8ncia, incl\u00fas a les tasques di\u00e0ries m\u00e9s simples.<\/p>\n<p>A les sessions e fisioter\u00e0pia s\u2019actua sobre els s\u00edmptomes propis d\u2019aquests pacients, que solen presentar dificultats per mantenir l\u2019equilibri, que pateixen tremolors o marejos\u00a0 o que es troben en una situaci\u00f3 de debilitat.[\/vc_column_text][\/vc_column][\/vc_row][vc_row][vc_column width=\u00bb1\/2&#8243;][vc_single_image image=\u00bb5009&#8243; img_size=\u00bbfull\u00bb alignment=\u00bbcenter\u00bb css_animation=\u00bbfadeInLeft\u00bb][vc_custom_heading text=\u00bbCada malaltia amb el seu tractament m\u00e9s efica\u00e7\u00bb google_fonts=\u00bbfont_family:Open%20Sans%3A300%2C300italic%2Cregular%2Citalic%2C600%2C600italic%2C700%2C700italic%2C800%2C800italic|font_style:400%20regular%3A400%3Anormal\u00bb][vc_column_text]Quan ens desplacem al domicili d\u2019un nou client que pateix alguna malaltia neurol\u00f2gica sempre demanem informaci\u00f3 sobre el seu diagn\u00f2stic i realitzem una valoraci\u00f3 inicial del seu estat.<\/p>\n<p>A cada cas, i atenent a la seva situaci\u00f3 particular, <strong>proposarem la ter\u00e0pia que sigui m\u00e9s adient i la que pugui oferir millors resultats.<\/strong><\/p>\n<p>&nbsp;<\/p>\n<p>En fem us de:<\/p>\n<ul>\n<li>Mobilitzacions actives o passives<\/li>\n<li>M\u00e8tode Bobath.<\/li>\n<li>Neurodin\u00e0mica.<\/li>\n<li>Exercicis Kabat, etc.<\/li>\n<\/ul>\n<p>Sempre \u00a0<strong>impliquem als pacients a la seva recuperaci\u00f3<\/strong>, per que no siguin subjectes passius i es mobilitzin mitjan\u00e7ant exercicis que els proposarem al marge de les nostres sessions de fisioter\u00e0pia.<\/p>\n<p>D\u2019aquesta manera, i al veure tots els avan\u00e7os que es van aconseguint gr\u00e0cies a la ter\u00e0pia, els pacients solen millorar el seu estat d\u2019\u00e0nim, i veient l\u2019evoluci\u00f3 positiva podem insistir a la ter\u00e0pia.[\/vc_column_text][\/vc_column][vc_column width=\u00bb1\/2&#8243;][vc_single_image image=\u00bb5010&#8243; img_size=\u00bbfull\u00bb alignment=\u00bbcenter\u00bb css_animation=\u00bbfadeInRight\u00bb][vc_custom_heading text=\u00bbLa fisioter\u00e0pia, a casa\u00bb google_fonts=\u00bbfont_family:Open%20Sans%3A300%2C300italic%2Cregular%2Citalic%2C600%2C600italic%2C700%2C700italic%2C800%2C800italic|font_style:400%20regular%3A400%3Anormal\u00bb][vc_column_text]Per qualsevol persona que pateixi una malaltia neurol\u00f2gica el m\u00e9s c\u00f2mode es rebre una atenci\u00f3 domiciliaria.<\/p>\n<p>Haver-se de despla\u00e7ar a una cl\u00ednica pot suposar un esfor\u00e7 que no sempre es pot, o s\u2019estigui disposat a fer tot i que sigui conscient dels beneficis que pot suposar.<\/p>\n<p><strong>A Fisiollar hem volgut posar-li m\u00e9s f\u00e0cil que mai a tots els nostres pacients, per aquest motiu som nosaltres qui ens desplacem al seu domicili. \u00a0<\/strong><\/p>\n<p>Sempre ho fem amb tot el material que pugui ser necessari a cada sessi\u00f3, i sense que els nostres pacients tinguin que preocupar-se pels despla\u00e7aments o les esperes.<\/p>\n<p>Arribem a la hora acordada i realitzem la sessi\u00f3 de fisioter\u00e0pia, i al marge d\u2019aquesta aconsellem i proposem exercicis per a que els nostres pacients practiquin la resta del temps.<\/p>\n<p>Truqui\u2019ns ara per tel\u00e8fon, o envi\u00ef\u2019ns un <a href=\"https:\/\/www.fisiohogar.com\/barcelona-sants\/contacti-ara\/\">formulari<\/a>, per sol\u00b7licitar dia i hora\u00a0 per a que ens desplacem per al seva primera sessi\u00f3 de fisioter\u00e0pia.[\/vc_column_text][\/vc_column][\/vc_row]<\/p>\n","protected":false},"excerpt":{"rendered":"<p>[vc_row][vc_column][vc_column_text]Cada dia son m\u00e9s les persones que estan afectades per malalties neurol\u00f2giques. \u00a0S\u2019incrementen els casos de\u00a0Parkinson, Alzheimer, esclerosi m\u00faltiple o que pateixen alguna hemiplegia. Algunes d\u2019aquestes malalties es consideren cr\u00f2niques doncs, a dia d\u2019avui,  [&#8230;]<\/p>\n","protected":false},"author":1,"featured_media":0,"parent":0,"menu_order":0,"comment_status":"closed","ping_status":"closed","template":"template-full.php","meta":{"_joinchat":[],"footnotes":""},"class_list":["post-89","page","type-page","status-publish","hentry"],"yoast_head":"<!-- This site is optimized with the Yoast SEO plugin v27.5 - https:\/\/yoast.com\/product\/yoast-seo-wordpress\/ -->\n<title>Fisioter\u00e0pia per malalties neurol\u00f2giques - Barcelona fisioter\u00e0pia<\/title>\n<meta name=\"robots\" content=\"index, follow, max-snippet:-1, max-image-preview:large, max-video-preview:-1\" \/>\n<link rel=\"canonical\" href=\"https:\/\/www.fisiohogar.com\/barcelona-sants\/fisioterapia-malalties-neurologuiques\/\" \/>\n<meta property=\"og:locale\" content=\"es_ES\" \/>\n<meta property=\"og:type\" content=\"article\" \/>\n<meta property=\"og:title\" content=\"Fisioter\u00e0pia per malalties neurol\u00f2giques - Barcelona fisioter\u00e0pia\" \/>\n<meta property=\"og:description\" content=\"[vc_row][vc_column][vc_column_text]Cada dia son m\u00e9s les persones que estan afectades per malalties neurol\u00f2giques. \u00a0S\u2019incrementen els casos de\u00a0Parkinson, Alzheimer, esclerosi m\u00faltiple o que pateixen alguna hemiplegia. Algunes d\u2019aquestes malalties es consideren cr\u00f2niques doncs, a dia d\u2019avui, [...]\" \/>\n<meta property=\"og:url\" content=\"https:\/\/www.fisiohogar.com\/barcelona-sants\/fisioterapia-malalties-neurologuiques\/\" \/>\n<meta property=\"og:site_name\" content=\"Barcelona fisioter\u00e0pia\" \/>\n<meta property=\"article:modified_time\" content=\"2018-03-28T15:41:17+00:00\" \/>\n<meta name=\"twitter:card\" content=\"summary_large_image\" \/>\n<meta name=\"twitter:label1\" content=\"Tiempo de lectura\" \/>\n\t<meta name=\"twitter:data1\" content=\"3 minutos\" \/>\n<script type=\"application\/ld+json\" class=\"yoast-schema-graph\">{\"@context\":\"https:\\\/\\\/schema.org\",\"@graph\":[{\"@type\":\"WebPage\",\"@id\":\"https:\\\/\\\/www.fisiohogar.com\\\/barcelona-sants\\\/fisioterapia-malalties-neurologuiques\\\/\",\"url\":\"https:\\\/\\\/www.fisiohogar.com\\\/barcelona-sants\\\/fisioterapia-malalties-neurologuiques\\\/\",\"name\":\"Fisioter\u00e0pia per malalties neurol\u00f2giques - Barcelona fisioter\u00e0pia\",\"isPartOf\":{\"@id\":\"https:\\\/\\\/www.fisiohogar.com\\\/barcelona-sants\\\/#website\"},\"datePublished\":\"2016-03-09T10:56:12+00:00\",\"dateModified\":\"2018-03-28T15:41:17+00:00\",\"breadcrumb\":{\"@id\":\"https:\\\/\\\/www.fisiohogar.com\\\/barcelona-sants\\\/fisioterapia-malalties-neurologuiques\\\/#breadcrumb\"},\"inLanguage\":\"es\",\"potentialAction\":[{\"@type\":\"ReadAction\",\"target\":[\"https:\\\/\\\/www.fisiohogar.com\\\/barcelona-sants\\\/fisioterapia-malalties-neurologuiques\\\/\"]}]},{\"@type\":\"BreadcrumbList\",\"@id\":\"https:\\\/\\\/www.fisiohogar.com\\\/barcelona-sants\\\/fisioterapia-malalties-neurologuiques\\\/#breadcrumb\",\"itemListElement\":[{\"@type\":\"ListItem\",\"position\":1,\"name\":\"Portada\",\"item\":\"https:\\\/\\\/www.fisiohogar.com\\\/barcelona-sants\\\/\"},{\"@type\":\"ListItem\",\"position\":2,\"name\":\"Fisioter\u00e0pia per malalties neurol\u00f2giques\"}]},{\"@type\":\"WebSite\",\"@id\":\"https:\\\/\\\/www.fisiohogar.com\\\/barcelona-sants\\\/#website\",\"url\":\"https:\\\/\\\/www.fisiohogar.com\\\/barcelona-sants\\\/\",\"name\":\"Barcelona fisioter\u00e0pia\",\"description\":\"Fisioter\u00e0pia a domicili a Barcelona\",\"potentialAction\":[{\"@type\":\"SearchAction\",\"target\":{\"@type\":\"EntryPoint\",\"urlTemplate\":\"https:\\\/\\\/www.fisiohogar.com\\\/barcelona-sants\\\/?s={search_term_string}\"},\"query-input\":{\"@type\":\"PropertyValueSpecification\",\"valueRequired\":true,\"valueName\":\"search_term_string\"}}],\"inLanguage\":\"es\"}]}<\/script>\n<!-- \/ Yoast SEO plugin. -->","yoast_head_json":{"title":"Fisioter\u00e0pia per malalties neurol\u00f2giques - Barcelona fisioter\u00e0pia","robots":{"index":"index","follow":"follow","max-snippet":"max-snippet:-1","max-image-preview":"max-image-preview:large","max-video-preview":"max-video-preview:-1"},"canonical":"https:\/\/www.fisiohogar.com\/barcelona-sants\/fisioterapia-malalties-neurologuiques\/","og_locale":"es_ES","og_type":"article","og_title":"Fisioter\u00e0pia per malalties neurol\u00f2giques - Barcelona fisioter\u00e0pia","og_description":"[vc_row][vc_column][vc_column_text]Cada dia son m\u00e9s les persones que estan afectades per malalties neurol\u00f2giques. \u00a0S\u2019incrementen els casos de\u00a0Parkinson, Alzheimer, esclerosi m\u00faltiple o que pateixen alguna hemiplegia. Algunes d\u2019aquestes malalties es consideren cr\u00f2niques doncs, a dia d\u2019avui, [...]","og_url":"https:\/\/www.fisiohogar.com\/barcelona-sants\/fisioterapia-malalties-neurologuiques\/","og_site_name":"Barcelona fisioter\u00e0pia","article_modified_time":"2018-03-28T15:41:17+00:00","twitter_card":"summary_large_image","twitter_misc":{"Tiempo de lectura":"3 minutos"},"schema":{"@context":"https:\/\/schema.org","@graph":[{"@type":"WebPage","@id":"https:\/\/www.fisiohogar.com\/barcelona-sants\/fisioterapia-malalties-neurologuiques\/","url":"https:\/\/www.fisiohogar.com\/barcelona-sants\/fisioterapia-malalties-neurologuiques\/","name":"Fisioter\u00e0pia per malalties neurol\u00f2giques - Barcelona fisioter\u00e0pia","isPartOf":{"@id":"https:\/\/www.fisiohogar.com\/barcelona-sants\/#website"},"datePublished":"2016-03-09T10:56:12+00:00","dateModified":"2018-03-28T15:41:17+00:00","breadcrumb":{"@id":"https:\/\/www.fisiohogar.com\/barcelona-sants\/fisioterapia-malalties-neurologuiques\/#breadcrumb"},"inLanguage":"es","potentialAction":[{"@type":"ReadAction","target":["https:\/\/www.fisiohogar.com\/barcelona-sants\/fisioterapia-malalties-neurologuiques\/"]}]},{"@type":"BreadcrumbList","@id":"https:\/\/www.fisiohogar.com\/barcelona-sants\/fisioterapia-malalties-neurologuiques\/#breadcrumb","itemListElement":[{"@type":"ListItem","position":1,"name":"Portada","item":"https:\/\/www.fisiohogar.com\/barcelona-sants\/"},{"@type":"ListItem","position":2,"name":"Fisioter\u00e0pia per malalties neurol\u00f2giques"}]},{"@type":"WebSite","@id":"https:\/\/www.fisiohogar.com\/barcelona-sants\/#website","url":"https:\/\/www.fisiohogar.com\/barcelona-sants\/","name":"Barcelona fisioter\u00e0pia","description":"Fisioter\u00e0pia a domicili a Barcelona","potentialAction":[{"@type":"SearchAction","target":{"@type":"EntryPoint","urlTemplate":"https:\/\/www.fisiohogar.com\/barcelona-sants\/?s={search_term_string}"},"query-input":{"@type":"PropertyValueSpecification","valueRequired":true,"valueName":"search_term_string"}}],"inLanguage":"es"}]}},"_links":{"self":[{"href":"https:\/\/www.fisiohogar.com\/barcelona-sants\/wp-json\/wp\/v2\/pages\/89","targetHints":{"allow":["GET"]}}],"collection":[{"href":"https:\/\/www.fisiohogar.com\/barcelona-sants\/wp-json\/wp\/v2\/pages"}],"about":[{"href":"https:\/\/www.fisiohogar.com\/barcelona-sants\/wp-json\/wp\/v2\/types\/page"}],"author":[{"embeddable":true,"href":"https:\/\/www.fisiohogar.com\/barcelona-sants\/wp-json\/wp\/v2\/users\/1"}],"replies":[{"embeddable":true,"href":"https:\/\/www.fisiohogar.com\/barcelona-sants\/wp-json\/wp\/v2\/comments?post=89"}],"version-history":[{"count":0,"href":"https:\/\/www.fisiohogar.com\/barcelona-sants\/wp-json\/wp\/v2\/pages\/89\/revisions"}],"wp:attachment":[{"href":"https:\/\/www.fisiohogar.com\/barcelona-sants\/wp-json\/wp\/v2\/media?parent=89"}],"curies":[{"name":"wp","href":"https:\/\/api.w.org\/{rel}","templated":true}]}}