{"id":88,"date":"2016-03-09T10:55:25","date_gmt":"2016-03-09T10:55:25","guid":{"rendered":"http:\/\/www.fisiohogar.com\/barcelonasants\/?page_id=21"},"modified":"2018-03-30T12:46:52","modified_gmt":"2018-03-30T12:46:52","slug":"fisioterapia-domicili-barcelona","status":"publish","type":"page","link":"https:\/\/www.fisiohogar.com\/barcelona-sants\/fisioterapia-domicili-barcelona\/","title":{"rendered":"Fisioter\u00e0pia a domicilio a Barcelona"},"content":{"rendered":"<p>[vc_row][vc_column width=\u00bb1\/2&#8243; css=\u00bb.vc_custom_1519082856341{background-color: #ededbd !important;border-radius: 10px !important;}\u00bb][vc_raw_html]JTNDZGl2JTIwYWxpZ24lM0QlMjJjZW50ZXIlMjIlM0UlM0NpbWclMjBzcmMlM0QlMjJodHRwJTNBJTJGJTJGd3d3LmZpc2lvaG9nYXIuY29tJTJGaHVlbHZhJTJGd3AtY29udGVudCUyRnVwbG9hZHMlMkZzaXRlcyUyRjE0JTJGMjAxNyUyRjA3JTJGZmlzaW90ZXJhcGV1dGFzLXNpbi10ZWxlZm9ub3MxLnBuZyUyMiUyMGFsdCUzRCUyMmZpc2lvdGVyYXBldXRhcyUyMHRlbCVDMyVBOWZvbm8lMjIlMjB3aWR0aCUzRCUyMjQwMCUyMiUyMGhlaWdodCUzRCUyMjg3JTIyJTIwJTJGJTNFJTNDJTJGZGl2JTNF[\/vc_raw_html]\n<div class=\"wpcf7 no-js\" id=\"wpcf7-f4852-o1\" lang=\"es-ES\" dir=\"ltr\" data-wpcf7-id=\"4852\">\n<div class=\"screen-reader-response\"><p role=\"status\" aria-live=\"polite\" aria-atomic=\"true\"><\/p> <ul><\/ul><\/div>\n<form action=\"\/barcelona-sants\/wp-json\/wp\/v2\/pages\/88#wpcf7-f4852-o1\" method=\"post\" class=\"wpcf7-form init\" aria-label=\"Formulario de contacto\" novalidate=\"novalidate\" data-status=\"init\">\n<fieldset class=\"hidden-fields-container\"><input type=\"hidden\" name=\"_wpcf7\" value=\"4852\" \/><input type=\"hidden\" name=\"_wpcf7_version\" value=\"6.1.5\" \/><input type=\"hidden\" name=\"_wpcf7_locale\" value=\"es_ES\" \/><input type=\"hidden\" name=\"_wpcf7_unit_tag\" value=\"wpcf7-f4852-o1\" \/><input type=\"hidden\" name=\"_wpcf7_container_post\" value=\"0\" \/><input type=\"hidden\" name=\"_wpcf7_posted_data_hash\" value=\"\" \/><input type=\"hidden\" name=\"_wpcf7_recaptcha_response\" value=\"\" \/>\n<\/fieldset>\n<p><label> Nom (necessari)<br \/>\n<span class=\"wpcf7-form-control-wrap\" data-name=\"your-name\"><input size=\"40\" maxlength=\"400\" class=\"wpcf7-form-control wpcf7-text wpcf7-validates-as-required\" aria-required=\"true\" aria-invalid=\"false\" value=\"\" type=\"text\" name=\"your-name\" \/><\/span> <\/label>\n<\/p>\n<p><label> Email<br \/>\n<span class=\"wpcf7-form-control-wrap\" data-name=\"email-23\"><input size=\"40\" maxlength=\"400\" class=\"wpcf7-form-control wpcf7-email wpcf7-text wpcf7-validates-as-email\" aria-invalid=\"false\" value=\"\" type=\"email\" name=\"email-23\" \/><\/span><\/label>\n<\/p>\n<p><label> Tel\u00e8fon (necessari)<br \/>\n<span class=\"wpcf7-form-control-wrap\" data-name=\"tel-367\"><input size=\"40\" maxlength=\"400\" class=\"wpcf7-form-control wpcf7-tel wpcf7-validates-as-required wpcf7-text wpcf7-validates-as-tel\" aria-required=\"true\" aria-invalid=\"false\" value=\"\" type=\"tel\" name=\"tel-367\" \/><\/span><\/label>\n<\/p>\n<p><label> Localitat (necessari)<br \/>\n<span class=\"wpcf7-form-control-wrap\" data-name=\"text-851\"><input size=\"40\" maxlength=\"400\" class=\"wpcf7-form-control wpcf7-text wpcf7-validates-as-required\" aria-required=\"true\" aria-invalid=\"false\" value=\"\" type=\"text\" name=\"text-851\" \/><\/span><\/label>\n<\/p>\n<p><label> Indiqui el dia de la cita (necessari)<br \/>\n<span class=\"wpcf7-form-control-wrap\" data-name=\"text-737\"><input size=\"40\" maxlength=\"400\" class=\"wpcf7-form-control wpcf7-text wpcf7-validates-as-required\" aria-required=\"true\" aria-invalid=\"false\" value=\"\" type=\"text\" name=\"text-737\" \/><\/span><\/label>\n<\/p>\n<p><label> A quina hora vol la cita? (necessari)<br \/>\n<span class=\"wpcf7-form-control-wrap\" data-name=\"radio-615\"><span class=\"wpcf7-form-control wpcf7-radio\"><span class=\"wpcf7-list-item first\"><input type=\"radio\" name=\"radio-615\" value=\"10:00\" checked=\"checked\" \/><span class=\"wpcf7-list-item-label\">10:00<\/span><\/span><span class=\"wpcf7-list-item\"><input type=\"radio\" name=\"radio-615\" value=\"11:30\" \/><span class=\"wpcf7-list-item-label\">11:30<\/span><\/span><span class=\"wpcf7-list-item\"><input type=\"radio\" name=\"radio-615\" value=\"13:00\" \/><span class=\"wpcf7-list-item-label\">13:00<\/span><\/span><span class=\"wpcf7-list-item\"><input type=\"radio\" name=\"radio-615\" value=\"15:30\" \/><span class=\"wpcf7-list-item-label\">15:30<\/span><\/span><span class=\"wpcf7-list-item\"><input type=\"radio\" name=\"radio-615\" value=\"16:00\" \/><span class=\"wpcf7-list-item-label\">16:00<\/span><\/span><span class=\"wpcf7-list-item\"><input type=\"radio\" name=\"radio-615\" value=\"17:00\" \/><span class=\"wpcf7-list-item-label\">17:00<\/span><\/span><span class=\"wpcf7-list-item\"><input type=\"radio\" name=\"radio-615\" value=\"18:30\" \/><span class=\"wpcf7-list-item-label\">18:30<\/span><\/span><span class=\"wpcf7-list-item last\"><input type=\"radio\" name=\"radio-615\" value=\"20:00\" \/><span class=\"wpcf7-list-item-label\">20:00<\/span><\/span><\/span><\/span><\/label>\n<\/p>\n<p><label> Si prefereix una altra hora, digui\u2019ns-ho:<br \/>\n<span class=\"wpcf7-form-control-wrap\" data-name=\"text-887\"><input size=\"40\" maxlength=\"400\" class=\"wpcf7-form-control wpcf7-text\" aria-invalid=\"false\" value=\"\" type=\"text\" name=\"text-887\" \/><\/span><\/label>\n<\/p>\n<p><label> Observacions<br \/>\n<span class=\"wpcf7-form-control-wrap\" data-name=\"your-message\"><textarea cols=\"40\" rows=\"10\" maxlength=\"2000\" class=\"wpcf7-form-control wpcf7-textarea\" aria-invalid=\"false\" name=\"your-message\"><\/textarea><\/span> <\/label>\n<\/p>\n<p><label>\n\t <\/label>\n<\/p>\n<p><strong>Per poder enviar el formular ha d\u2019acceptar<\/strong><a href=\"http:\/\/www.fisiohogar.com\/aviso-legal\/\" target=\"_blank\">l'avis legal<\/a> y la <a href=\"http:\/\/www.fisiohogar.com\/politica-de-privacidad\/\" target=\"_blank\">pol\u00edtica de privacitat i protecci\u00f3 de dades<\/a>:<span class=\"wpcf7-form-control-wrap\" data-name=\"acceptance-835\"><span class=\"wpcf7-form-control wpcf7-acceptance\"><span class=\"wpcf7-list-item\"><input type=\"checkbox\" name=\"acceptance-835\" value=\"1\" aria-invalid=\"false\" \/><\/span><\/span><\/span> (marqui la casella)\n<\/p>\n<p><input class=\"wpcf7-form-control wpcf7-submit has-spinner\" type=\"submit\" value=\"Sol\u00b7licitar cita\" \/>\n<\/p><div class=\"fusion-alert alert custom alert-custom fusion-alert-center wpcf7-response-output awb-alert-native-link-color alert-dismissable awb-alert-close-boxed\" style=\"--awb-border-size:1px;--awb-border-top-left-radius:0px;--awb-border-top-right-radius:0px;--awb-border-bottom-left-radius:0px;--awb-border-bottom-right-radius:0px;\" role=\"alert\"><div class=\"fusion-alert-content-wrapper\"><span class=\"fusion-alert-content\"><\/span><\/div><button type=\"button\" class=\"close toggle-alert\" data-dismiss=\"alert\" aria-label=\"Close\">&times;<\/button><\/div>\n<\/form>\n<\/div>\n[\/vc_column][vc_column width=\u00bb1\/2&#8243;][vc_column_text]Fisiollar ha fet possible la fisioter\u00e0pia a domicili a Barcelona, amb un servei de m\u00e9s qualitat.<\/p>\n<p>Comprovi ara, des de la comoditat de casa seu, com es possible rebre sessions de fisioter\u00e0pia rebent el benefici de les ter\u00e0pies m\u00e9s eficaces i avan\u00e7ades de mans de fisioterapeutes col\u00b7legiats.<\/p>\n<h2>Ens desplacem a tots els barris de Barcelona<\/h2>\n<p>A vegades, al sortir de casa per a anar a una cl\u00ednica de fisioter\u00e0pia es converteix en un problema per si sol ja que hi ha patologies que provoquen limitacions f\u00edsiques importants, o pot ser que l\u2019estat d\u2019\u00e0nim del pacient no ho permeti i encara menys patir temps d\u2019espera a la saleta.<\/p>\n<p>\u00c9s per aquest motiu que la fisioter\u00e0pia a domicili demostra ser una de les millor opcions per a qualsevol persona, per\u00f2 sobre tot per a qui tenen m\u00e9s problemes per sortir de casa per motius f\u00edsics o an\u00edmics.<\/p>\n<p>Fisiollar ha fet possible l\u2019atenci\u00f3 a la ciutat de Barcelona, amb independ\u00e8ncia del barri a on siguis. Ens podem despla\u00e7ar a qualsevol zona de la ciutat: Sants, Horta, Poble Nou, la Barceloneta&#8230;<\/p>\n<p>Oferim el mateix servei a qualsevol barri ja que els fisioterapeutes de Fisiollar es desplacen amb tot el material necessari.<\/p>\n<p>Per cert, el preu de cada sessi\u00f3 es sempre el mateix! No cobrem per kil\u00f2metres recorreguts. Oferim sempre un preu tancat.<\/p>\n<p><strong>Si vols que les teves sessions de fisioter\u00e0pia et resultin m\u00e9s econ\u00f2miques, <\/strong>aprofita els nostres <a href=\"https:\/\/www.fisiohogar.com\/barcelona\/tarifas-de-fisioterapia\/\">abonaments amb importants descomptes<\/a>.<\/p>\n<h2>Tan senzill com contactar i programar la cita<\/h2>\n<p>La \u00fanica cosa que has de fer per rebre a un dels nostres fisioterapeutes al teu domicili \u00a0es posar-te en contacte amb nosaltres per programar <strong>la hora i el dia m\u00e9s adient per tu<\/strong>. Intentarem, dins del que sigui possible, atendre les teves prefer\u00e8ncies<\/p>\n<p>De manera puntual el nostre fisioterapeuta es presentar\u00e0 al teu domicili per comen\u00e7ar amb les sessions. Abans s\u2019interessar\u00e0 pel teu estat de salut i per con\u00e8ixer amb detall el que et succeeix i poder recomanar-te la ter\u00e0pia que consideri m\u00e9s efica\u00e7 per al teu cas.[\/vc_column_text][\/vc_column][\/vc_row][vc_row css=\u00bb.vc_custom_1522148251330{margin-top: 25px !important;}\u00bb][vc_column][vc_single_image image=\u00bb4956&#8243; img_size=\u00bbfull\u00bb alignment=\u00bbcenter\u00bb css_animation=\u00bbzoomIn\u00bb][\/vc_column][\/vc_row][vc_row][vc_column width=\u00bb1\/2&#8243;][vc_column_text]<\/p>\n<h2><strong>Aix\u00ed treballem a Fisiollar<\/strong><\/h2>\n<p>El sistema d\u2019atenci\u00f3 a pacients \u00e9s tan senzill com pots veure a la gr\u00e0fica que hem preparat.<\/p>\n<p>Volem facilitar-te la tornada a la salut, per aquest motiu a Fisiollar ho hem planejat per que des de la manera m\u00e9s c\u00f2moda y efica\u00e7 puguis beneficiar-te de les sessions de fisioter\u00e0pia.[\/vc_column_text][vc_single_image image=\u00bb5117&#8243; img_size=\u00bbfull\u00bb alignment=\u00bbcenter\u00bb css_animation=\u00bbslideInLeft\u00bb][\/vc_column][vc_column width=\u00bb1\/2&#8243;][vc_column_text]<\/p>\n<h2><strong>01 Contacta amb nosaltres<\/strong><\/h2>\n<p>Ens pots trucar al n\u00famero de tel\u00e8fon 722612083, i t\u2019atendr\u00e0 un dels nostres fisioterapeutes.<\/p>\n<p>Tamb\u00e9 pots enviar-nos un formulari que es troba en aquesta mateixa p\u00e0gina.<\/p>\n<p>Utilitza la via de contacte que et sigui m\u00e9s c\u00f2mode.<\/p>\n<h2><strong>02 Anem a on diguis<\/strong><\/h2>\n<p>Quedarem en un dia i hora per a la teva primera sessi\u00f3 de fisioter\u00e0pia, que com saps t\u00e9 el mateix preu amb independ\u00e8ncia d\u2019on visquis, sempre que sigui una zona amb cobertura de Fisiollar.<\/p>\n<p>Un dels nostres fisioterapeutes es despla\u00e7ar\u00e0 a la teva llar i portar\u00e0 tot el material necessari.<\/p>\n<h2><strong>03 Evaluem el que necessites <\/strong><\/h2>\n<p>El nostre fisioterapeuta et demanar\u00e0 informaci\u00f3 per saber el eu estat de salut i la naturalesa del teu malestar per valorar quin pot ser la millor ter\u00e0pia. .<\/p>\n<p>La intenci\u00f3 \u00e9s que la teva recuperaci\u00f3 s\u2019aconsegueixi en el menor temps possible, per que d\u2019aquesta manera tamb\u00e9 garantim\u00a0 una millor cura.<\/p>\n<p>Si estem davant de qualsevol tipus de malaltia\u00a0 cr\u00f2nica tamb\u00e9 mirem que el pacient arribi a millorar el seu estat de salut aconseguint una major independ\u00e8ncia a les seves activitats de la vida di\u00e0ria i millorant aix\u00ed la seva qualitat de vida.<\/p>\n<h2><strong>04 Sessi\u00f3 de fisioter\u00e0pia<\/strong><\/h2>\n<p>Durant el temps pactat realitzarem la sessi\u00f3 de fisioter\u00e0pia i la complementarem amb recomanacions sobre exercicis que\u00a0 aconsegueixin la implicaci\u00f3 activa del pacient per a\u00a0 aconseguir una millor i m\u00e9s r\u00e0pida curaci\u00f3 o millora del seu estat de salut.[\/vc_column_text][\/vc_column][\/vc_row]<\/p>\n","protected":false},"excerpt":{"rendered":"<p>[vc_row][vc_column width=\u00bb1\/2&#8243; css=\u00bb.vc_custom_1519082856341{background-color: #ededbd !important;border-radius: 10px !important;}\u00bb][vc_raw_html]JTNDZGl2JTIwYWxpZ24lM0QlMjJjZW50ZXIlMjIlM0UlM0NpbWclMjBzcmMlM0QlMjJodHRwJTNBJTJGJTJGd3d3LmZpc2lvaG9nYXIuY29tJTJGaHVlbHZhJTJGd3AtY29udGVudCUyRnVwbG9hZHMlMkZzaXRlcyUyRjE0JTJGMjAxNyUyRjA3JTJGZmlzaW90ZXJhcGV1dGFzLXNpbi10ZWxlZm9ub3MxLnBuZyUyMiUyMGFsdCUzRCUyMmZpc2lvdGVyYXBldXRhcyUyMHRlbCVDMyVBOWZvbm8lMjIlMjB3aWR0aCUzRCUyMjQwMCUyMiUyMGhlaWdodCUzRCUyMjg3JTIyJTIwJTJGJTNFJTNDJTJGZGl2JTNF[\/vc_raw_html][\/vc_column][vc_column width=\u00bb1\/2&#8243;][vc_column_text]Fisiollar ha fet possible la fisioter\u00e0pia a domicili a Barcelona, amb un servei de m\u00e9s qualitat. Comprovi ara, des de la comoditat de casa seu, com es  [&#8230;]<\/p>\n","protected":false},"author":1,"featured_media":0,"parent":0,"menu_order":0,"comment_status":"closed","ping_status":"closed","template":"template-full.php","meta":{"_joinchat":[],"footnotes":""},"class_list":["post-88","page","type-page","status-publish","hentry"],"yoast_head":"<!-- This site is optimized with the Yoast SEO plugin v27.5 - https:\/\/yoast.com\/product\/yoast-seo-wordpress\/ -->\n<title>Fisioter\u00e0pia a domicilio a Barcelona - Barcelona fisioter\u00e0pia<\/title>\n<meta name=\"robots\" content=\"index, follow, max-snippet:-1, max-image-preview:large, max-video-preview:-1\" \/>\n<link rel=\"canonical\" href=\"https:\/\/www.fisiohogar.com\/barcelona-sants\/fisioterapia-domicili-barcelona\/\" \/>\n<meta property=\"og:locale\" content=\"es_ES\" \/>\n<meta property=\"og:type\" content=\"article\" \/>\n<meta property=\"og:title\" content=\"Fisioter\u00e0pia a domicilio a Barcelona - Barcelona fisioter\u00e0pia\" \/>\n<meta property=\"og:description\" content=\"[vc_row][vc_column width=\u00bb1\/2&#8243; css=\u00bb.vc_custom_1519082856341{background-color: #ededbd !important;border-radius: 10px !important;}\u00bb][vc_raw_html]JTNDZGl2JTIwYWxpZ24lM0QlMjJjZW50ZXIlMjIlM0UlM0NpbWclMjBzcmMlM0QlMjJodHRwJTNBJTJGJTJGd3d3LmZpc2lvaG9nYXIuY29tJTJGaHVlbHZhJTJGd3AtY29udGVudCUyRnVwbG9hZHMlMkZzaXRlcyUyRjE0JTJGMjAxNyUyRjA3JTJGZmlzaW90ZXJhcGV1dGFzLXNpbi10ZWxlZm9ub3MxLnBuZyUyMiUyMGFsdCUzRCUyMmZpc2lvdGVyYXBldXRhcyUyMHRlbCVDMyVBOWZvbm8lMjIlMjB3aWR0aCUzRCUyMjQwMCUyMiUyMGhlaWdodCUzRCUyMjg3JTIyJTIwJTJGJTNFJTNDJTJGZGl2JTNF[\/vc_raw_html][\/vc_column][vc_column width=\u00bb1\/2&#8243;][vc_column_text]Fisiollar ha fet possible la fisioter\u00e0pia a domicili a Barcelona, amb un servei de m\u00e9s qualitat. Comprovi ara, des de la comoditat de casa seu, com es [...]\" \/>\n<meta property=\"og:url\" content=\"https:\/\/www.fisiohogar.com\/barcelona-sants\/fisioterapia-domicili-barcelona\/\" \/>\n<meta property=\"og:site_name\" content=\"Barcelona fisioter\u00e0pia\" \/>\n<meta property=\"article:modified_time\" content=\"2018-03-30T12:46:52+00:00\" \/>\n<meta name=\"twitter:card\" content=\"summary_large_image\" \/>\n<meta name=\"twitter:label1\" content=\"Tiempo de lectura\" \/>\n\t<meta name=\"twitter:data1\" content=\"4 minutos\" \/>\n<script type=\"application\/ld+json\" class=\"yoast-schema-graph\">{\"@context\":\"https:\\\/\\\/schema.org\",\"@graph\":[{\"@type\":\"WebPage\",\"@id\":\"https:\\\/\\\/www.fisiohogar.com\\\/barcelona-sants\\\/fisioterapia-domicili-barcelona\\\/\",\"url\":\"https:\\\/\\\/www.fisiohogar.com\\\/barcelona-sants\\\/fisioterapia-domicili-barcelona\\\/\",\"name\":\"Fisioter\u00e0pia a domicilio a Barcelona - Barcelona fisioter\u00e0pia\",\"isPartOf\":{\"@id\":\"https:\\\/\\\/www.fisiohogar.com\\\/barcelona-sants\\\/#website\"},\"datePublished\":\"2016-03-09T10:55:25+00:00\",\"dateModified\":\"2018-03-30T12:46:52+00:00\",\"breadcrumb\":{\"@id\":\"https:\\\/\\\/www.fisiohogar.com\\\/barcelona-sants\\\/fisioterapia-domicili-barcelona\\\/#breadcrumb\"},\"inLanguage\":\"es\",\"potentialAction\":[{\"@type\":\"ReadAction\",\"target\":[\"https:\\\/\\\/www.fisiohogar.com\\\/barcelona-sants\\\/fisioterapia-domicili-barcelona\\\/\"]}]},{\"@type\":\"BreadcrumbList\",\"@id\":\"https:\\\/\\\/www.fisiohogar.com\\\/barcelona-sants\\\/fisioterapia-domicili-barcelona\\\/#breadcrumb\",\"itemListElement\":[{\"@type\":\"ListItem\",\"position\":1,\"name\":\"Portada\",\"item\":\"https:\\\/\\\/www.fisiohogar.com\\\/barcelona-sants\\\/\"},{\"@type\":\"ListItem\",\"position\":2,\"name\":\"Fisioter\u00e0pia a domicilio a Barcelona\"}]},{\"@type\":\"WebSite\",\"@id\":\"https:\\\/\\\/www.fisiohogar.com\\\/barcelona-sants\\\/#website\",\"url\":\"https:\\\/\\\/www.fisiohogar.com\\\/barcelona-sants\\\/\",\"name\":\"Barcelona fisioter\u00e0pia\",\"description\":\"Fisioter\u00e0pia a domicili a Barcelona\",\"potentialAction\":[{\"@type\":\"SearchAction\",\"target\":{\"@type\":\"EntryPoint\",\"urlTemplate\":\"https:\\\/\\\/www.fisiohogar.com\\\/barcelona-sants\\\/?s={search_term_string}\"},\"query-input\":{\"@type\":\"PropertyValueSpecification\",\"valueRequired\":true,\"valueName\":\"search_term_string\"}}],\"inLanguage\":\"es\"}]}<\/script>\n<!-- \/ Yoast SEO plugin. -->","yoast_head_json":{"title":"Fisioter\u00e0pia a domicilio a Barcelona - Barcelona fisioter\u00e0pia","robots":{"index":"index","follow":"follow","max-snippet":"max-snippet:-1","max-image-preview":"max-image-preview:large","max-video-preview":"max-video-preview:-1"},"canonical":"https:\/\/www.fisiohogar.com\/barcelona-sants\/fisioterapia-domicili-barcelona\/","og_locale":"es_ES","og_type":"article","og_title":"Fisioter\u00e0pia a domicilio a Barcelona - Barcelona fisioter\u00e0pia","og_description":"[vc_row][vc_column width=\u00bb1\/2&#8243; css=\u00bb.vc_custom_1519082856341{background-color: #ededbd !important;border-radius: 10px !important;}\u00bb][vc_raw_html]JTNDZGl2JTIwYWxpZ24lM0QlMjJjZW50ZXIlMjIlM0UlM0NpbWclMjBzcmMlM0QlMjJodHRwJTNBJTJGJTJGd3d3LmZpc2lvaG9nYXIuY29tJTJGaHVlbHZhJTJGd3AtY29udGVudCUyRnVwbG9hZHMlMkZzaXRlcyUyRjE0JTJGMjAxNyUyRjA3JTJGZmlzaW90ZXJhcGV1dGFzLXNpbi10ZWxlZm9ub3MxLnBuZyUyMiUyMGFsdCUzRCUyMmZpc2lvdGVyYXBldXRhcyUyMHRlbCVDMyVBOWZvbm8lMjIlMjB3aWR0aCUzRCUyMjQwMCUyMiUyMGhlaWdodCUzRCUyMjg3JTIyJTIwJTJGJTNFJTNDJTJGZGl2JTNF[\/vc_raw_html][\/vc_column][vc_column width=\u00bb1\/2&#8243;][vc_column_text]Fisiollar ha fet possible la fisioter\u00e0pia a domicili a Barcelona, amb un servei de m\u00e9s qualitat. Comprovi ara, des de la comoditat de casa seu, com es [...]","og_url":"https:\/\/www.fisiohogar.com\/barcelona-sants\/fisioterapia-domicili-barcelona\/","og_site_name":"Barcelona fisioter\u00e0pia","article_modified_time":"2018-03-30T12:46:52+00:00","twitter_card":"summary_large_image","twitter_misc":{"Tiempo de lectura":"4 minutos"},"schema":{"@context":"https:\/\/schema.org","@graph":[{"@type":"WebPage","@id":"https:\/\/www.fisiohogar.com\/barcelona-sants\/fisioterapia-domicili-barcelona\/","url":"https:\/\/www.fisiohogar.com\/barcelona-sants\/fisioterapia-domicili-barcelona\/","name":"Fisioter\u00e0pia a domicilio a Barcelona - Barcelona fisioter\u00e0pia","isPartOf":{"@id":"https:\/\/www.fisiohogar.com\/barcelona-sants\/#website"},"datePublished":"2016-03-09T10:55:25+00:00","dateModified":"2018-03-30T12:46:52+00:00","breadcrumb":{"@id":"https:\/\/www.fisiohogar.com\/barcelona-sants\/fisioterapia-domicili-barcelona\/#breadcrumb"},"inLanguage":"es","potentialAction":[{"@type":"ReadAction","target":["https:\/\/www.fisiohogar.com\/barcelona-sants\/fisioterapia-domicili-barcelona\/"]}]},{"@type":"BreadcrumbList","@id":"https:\/\/www.fisiohogar.com\/barcelona-sants\/fisioterapia-domicili-barcelona\/#breadcrumb","itemListElement":[{"@type":"ListItem","position":1,"name":"Portada","item":"https:\/\/www.fisiohogar.com\/barcelona-sants\/"},{"@type":"ListItem","position":2,"name":"Fisioter\u00e0pia a domicilio a Barcelona"}]},{"@type":"WebSite","@id":"https:\/\/www.fisiohogar.com\/barcelona-sants\/#website","url":"https:\/\/www.fisiohogar.com\/barcelona-sants\/","name":"Barcelona fisioter\u00e0pia","description":"Fisioter\u00e0pia a domicili a Barcelona","potentialAction":[{"@type":"SearchAction","target":{"@type":"EntryPoint","urlTemplate":"https:\/\/www.fisiohogar.com\/barcelona-sants\/?s={search_term_string}"},"query-input":{"@type":"PropertyValueSpecification","valueRequired":true,"valueName":"search_term_string"}}],"inLanguage":"es"}]}},"_links":{"self":[{"href":"https:\/\/www.fisiohogar.com\/barcelona-sants\/wp-json\/wp\/v2\/pages\/88","targetHints":{"allow":["GET"]}}],"collection":[{"href":"https:\/\/www.fisiohogar.com\/barcelona-sants\/wp-json\/wp\/v2\/pages"}],"about":[{"href":"https:\/\/www.fisiohogar.com\/barcelona-sants\/wp-json\/wp\/v2\/types\/page"}],"author":[{"embeddable":true,"href":"https:\/\/www.fisiohogar.com\/barcelona-sants\/wp-json\/wp\/v2\/users\/1"}],"replies":[{"embeddable":true,"href":"https:\/\/www.fisiohogar.com\/barcelona-sants\/wp-json\/wp\/v2\/comments?post=88"}],"version-history":[{"count":0,"href":"https:\/\/www.fisiohogar.com\/barcelona-sants\/wp-json\/wp\/v2\/pages\/88\/revisions"}],"wp:attachment":[{"href":"https:\/\/www.fisiohogar.com\/barcelona-sants\/wp-json\/wp\/v2\/media?parent=88"}],"curies":[{"name":"wp","href":"https:\/\/api.w.org\/{rel}","templated":true}]}}