{"id":1129,"date":"2017-11-12T00:03:00","date_gmt":"2017-11-12T00:03:00","guid":{"rendered":"http:\/\/www.fisiohogar.com\/barcelonasants\/?page_id=1129"},"modified":"2018-03-27T12:16:54","modified_gmt":"2018-03-27T12:16:54","slug":"sollicitar-cita","status":"publish","type":"page","link":"https:\/\/www.fisiohogar.com\/barcelona-sants\/sollicitar-cita\/","title":{"rendered":"Sol\u00b7licitar cita de fisioter\u00e0pia a domicili a Barcelona"},"content":{"rendered":"<p>[vc_row][vc_column width=\u00bb1\/2&#8243;][vc_column_text]Si desitja que un dels nostres fisioterapeutes de Fisiollar es desplaci fins al seu domicili, envi\u00ef\u2019ns el seg\u00fcent formulari i contactarem amb vost\u00e8 el m\u00e9s aviat possible.<\/p>\n<p>Si ho prefereix pot trucar-nos per tel\u00e8fon.[\/vc_column_text]\n<div class=\"wpcf7 no-js\" id=\"wpcf7-f4852-o1\" lang=\"es-ES\" dir=\"ltr\" data-wpcf7-id=\"4852\">\n<div class=\"screen-reader-response\"><p role=\"status\" aria-live=\"polite\" aria-atomic=\"true\"><\/p> <ul><\/ul><\/div>\n<form action=\"\/barcelona-sants\/wp-json\/wp\/v2\/pages\/1129#wpcf7-f4852-o1\" method=\"post\" class=\"wpcf7-form init\" aria-label=\"Formulario de contacto\" novalidate=\"novalidate\" data-status=\"init\">\n<fieldset class=\"hidden-fields-container\"><input type=\"hidden\" name=\"_wpcf7\" value=\"4852\" \/><input type=\"hidden\" name=\"_wpcf7_version\" value=\"6.1.5\" \/><input type=\"hidden\" name=\"_wpcf7_locale\" value=\"es_ES\" \/><input type=\"hidden\" name=\"_wpcf7_unit_tag\" value=\"wpcf7-f4852-o1\" \/><input type=\"hidden\" name=\"_wpcf7_container_post\" value=\"0\" \/><input type=\"hidden\" name=\"_wpcf7_posted_data_hash\" value=\"\" \/><input type=\"hidden\" name=\"_wpcf7_recaptcha_response\" value=\"\" \/>\n<\/fieldset>\n<p><label> Nom (necessari)<br \/>\n<span class=\"wpcf7-form-control-wrap\" data-name=\"your-name\"><input size=\"40\" maxlength=\"400\" class=\"wpcf7-form-control wpcf7-text wpcf7-validates-as-required\" aria-required=\"true\" aria-invalid=\"false\" value=\"\" type=\"text\" name=\"your-name\" \/><\/span> <\/label>\n<\/p>\n<p><label> Email<br \/>\n<span class=\"wpcf7-form-control-wrap\" data-name=\"email-23\"><input size=\"40\" maxlength=\"400\" class=\"wpcf7-form-control wpcf7-email wpcf7-text wpcf7-validates-as-email\" aria-invalid=\"false\" value=\"\" type=\"email\" name=\"email-23\" \/><\/span><\/label>\n<\/p>\n<p><label> Tel\u00e8fon (necessari)<br \/>\n<span class=\"wpcf7-form-control-wrap\" data-name=\"tel-367\"><input size=\"40\" maxlength=\"400\" class=\"wpcf7-form-control wpcf7-tel wpcf7-validates-as-required wpcf7-text wpcf7-validates-as-tel\" aria-required=\"true\" aria-invalid=\"false\" value=\"\" type=\"tel\" name=\"tel-367\" \/><\/span><\/label>\n<\/p>\n<p><label> Localitat (necessari)<br \/>\n<span class=\"wpcf7-form-control-wrap\" data-name=\"text-851\"><input size=\"40\" maxlength=\"400\" class=\"wpcf7-form-control wpcf7-text wpcf7-validates-as-required\" aria-required=\"true\" aria-invalid=\"false\" value=\"\" type=\"text\" name=\"text-851\" \/><\/span><\/label>\n<\/p>\n<p><label> Indiqui el dia de la cita (necessari)<br \/>\n<span class=\"wpcf7-form-control-wrap\" data-name=\"text-737\"><input size=\"40\" maxlength=\"400\" class=\"wpcf7-form-control wpcf7-text wpcf7-validates-as-required\" aria-required=\"true\" aria-invalid=\"false\" value=\"\" type=\"text\" name=\"text-737\" \/><\/span><\/label>\n<\/p>\n<p><label> A quina hora vol la cita? (necessari)<br \/>\n<span class=\"wpcf7-form-control-wrap\" data-name=\"radio-615\"><span class=\"wpcf7-form-control wpcf7-radio\"><span class=\"wpcf7-list-item first\"><input type=\"radio\" name=\"radio-615\" value=\"10:00\" checked=\"checked\" \/><span class=\"wpcf7-list-item-label\">10:00<\/span><\/span><span class=\"wpcf7-list-item\"><input type=\"radio\" name=\"radio-615\" value=\"11:30\" \/><span class=\"wpcf7-list-item-label\">11:30<\/span><\/span><span class=\"wpcf7-list-item\"><input type=\"radio\" name=\"radio-615\" value=\"13:00\" \/><span class=\"wpcf7-list-item-label\">13:00<\/span><\/span><span class=\"wpcf7-list-item\"><input type=\"radio\" name=\"radio-615\" value=\"15:30\" \/><span class=\"wpcf7-list-item-label\">15:30<\/span><\/span><span class=\"wpcf7-list-item\"><input type=\"radio\" name=\"radio-615\" value=\"16:00\" \/><span class=\"wpcf7-list-item-label\">16:00<\/span><\/span><span class=\"wpcf7-list-item\"><input type=\"radio\" name=\"radio-615\" value=\"17:00\" \/><span class=\"wpcf7-list-item-label\">17:00<\/span><\/span><span class=\"wpcf7-list-item\"><input type=\"radio\" name=\"radio-615\" value=\"18:30\" \/><span class=\"wpcf7-list-item-label\">18:30<\/span><\/span><span class=\"wpcf7-list-item last\"><input type=\"radio\" name=\"radio-615\" value=\"20:00\" \/><span class=\"wpcf7-list-item-label\">20:00<\/span><\/span><\/span><\/span><\/label>\n<\/p>\n<p><label> Si prefereix una altra hora, digui\u2019ns-ho:<br \/>\n<span class=\"wpcf7-form-control-wrap\" data-name=\"text-887\"><input size=\"40\" maxlength=\"400\" class=\"wpcf7-form-control wpcf7-text\" aria-invalid=\"false\" value=\"\" type=\"text\" name=\"text-887\" \/><\/span><\/label>\n<\/p>\n<p><label> Observacions<br \/>\n<span class=\"wpcf7-form-control-wrap\" data-name=\"your-message\"><textarea cols=\"40\" rows=\"10\" maxlength=\"2000\" class=\"wpcf7-form-control wpcf7-textarea\" aria-invalid=\"false\" name=\"your-message\"><\/textarea><\/span> <\/label>\n<\/p>\n<p><label>\n\t <\/label>\n<\/p>\n<p><strong>Per poder enviar el formular ha d\u2019acceptar<\/strong><a href=\"http:\/\/www.fisiohogar.com\/aviso-legal\/\" target=\"_blank\">l'avis legal<\/a> y la <a href=\"http:\/\/www.fisiohogar.com\/politica-de-privacidad\/\" target=\"_blank\">pol\u00edtica de privacitat i protecci\u00f3 de dades<\/a>:<span class=\"wpcf7-form-control-wrap\" data-name=\"acceptance-835\"><span class=\"wpcf7-form-control wpcf7-acceptance\"><span class=\"wpcf7-list-item\"><input type=\"checkbox\" name=\"acceptance-835\" value=\"1\" aria-invalid=\"false\" \/><\/span><\/span><\/span> (marqui la casella)\n<\/p>\n<p><input class=\"wpcf7-form-control wpcf7-submit has-spinner\" type=\"submit\" value=\"Sol\u00b7licitar cita\" \/>\n<\/p><div class=\"fusion-alert alert custom alert-custom fusion-alert-center wpcf7-response-output awb-alert-native-link-color alert-dismissable awb-alert-close-boxed\" style=\"--awb-border-size:1px;--awb-border-top-left-radius:0px;--awb-border-top-right-radius:0px;--awb-border-bottom-left-radius:0px;--awb-border-bottom-right-radius:0px;\" role=\"alert\"><div class=\"fusion-alert-content-wrapper\"><span class=\"fusion-alert-content\"><\/span><\/div><button type=\"button\" class=\"close toggle-alert\" data-dismiss=\"alert\" aria-label=\"Close\">&times;<\/button><\/div>\n<\/form>\n<\/div>\n[\/vc_column][vc_column width=\u00bb1\/2&#8243;][vc_single_image image=\u00bb1132&#8243; img_size=\u00bbfull\u00bb alignment=\u00bbcenter\u00bb css_animation=\u00bbfadeInUp\u00bb][\/vc_column][\/vc_row]<\/p>\n","protected":false},"excerpt":{"rendered":"<p>[vc_row][vc_column width=\u00bb1\/2&#8243;][vc_column_text]Si desitja que un dels nostres fisioterapeutes de Fisiollar es desplaci fins al seu domicili, envi\u00ef\u2019ns el seg\u00fcent formulari i contactarem amb vost\u00e8 el m\u00e9s aviat possible. Si ho prefereix pot trucar-nos per  [&#8230;]<\/p>\n","protected":false},"author":1,"featured_media":0,"parent":0,"menu_order":0,"comment_status":"closed","ping_status":"closed","template":"template-full.php","meta":{"_joinchat":[],"footnotes":""},"class_list":["post-1129","page","type-page","status-publish","hentry"],"yoast_head":"<!-- This site is optimized with the Yoast SEO plugin v27.5 - https:\/\/yoast.com\/product\/yoast-seo-wordpress\/ -->\n<title>Sol\u00b7licitar cita de fisioter\u00e0pia a domicili a Barcelona - Barcelona fisioter\u00e0pia<\/title>\n<meta name=\"robots\" content=\"index, follow, max-snippet:-1, max-image-preview:large, max-video-preview:-1\" \/>\n<link rel=\"canonical\" href=\"https:\/\/www.fisiohogar.com\/barcelona-sants\/sollicitar-cita\/\" \/>\n<meta property=\"og:locale\" content=\"es_ES\" \/>\n<meta property=\"og:type\" content=\"article\" \/>\n<meta property=\"og:title\" content=\"Sol\u00b7licitar cita de fisioter\u00e0pia a domicili a Barcelona - Barcelona fisioter\u00e0pia\" \/>\n<meta property=\"og:description\" content=\"[vc_row][vc_column width=\u00bb1\/2&#8243;][vc_column_text]Si desitja que un dels nostres fisioterapeutes de Fisiollar es desplaci fins al seu domicili, envi\u00ef\u2019ns el seg\u00fcent formulari i contactarem amb vost\u00e8 el m\u00e9s aviat possible. Si ho prefereix pot trucar-nos per [...]\" \/>\n<meta property=\"og:url\" content=\"https:\/\/www.fisiohogar.com\/barcelona-sants\/sollicitar-cita\/\" \/>\n<meta property=\"og:site_name\" content=\"Barcelona fisioter\u00e0pia\" \/>\n<meta property=\"article:modified_time\" content=\"2018-03-27T12:16:54+00:00\" \/>\n<meta name=\"twitter:card\" content=\"summary_large_image\" \/>\n<script type=\"application\/ld+json\" class=\"yoast-schema-graph\">{\"@context\":\"https:\\\/\\\/schema.org\",\"@graph\":[{\"@type\":\"WebPage\",\"@id\":\"https:\\\/\\\/www.fisiohogar.com\\\/barcelona-sants\\\/sollicitar-cita\\\/\",\"url\":\"https:\\\/\\\/www.fisiohogar.com\\\/barcelona-sants\\\/sollicitar-cita\\\/\",\"name\":\"Sol\u00b7licitar cita de fisioter\u00e0pia a domicili a Barcelona - Barcelona fisioter\u00e0pia\",\"isPartOf\":{\"@id\":\"https:\\\/\\\/www.fisiohogar.com\\\/barcelona-sants\\\/#website\"},\"datePublished\":\"2017-11-12T00:03:00+00:00\",\"dateModified\":\"2018-03-27T12:16:54+00:00\",\"breadcrumb\":{\"@id\":\"https:\\\/\\\/www.fisiohogar.com\\\/barcelona-sants\\\/sollicitar-cita\\\/#breadcrumb\"},\"inLanguage\":\"es\",\"potentialAction\":[{\"@type\":\"ReadAction\",\"target\":[\"https:\\\/\\\/www.fisiohogar.com\\\/barcelona-sants\\\/sollicitar-cita\\\/\"]}]},{\"@type\":\"BreadcrumbList\",\"@id\":\"https:\\\/\\\/www.fisiohogar.com\\\/barcelona-sants\\\/sollicitar-cita\\\/#breadcrumb\",\"itemListElement\":[{\"@type\":\"ListItem\",\"position\":1,\"name\":\"Portada\",\"item\":\"https:\\\/\\\/www.fisiohogar.com\\\/barcelona-sants\\\/\"},{\"@type\":\"ListItem\",\"position\":2,\"name\":\"Sol\u00b7licitar cita de fisioter\u00e0pia a domicili a Barcelona\"}]},{\"@type\":\"WebSite\",\"@id\":\"https:\\\/\\\/www.fisiohogar.com\\\/barcelona-sants\\\/#website\",\"url\":\"https:\\\/\\\/www.fisiohogar.com\\\/barcelona-sants\\\/\",\"name\":\"Barcelona fisioter\u00e0pia\",\"description\":\"Fisioter\u00e0pia a domicili a Barcelona\",\"potentialAction\":[{\"@type\":\"SearchAction\",\"target\":{\"@type\":\"EntryPoint\",\"urlTemplate\":\"https:\\\/\\\/www.fisiohogar.com\\\/barcelona-sants\\\/?s={search_term_string}\"},\"query-input\":{\"@type\":\"PropertyValueSpecification\",\"valueRequired\":true,\"valueName\":\"search_term_string\"}}],\"inLanguage\":\"es\"}]}<\/script>\n<!-- \/ Yoast SEO plugin. -->","yoast_head_json":{"title":"Sol\u00b7licitar cita de fisioter\u00e0pia a domicili a Barcelona - Barcelona fisioter\u00e0pia","robots":{"index":"index","follow":"follow","max-snippet":"max-snippet:-1","max-image-preview":"max-image-preview:large","max-video-preview":"max-video-preview:-1"},"canonical":"https:\/\/www.fisiohogar.com\/barcelona-sants\/sollicitar-cita\/","og_locale":"es_ES","og_type":"article","og_title":"Sol\u00b7licitar cita de fisioter\u00e0pia a domicili a Barcelona - Barcelona fisioter\u00e0pia","og_description":"[vc_row][vc_column width=\u00bb1\/2&#8243;][vc_column_text]Si desitja que un dels nostres fisioterapeutes de Fisiollar es desplaci fins al seu domicili, envi\u00ef\u2019ns el seg\u00fcent formulari i contactarem amb vost\u00e8 el m\u00e9s aviat possible. Si ho prefereix pot trucar-nos per [...]","og_url":"https:\/\/www.fisiohogar.com\/barcelona-sants\/sollicitar-cita\/","og_site_name":"Barcelona fisioter\u00e0pia","article_modified_time":"2018-03-27T12:16:54+00:00","twitter_card":"summary_large_image","schema":{"@context":"https:\/\/schema.org","@graph":[{"@type":"WebPage","@id":"https:\/\/www.fisiohogar.com\/barcelona-sants\/sollicitar-cita\/","url":"https:\/\/www.fisiohogar.com\/barcelona-sants\/sollicitar-cita\/","name":"Sol\u00b7licitar cita de fisioter\u00e0pia a domicili a Barcelona - Barcelona fisioter\u00e0pia","isPartOf":{"@id":"https:\/\/www.fisiohogar.com\/barcelona-sants\/#website"},"datePublished":"2017-11-12T00:03:00+00:00","dateModified":"2018-03-27T12:16:54+00:00","breadcrumb":{"@id":"https:\/\/www.fisiohogar.com\/barcelona-sants\/sollicitar-cita\/#breadcrumb"},"inLanguage":"es","potentialAction":[{"@type":"ReadAction","target":["https:\/\/www.fisiohogar.com\/barcelona-sants\/sollicitar-cita\/"]}]},{"@type":"BreadcrumbList","@id":"https:\/\/www.fisiohogar.com\/barcelona-sants\/sollicitar-cita\/#breadcrumb","itemListElement":[{"@type":"ListItem","position":1,"name":"Portada","item":"https:\/\/www.fisiohogar.com\/barcelona-sants\/"},{"@type":"ListItem","position":2,"name":"Sol\u00b7licitar cita de fisioter\u00e0pia a domicili a Barcelona"}]},{"@type":"WebSite","@id":"https:\/\/www.fisiohogar.com\/barcelona-sants\/#website","url":"https:\/\/www.fisiohogar.com\/barcelona-sants\/","name":"Barcelona fisioter\u00e0pia","description":"Fisioter\u00e0pia a domicili a Barcelona","potentialAction":[{"@type":"SearchAction","target":{"@type":"EntryPoint","urlTemplate":"https:\/\/www.fisiohogar.com\/barcelona-sants\/?s={search_term_string}"},"query-input":{"@type":"PropertyValueSpecification","valueRequired":true,"valueName":"search_term_string"}}],"inLanguage":"es"}]}},"_links":{"self":[{"href":"https:\/\/www.fisiohogar.com\/barcelona-sants\/wp-json\/wp\/v2\/pages\/1129","targetHints":{"allow":["GET"]}}],"collection":[{"href":"https:\/\/www.fisiohogar.com\/barcelona-sants\/wp-json\/wp\/v2\/pages"}],"about":[{"href":"https:\/\/www.fisiohogar.com\/barcelona-sants\/wp-json\/wp\/v2\/types\/page"}],"author":[{"embeddable":true,"href":"https:\/\/www.fisiohogar.com\/barcelona-sants\/wp-json\/wp\/v2\/users\/1"}],"replies":[{"embeddable":true,"href":"https:\/\/www.fisiohogar.com\/barcelona-sants\/wp-json\/wp\/v2\/comments?post=1129"}],"version-history":[{"count":0,"href":"https:\/\/www.fisiohogar.com\/barcelona-sants\/wp-json\/wp\/v2\/pages\/1129\/revisions"}],"wp:attachment":[{"href":"https:\/\/www.fisiohogar.com\/barcelona-sants\/wp-json\/wp\/v2\/media?parent=1129"}],"curies":[{"name":"wp","href":"https:\/\/api.w.org\/{rel}","templated":true}]}}