{"id":43,"date":"2016-03-09T11:00:39","date_gmt":"2016-03-09T11:00:39","guid":{"rendered":"http:\/\/www.fisiohogar.com\/sansebastiandelosreyes\/?page_id=43"},"modified":"2022-09-13T14:58:18","modified_gmt":"2022-09-13T14:58:18","slug":"fisioterapia-la-tercera-edad","status":"publish","type":"page","link":"https:\/\/www.fisiohogar.com\/alicante\/fisioterapia-la-tercera-edad\/","title":{"rendered":"Fisioterapia en la tercera edad"},"content":{"rendered":"<p style=\"text-align: justify;\">En Fisiohogar contamos con profesionales de la fisioterapia que durante a\u00f1os han tratado a personas de la tercera edad y han realizado un <strong>seguimiento personalizado<\/strong> de sus diferentes patolog\u00edas en busca de las mejores soluciones para problemas que en multitud de casos son cr\u00f3nicos, pero que admiten una mejor\u00eda notable.<\/p>\n<p style=\"text-align: justify;\">Suele ser habitual que en estas personas de la tercera edad se produzca la aparici\u00f3n de patolog\u00edas que afectan a los huesos y los m\u00fasculos, de ah\u00ed que sea tan frecuente encontrar casos de artrosis y artritis, lumbalgias, dolores generalizados o, en casos m\u00e1s graves, tras alguna ca\u00edda se ha podido producir la rotura de alg\u00fan hueso, como suele ser frecuente en las roturas de cadera. Para todos esos casos <strong>la fisioterapia est\u00e1 especialmente indicada<\/strong>, pero sobre todo para recuperaci\u00f3n de pacientes a quienes tras una cirug\u00eda tienen que volver a la normalidad de su vida diaria.<\/p>\n<p style=\"text-align: justify;\">Tambi\u00e9n hay que tener en cuenta que en estas personas de edad avanzada se produce un debilitamiento muscular que unido a cierta falta de estabilidad\u00a0y a\u00a0la lentitud de los reflejos, puede conducir a situaciones que incrementan el riesgo ante ca\u00eddas, y que en cualquier caso reducen su autonom\u00eda.<\/p>\n<p style=\"text-align: justify;\"><img decoding=\"async\" class=\"aligncenter size-full wp-image-589\" src=\"http:\/\/www.fisiohogar.com\/alicante\/wp-content\/uploads\/sites\/10\/2016\/03\/fisioterapia-ancianos.jpg\" alt=\"fisioterapia-ancianos\" width=\"900\" height=\"506\" srcset=\"https:\/\/www.fisiohogar.com\/alicante\/wp-content\/uploads\/sites\/10\/2016\/03\/fisioterapia-ancianos-300x169.jpg 300w, https:\/\/www.fisiohogar.com\/alicante\/wp-content\/uploads\/sites\/10\/2016\/03\/fisioterapia-ancianos-768x432.jpg 768w, https:\/\/www.fisiohogar.com\/alicante\/wp-content\/uploads\/sites\/10\/2016\/03\/fisioterapia-ancianos.jpg 900w\" sizes=\"(max-width: 900px) 100vw, 900px\" \/><\/p>\n<p style=\"text-align: justify;\">En las personas de la tercera edad no s\u00f3lo es importante <strong>planificar sesiones de fisioterapia adecuadas a\u00a0sus problemas de sal<\/strong>ud, de igual importancia es que los pacientes colaboren con sus fisioterapeutas y el resto\u00a0del tiempo tengan en cuenta sus consejos para que tengan una participaci\u00f3n activa en su propia recuperaci\u00f3n.<\/p>\n<p style=\"text-align: justify;\">Por ese motivo <strong>desde Fisiohogar nos implicamos en la recuperaci\u00f3n de nuestros pacientes<\/strong> ofreci\u00e9ndoles pautas a seguir en su d\u00eda a d\u00eda,\u00a0motiv\u00e1ndoles para la realizaci\u00f3n de ejercicios o\u00a0aconsej\u00e1ndoles para que eviten situaciones de riesgo. En definitiva, acompa\u00f1amos siempre a nuestros pacientes para asegurar que su recuperaci\u00f3n se consigue en el menor tiempo posible y de la manera m\u00e1s eficaz.<\/p>\n<p style=\"text-align: justify;\">En ning\u00fan caso creamos en Fisiohogar <strong>expectativas de recuperaci\u00f3n<\/strong> que no sean realistas, y esto se\u00a0lo explicamos siempre a nuestros pacientes, pues la colaboraci\u00f3n del paciente en su recuperaci\u00f3n y la confirmaci\u00f3n de los avances conseguidos es fundamental para que no se produzca ning\u00fan retroceso en esa mejor\u00eda, que se puede producir con nuestras sesiones de fisioterapia y que resulta evidente desde las primeras sesiones.<\/p>\n<p style=\"text-align: justify;\"><a href=\"http:\/\/www.fisiohogar.com\/alicante\/contacta-ahora\/\">P\u00f3ngase ahora en contacto con nosotros<\/a> y sin compromiso por su parte analizaremos su situaci\u00f3n y valoraremos todo lo que podemos hacer para que usted tambi\u00e9n pueda beneficiarse de la fisioterapia.<\/p>\n<p style=\"text-align: justify;\">Recuerde que para su comodidad, sobre todo en el caso de pacientes de la tercera edad, somos nosotros quienes nos desplazamos a su domicilio, en los d\u00edas y horas que a usted le resulte m\u00e1s conveniente.<\/p>\n","protected":false},"excerpt":{"rendered":"<p>En Fisiohogar contamos con profesionales de la fisioterapia que durante a\u00f1os han tratado a personas de la tercera edad y han realizado un seguimiento personalizado de sus diferentes patolog\u00edas en busca de las mejores  [&#8230;]<\/p>\n","protected":false},"author":1,"featured_media":589,"parent":0,"menu_order":0,"comment_status":"closed","ping_status":"closed","template":"","meta":{"_joinchat":[],"footnotes":""},"class_list":["post-43","page","type-page","status-publish","has-post-thumbnail","hentry"],"yoast_head":"<!-- This site is optimized with the Yoast SEO plugin v27.5 - https:\/\/yoast.com\/product\/yoast-seo-wordpress\/ -->\n<title>Fisioterapia en la tercera edad - Alicante<\/title>\n<meta name=\"robots\" content=\"index, follow, max-snippet:-1, max-image-preview:large, max-video-preview:-1\" \/>\n<link rel=\"canonical\" href=\"https:\/\/www.fisiohogar.com\/alicante\/fisioterapia-la-tercera-edad\/\" \/>\n<meta property=\"og:locale\" content=\"es_ES\" \/>\n<meta property=\"og:type\" content=\"article\" \/>\n<meta property=\"og:title\" content=\"Fisioterapia en la tercera edad - Alicante\" \/>\n<meta property=\"og:description\" content=\"En Fisiohogar contamos con profesionales de la fisioterapia que durante a\u00f1os han tratado a personas de la tercera edad y han realizado un seguimiento personalizado de sus diferentes patolog\u00edas en busca de las mejores [...]\" \/>\n<meta property=\"og:url\" content=\"https:\/\/www.fisiohogar.com\/alicante\/fisioterapia-la-tercera-edad\/\" \/>\n<meta property=\"og:site_name\" content=\"Alicante\" \/>\n<meta property=\"article:modified_time\" content=\"2022-09-13T14:58:18+00:00\" \/>\n<meta property=\"og:image\" content=\"https:\/\/www.fisiohogar.com\/alicante\/wp-content\/uploads\/sites\/10\/2016\/03\/fisioterapia-ancianos.jpg\" \/>\n\t<meta property=\"og:image:width\" content=\"900\" \/>\n\t<meta property=\"og:image:height\" content=\"506\" \/>\n\t<meta property=\"og:image:type\" content=\"image\/jpeg\" \/>\n<meta name=\"twitter:card\" content=\"summary_large_image\" \/>\n<meta name=\"twitter:label1\" content=\"Tiempo de lectura\" \/>\n\t<meta name=\"twitter:data1\" content=\"3 minutos\" \/>\n<script type=\"application\/ld+json\" class=\"yoast-schema-graph\">{\"@context\":\"https:\\\/\\\/schema.org\",\"@graph\":[{\"@type\":\"WebPage\",\"@id\":\"https:\\\/\\\/www.fisiohogar.com\\\/alicante\\\/fisioterapia-la-tercera-edad\\\/\",\"url\":\"https:\\\/\\\/www.fisiohogar.com\\\/alicante\\\/fisioterapia-la-tercera-edad\\\/\",\"name\":\"Fisioterapia en la tercera edad - Alicante\",\"isPartOf\":{\"@id\":\"https:\\\/\\\/www.fisiohogar.com\\\/alicante\\\/es\\\/fisioterapia-domicilio-alicante\\\/#website\"},\"primaryImageOfPage\":{\"@id\":\"https:\\\/\\\/www.fisiohogar.com\\\/alicante\\\/fisioterapia-la-tercera-edad\\\/#primaryimage\"},\"image\":{\"@id\":\"https:\\\/\\\/www.fisiohogar.com\\\/alicante\\\/fisioterapia-la-tercera-edad\\\/#primaryimage\"},\"thumbnailUrl\":\"https:\\\/\\\/www.fisiohogar.com\\\/alicante\\\/wp-content\\\/uploads\\\/sites\\\/10\\\/2016\\\/03\\\/fisioterapia-ancianos.jpg\",\"datePublished\":\"2016-03-09T11:00:39+00:00\",\"dateModified\":\"2022-09-13T14:58:18+00:00\",\"breadcrumb\":{\"@id\":\"https:\\\/\\\/www.fisiohogar.com\\\/alicante\\\/fisioterapia-la-tercera-edad\\\/#breadcrumb\"},\"inLanguage\":\"es\",\"potentialAction\":[{\"@type\":\"ReadAction\",\"target\":[\"https:\\\/\\\/www.fisiohogar.com\\\/alicante\\\/fisioterapia-la-tercera-edad\\\/\"]}]},{\"@type\":\"ImageObject\",\"inLanguage\":\"es\",\"@id\":\"https:\\\/\\\/www.fisiohogar.com\\\/alicante\\\/fisioterapia-la-tercera-edad\\\/#primaryimage\",\"url\":\"https:\\\/\\\/www.fisiohogar.com\\\/alicante\\\/wp-content\\\/uploads\\\/sites\\\/10\\\/2016\\\/03\\\/fisioterapia-ancianos.jpg\",\"contentUrl\":\"https:\\\/\\\/www.fisiohogar.com\\\/alicante\\\/wp-content\\\/uploads\\\/sites\\\/10\\\/2016\\\/03\\\/fisioterapia-ancianos.jpg\",\"width\":900,\"height\":506},{\"@type\":\"BreadcrumbList\",\"@id\":\"https:\\\/\\\/www.fisiohogar.com\\\/alicante\\\/fisioterapia-la-tercera-edad\\\/#breadcrumb\",\"itemListElement\":[{\"@type\":\"ListItem\",\"position\":1,\"name\":\"Portada\",\"item\":\"https:\\\/\\\/www.fisiohogar.com\\\/alicante\\\/\"},{\"@type\":\"ListItem\",\"position\":2,\"name\":\"Fisioterapia en la tercera edad\"}]},{\"@type\":\"WebSite\",\"@id\":\"https:\\\/\\\/www.fisiohogar.com\\\/alicante\\\/es\\\/fisioterapia-domicilio-alicante\\\/#website\",\"url\":\"https:\\\/\\\/www.fisiohogar.com\\\/alicante\\\/es\\\/fisioterapia-domicilio-alicante\\\/\",\"name\":\"Alicante\",\"description\":\"Fisioterapia a domicilio en Alicante\",\"potentialAction\":[{\"@type\":\"SearchAction\",\"target\":{\"@type\":\"EntryPoint\",\"urlTemplate\":\"https:\\\/\\\/www.fisiohogar.com\\\/alicante\\\/es\\\/fisioterapia-domicilio-alicante\\\/?s={search_term_string}\"},\"query-input\":{\"@type\":\"PropertyValueSpecification\",\"valueRequired\":true,\"valueName\":\"search_term_string\"}}],\"inLanguage\":\"es\"}]}<\/script>\n<!-- \/ Yoast SEO plugin. -->","yoast_head_json":{"title":"Fisioterapia en la tercera edad - Alicante","robots":{"index":"index","follow":"follow","max-snippet":"max-snippet:-1","max-image-preview":"max-image-preview:large","max-video-preview":"max-video-preview:-1"},"canonical":"https:\/\/www.fisiohogar.com\/alicante\/fisioterapia-la-tercera-edad\/","og_locale":"es_ES","og_type":"article","og_title":"Fisioterapia en la tercera edad - Alicante","og_description":"En Fisiohogar contamos con profesionales de la fisioterapia que durante a\u00f1os han tratado a personas de la tercera edad y han realizado un seguimiento personalizado de sus diferentes patolog\u00edas en busca de las mejores [...]","og_url":"https:\/\/www.fisiohogar.com\/alicante\/fisioterapia-la-tercera-edad\/","og_site_name":"Alicante","article_modified_time":"2022-09-13T14:58:18+00:00","og_image":[{"width":900,"height":506,"url":"https:\/\/www.fisiohogar.com\/alicante\/wp-content\/uploads\/sites\/10\/2016\/03\/fisioterapia-ancianos.jpg","type":"image\/jpeg"}],"twitter_card":"summary_large_image","twitter_misc":{"Tiempo de lectura":"3 minutos"},"schema":{"@context":"https:\/\/schema.org","@graph":[{"@type":"WebPage","@id":"https:\/\/www.fisiohogar.com\/alicante\/fisioterapia-la-tercera-edad\/","url":"https:\/\/www.fisiohogar.com\/alicante\/fisioterapia-la-tercera-edad\/","name":"Fisioterapia en la tercera edad - Alicante","isPartOf":{"@id":"https:\/\/www.fisiohogar.com\/alicante\/es\/fisioterapia-domicilio-alicante\/#website"},"primaryImageOfPage":{"@id":"https:\/\/www.fisiohogar.com\/alicante\/fisioterapia-la-tercera-edad\/#primaryimage"},"image":{"@id":"https:\/\/www.fisiohogar.com\/alicante\/fisioterapia-la-tercera-edad\/#primaryimage"},"thumbnailUrl":"https:\/\/www.fisiohogar.com\/alicante\/wp-content\/uploads\/sites\/10\/2016\/03\/fisioterapia-ancianos.jpg","datePublished":"2016-03-09T11:00:39+00:00","dateModified":"2022-09-13T14:58:18+00:00","breadcrumb":{"@id":"https:\/\/www.fisiohogar.com\/alicante\/fisioterapia-la-tercera-edad\/#breadcrumb"},"inLanguage":"es","potentialAction":[{"@type":"ReadAction","target":["https:\/\/www.fisiohogar.com\/alicante\/fisioterapia-la-tercera-edad\/"]}]},{"@type":"ImageObject","inLanguage":"es","@id":"https:\/\/www.fisiohogar.com\/alicante\/fisioterapia-la-tercera-edad\/#primaryimage","url":"https:\/\/www.fisiohogar.com\/alicante\/wp-content\/uploads\/sites\/10\/2016\/03\/fisioterapia-ancianos.jpg","contentUrl":"https:\/\/www.fisiohogar.com\/alicante\/wp-content\/uploads\/sites\/10\/2016\/03\/fisioterapia-ancianos.jpg","width":900,"height":506},{"@type":"BreadcrumbList","@id":"https:\/\/www.fisiohogar.com\/alicante\/fisioterapia-la-tercera-edad\/#breadcrumb","itemListElement":[{"@type":"ListItem","position":1,"name":"Portada","item":"https:\/\/www.fisiohogar.com\/alicante\/"},{"@type":"ListItem","position":2,"name":"Fisioterapia en la tercera edad"}]},{"@type":"WebSite","@id":"https:\/\/www.fisiohogar.com\/alicante\/es\/fisioterapia-domicilio-alicante\/#website","url":"https:\/\/www.fisiohogar.com\/alicante\/es\/fisioterapia-domicilio-alicante\/","name":"Alicante","description":"Fisioterapia a domicilio en Alicante","potentialAction":[{"@type":"SearchAction","target":{"@type":"EntryPoint","urlTemplate":"https:\/\/www.fisiohogar.com\/alicante\/es\/fisioterapia-domicilio-alicante\/?s={search_term_string}"},"query-input":{"@type":"PropertyValueSpecification","valueRequired":true,"valueName":"search_term_string"}}],"inLanguage":"es"}]}},"_links":{"self":[{"href":"https:\/\/www.fisiohogar.com\/alicante\/wp-json\/wp\/v2\/pages\/43","targetHints":{"allow":["GET"]}}],"collection":[{"href":"https:\/\/www.fisiohogar.com\/alicante\/wp-json\/wp\/v2\/pages"}],"about":[{"href":"https:\/\/www.fisiohogar.com\/alicante\/wp-json\/wp\/v2\/types\/page"}],"author":[{"embeddable":true,"href":"https:\/\/www.fisiohogar.com\/alicante\/wp-json\/wp\/v2\/users\/1"}],"replies":[{"embeddable":true,"href":"https:\/\/www.fisiohogar.com\/alicante\/wp-json\/wp\/v2\/comments?post=43"}],"version-history":[{"count":2,"href":"https:\/\/www.fisiohogar.com\/alicante\/wp-json\/wp\/v2\/pages\/43\/revisions"}],"predecessor-version":[{"id":590,"href":"https:\/\/www.fisiohogar.com\/alicante\/wp-json\/wp\/v2\/pages\/43\/revisions\/590"}],"wp:featuredmedia":[{"embeddable":true,"href":"https:\/\/www.fisiohogar.com\/alicante\/wp-json\/wp\/v2\/media\/589"}],"wp:attachment":[{"href":"https:\/\/www.fisiohogar.com\/alicante\/wp-json\/wp\/v2\/media?parent=43"}],"curies":[{"name":"wp","href":"https:\/\/api.w.org\/{rel}","templated":true}]}}