{"id":39,"date":"2016-03-09T10:59:41","date_gmt":"2016-03-09T10:59:41","guid":{"rendered":"http:\/\/www.fisiohogar.com\/sansebastiandelosreyes\/?page_id=39"},"modified":"2022-09-13T15:14:13","modified_gmt":"2022-09-13T15:14:13","slug":"fisioterapeutas-colegiados","status":"publish","type":"page","link":"https:\/\/www.fisiohogar.com\/alicante\/fisioterapeutas-colegiados\/","title":{"rendered":"Fisioterapeutas colegiados"},"content":{"rendered":"<p style=\"text-align: justify;\"><strong>En Fisiohogar nos tomamos muy en serio nuestro trabajo<\/strong> porque sabemos que nuestros pacientes\u00a0merecen en todo momento una atenci\u00f3n con todas las garant\u00edas.<\/p>\n<p style=\"text-align: justify;\">Por ese motivo todas las personas que le atender\u00e1n desde Fisiohogar son <strong>fisioterapeutas colegiados<\/strong>, que cuentan con los conocimientos y la experiencia necesarias para que los tratamientos que apliquen en todo momento sean los m\u00e1s acertados.<\/p>\n<p style=\"text-align: justify;\"><img decoding=\"async\" class=\"aligncenter size-full wp-image-565\" src=\"http:\/\/www.fisiohogar.com\/alicante\/wp-content\/uploads\/sites\/10\/2016\/03\/fisio-colegiados.jpg\" alt=\"fisio-colegiados\" width=\"900\" height=\"429\" srcset=\"https:\/\/www.fisiohogar.com\/alicante\/wp-content\/uploads\/sites\/10\/2016\/03\/fisio-colegiados-300x143.jpg 300w, https:\/\/www.fisiohogar.com\/alicante\/wp-content\/uploads\/sites\/10\/2016\/03\/fisio-colegiados-768x366.jpg 768w, https:\/\/www.fisiohogar.com\/alicante\/wp-content\/uploads\/sites\/10\/2016\/03\/fisio-colegiados.jpg 900w\" sizes=\"(max-width: 900px) 100vw, 900px\" \/><\/p>\n<p style=\"text-align: justify;\">Para inscribirse\u00a0en los colegios de fisioterapia es necesario tener la titulaci\u00f3n correspondiente. Con\u00a0ese t\u00edtulo universitario y\u00a0tras haber pasado\u00a0por las juntas de valoraci\u00f3n de diferentes entidades que certifican la formaci\u00f3n de profesional se procede a inscribirle como colegiado.<\/p>\n<p style=\"text-align: justify;\">Para ser un fisioterapeuta colegiado es necesario que se cumplan varios requisitos como la obtenci\u00f3n de un seguro de responsabilidad civil o el compromiso de cumplir el c\u00f3digo deontol\u00f3gico de la fisioterapia.<\/p>\n<p style=\"text-align: justify;\"><strong>Garant\u00eda de profesionales bien formados<\/strong><\/p>\n<p style=\"text-align: justify;\">Al igual que sucede en otros terrenos de la sanidad, para cualquier profesional resulta imprescindible la constante actualizaci\u00f3n de sus conocimientos. As\u00ed sucede con los fisioterapeutas que trabajan en Fisiohogar, que se encuentran en una constante actualizaci\u00f3n de sus conocimientos<strong>.<\/strong><\/p>\n<p style=\"text-align: justify;\">Los fisioterapeutas colegiados tienen acceso a cursos que les permiten conocer los \u00faltimos avances en el terreno de la fisioterapia.<\/p>\n<p style=\"text-align: justify;\">En definitiva, en Fisiohogar encontrar\u00e1 a profesionales con experiencia, pero tambi\u00e9n interesados en la puesta al d\u00eda de sus conocimientos, ya que esta es la \u00fanica manera posible de garantizar que siempre se aplicar\u00e1n los tratamientos m\u00e1s acertados y eficaces para cada patolog\u00eda.<\/p>\n","protected":false},"excerpt":{"rendered":"<p>En Fisiohogar nos tomamos muy en serio nuestro trabajo porque sabemos que nuestros pacientes\u00a0merecen en todo momento una atenci\u00f3n con todas las garant\u00edas. Por ese motivo todas las personas que le atender\u00e1n desde Fisiohogar  [&#8230;]<\/p>\n","protected":false},"author":1,"featured_media":565,"parent":0,"menu_order":0,"comment_status":"closed","ping_status":"closed","template":"","meta":{"_joinchat":[],"footnotes":""},"class_list":["post-39","page","type-page","status-publish","has-post-thumbnail","hentry"],"yoast_head":"<!-- This site is optimized with the Yoast SEO plugin v27.6 - https:\/\/yoast.com\/product\/yoast-seo-wordpress\/ -->\n<title>Fisioterapeutas colegiados - Alicante<\/title>\n<meta name=\"robots\" content=\"index, follow, max-snippet:-1, max-image-preview:large, max-video-preview:-1\" \/>\n<link rel=\"canonical\" href=\"https:\/\/www.fisiohogar.com\/alicante\/fisioterapeutas-colegiados\/\" \/>\n<meta property=\"og:locale\" content=\"es_ES\" \/>\n<meta property=\"og:type\" content=\"article\" \/>\n<meta property=\"og:title\" content=\"Fisioterapeutas colegiados - Alicante\" \/>\n<meta property=\"og:description\" content=\"En Fisiohogar nos tomamos muy en serio nuestro trabajo porque sabemos que nuestros pacientes\u00a0merecen en todo momento una atenci\u00f3n con todas las garant\u00edas. Por ese motivo todas las personas que le atender\u00e1n desde Fisiohogar [...]\" \/>\n<meta property=\"og:url\" content=\"https:\/\/www.fisiohogar.com\/alicante\/fisioterapeutas-colegiados\/\" \/>\n<meta property=\"og:site_name\" content=\"Alicante\" \/>\n<meta property=\"article:modified_time\" content=\"2022-09-13T15:14:13+00:00\" \/>\n<meta property=\"og:image\" content=\"https:\/\/www.fisiohogar.com\/alicante\/wp-content\/uploads\/sites\/10\/2016\/03\/fisio-colegiados.jpg\" \/>\n\t<meta property=\"og:image:width\" content=\"900\" \/>\n\t<meta property=\"og:image:height\" content=\"429\" \/>\n\t<meta property=\"og:image:type\" content=\"image\/jpeg\" \/>\n<meta name=\"twitter:card\" content=\"summary_large_image\" \/>\n<meta name=\"twitter:label1\" content=\"Tiempo de lectura\" \/>\n\t<meta name=\"twitter:data1\" content=\"2 minutos\" \/>\n<script type=\"application\/ld+json\" class=\"yoast-schema-graph\">{\"@context\":\"https:\\\/\\\/schema.org\",\"@graph\":[{\"@type\":\"WebPage\",\"@id\":\"https:\\\/\\\/www.fisiohogar.com\\\/alicante\\\/fisioterapeutas-colegiados\\\/\",\"url\":\"https:\\\/\\\/www.fisiohogar.com\\\/alicante\\\/fisioterapeutas-colegiados\\\/\",\"name\":\"Fisioterapeutas colegiados - Alicante\",\"isPartOf\":{\"@id\":\"https:\\\/\\\/www.fisiohogar.com\\\/alicante\\\/es\\\/fisioterapia-domicilio-alicante\\\/#website\"},\"primaryImageOfPage\":{\"@id\":\"https:\\\/\\\/www.fisiohogar.com\\\/alicante\\\/fisioterapeutas-colegiados\\\/#primaryimage\"},\"image\":{\"@id\":\"https:\\\/\\\/www.fisiohogar.com\\\/alicante\\\/fisioterapeutas-colegiados\\\/#primaryimage\"},\"thumbnailUrl\":\"https:\\\/\\\/www.fisiohogar.com\\\/alicante\\\/wp-content\\\/uploads\\\/sites\\\/10\\\/2016\\\/03\\\/fisio-colegiados.jpg\",\"datePublished\":\"2016-03-09T10:59:41+00:00\",\"dateModified\":\"2022-09-13T15:14:13+00:00\",\"breadcrumb\":{\"@id\":\"https:\\\/\\\/www.fisiohogar.com\\\/alicante\\\/fisioterapeutas-colegiados\\\/#breadcrumb\"},\"inLanguage\":\"es\",\"potentialAction\":[{\"@type\":\"ReadAction\",\"target\":[\"https:\\\/\\\/www.fisiohogar.com\\\/alicante\\\/fisioterapeutas-colegiados\\\/\"]}]},{\"@type\":\"ImageObject\",\"inLanguage\":\"es\",\"@id\":\"https:\\\/\\\/www.fisiohogar.com\\\/alicante\\\/fisioterapeutas-colegiados\\\/#primaryimage\",\"url\":\"https:\\\/\\\/www.fisiohogar.com\\\/alicante\\\/wp-content\\\/uploads\\\/sites\\\/10\\\/2016\\\/03\\\/fisio-colegiados.jpg\",\"contentUrl\":\"https:\\\/\\\/www.fisiohogar.com\\\/alicante\\\/wp-content\\\/uploads\\\/sites\\\/10\\\/2016\\\/03\\\/fisio-colegiados.jpg\",\"width\":900,\"height\":429},{\"@type\":\"BreadcrumbList\",\"@id\":\"https:\\\/\\\/www.fisiohogar.com\\\/alicante\\\/fisioterapeutas-colegiados\\\/#breadcrumb\",\"itemListElement\":[{\"@type\":\"ListItem\",\"position\":1,\"name\":\"Portada\",\"item\":\"https:\\\/\\\/www.fisiohogar.com\\\/alicante\\\/\"},{\"@type\":\"ListItem\",\"position\":2,\"name\":\"Fisioterapeutas colegiados\"}]},{\"@type\":\"WebSite\",\"@id\":\"https:\\\/\\\/www.fisiohogar.com\\\/alicante\\\/es\\\/fisioterapia-domicilio-alicante\\\/#website\",\"url\":\"https:\\\/\\\/www.fisiohogar.com\\\/alicante\\\/es\\\/fisioterapia-domicilio-alicante\\\/\",\"name\":\"Alicante\",\"description\":\"Fisioterapia a domicilio en Alicante\",\"potentialAction\":[{\"@type\":\"SearchAction\",\"target\":{\"@type\":\"EntryPoint\",\"urlTemplate\":\"https:\\\/\\\/www.fisiohogar.com\\\/alicante\\\/es\\\/fisioterapia-domicilio-alicante\\\/?s={search_term_string}\"},\"query-input\":{\"@type\":\"PropertyValueSpecification\",\"valueRequired\":true,\"valueName\":\"search_term_string\"}}],\"inLanguage\":\"es\"}]}<\/script>\n<!-- \/ Yoast SEO plugin. -->","yoast_head_json":{"title":"Fisioterapeutas colegiados - Alicante","robots":{"index":"index","follow":"follow","max-snippet":"max-snippet:-1","max-image-preview":"max-image-preview:large","max-video-preview":"max-video-preview:-1"},"canonical":"https:\/\/www.fisiohogar.com\/alicante\/fisioterapeutas-colegiados\/","og_locale":"es_ES","og_type":"article","og_title":"Fisioterapeutas colegiados - Alicante","og_description":"En Fisiohogar nos tomamos muy en serio nuestro trabajo porque sabemos que nuestros pacientes\u00a0merecen en todo momento una atenci\u00f3n con todas las garant\u00edas. Por ese motivo todas las personas que le atender\u00e1n desde Fisiohogar [...]","og_url":"https:\/\/www.fisiohogar.com\/alicante\/fisioterapeutas-colegiados\/","og_site_name":"Alicante","article_modified_time":"2022-09-13T15:14:13+00:00","og_image":[{"width":900,"height":429,"url":"https:\/\/www.fisiohogar.com\/alicante\/wp-content\/uploads\/sites\/10\/2016\/03\/fisio-colegiados.jpg","type":"image\/jpeg"}],"twitter_card":"summary_large_image","twitter_misc":{"Tiempo de lectura":"2 minutos"},"schema":{"@context":"https:\/\/schema.org","@graph":[{"@type":"WebPage","@id":"https:\/\/www.fisiohogar.com\/alicante\/fisioterapeutas-colegiados\/","url":"https:\/\/www.fisiohogar.com\/alicante\/fisioterapeutas-colegiados\/","name":"Fisioterapeutas colegiados - Alicante","isPartOf":{"@id":"https:\/\/www.fisiohogar.com\/alicante\/es\/fisioterapia-domicilio-alicante\/#website"},"primaryImageOfPage":{"@id":"https:\/\/www.fisiohogar.com\/alicante\/fisioterapeutas-colegiados\/#primaryimage"},"image":{"@id":"https:\/\/www.fisiohogar.com\/alicante\/fisioterapeutas-colegiados\/#primaryimage"},"thumbnailUrl":"https:\/\/www.fisiohogar.com\/alicante\/wp-content\/uploads\/sites\/10\/2016\/03\/fisio-colegiados.jpg","datePublished":"2016-03-09T10:59:41+00:00","dateModified":"2022-09-13T15:14:13+00:00","breadcrumb":{"@id":"https:\/\/www.fisiohogar.com\/alicante\/fisioterapeutas-colegiados\/#breadcrumb"},"inLanguage":"es","potentialAction":[{"@type":"ReadAction","target":["https:\/\/www.fisiohogar.com\/alicante\/fisioterapeutas-colegiados\/"]}]},{"@type":"ImageObject","inLanguage":"es","@id":"https:\/\/www.fisiohogar.com\/alicante\/fisioterapeutas-colegiados\/#primaryimage","url":"https:\/\/www.fisiohogar.com\/alicante\/wp-content\/uploads\/sites\/10\/2016\/03\/fisio-colegiados.jpg","contentUrl":"https:\/\/www.fisiohogar.com\/alicante\/wp-content\/uploads\/sites\/10\/2016\/03\/fisio-colegiados.jpg","width":900,"height":429},{"@type":"BreadcrumbList","@id":"https:\/\/www.fisiohogar.com\/alicante\/fisioterapeutas-colegiados\/#breadcrumb","itemListElement":[{"@type":"ListItem","position":1,"name":"Portada","item":"https:\/\/www.fisiohogar.com\/alicante\/"},{"@type":"ListItem","position":2,"name":"Fisioterapeutas colegiados"}]},{"@type":"WebSite","@id":"https:\/\/www.fisiohogar.com\/alicante\/es\/fisioterapia-domicilio-alicante\/#website","url":"https:\/\/www.fisiohogar.com\/alicante\/es\/fisioterapia-domicilio-alicante\/","name":"Alicante","description":"Fisioterapia a domicilio en Alicante","potentialAction":[{"@type":"SearchAction","target":{"@type":"EntryPoint","urlTemplate":"https:\/\/www.fisiohogar.com\/alicante\/es\/fisioterapia-domicilio-alicante\/?s={search_term_string}"},"query-input":{"@type":"PropertyValueSpecification","valueRequired":true,"valueName":"search_term_string"}}],"inLanguage":"es"}]}},"_links":{"self":[{"href":"https:\/\/www.fisiohogar.com\/alicante\/wp-json\/wp\/v2\/pages\/39","targetHints":{"allow":["GET"]}}],"collection":[{"href":"https:\/\/www.fisiohogar.com\/alicante\/wp-json\/wp\/v2\/pages"}],"about":[{"href":"https:\/\/www.fisiohogar.com\/alicante\/wp-json\/wp\/v2\/types\/page"}],"author":[{"embeddable":true,"href":"https:\/\/www.fisiohogar.com\/alicante\/wp-json\/wp\/v2\/users\/1"}],"replies":[{"embeddable":true,"href":"https:\/\/www.fisiohogar.com\/alicante\/wp-json\/wp\/v2\/comments?post=39"}],"version-history":[{"count":2,"href":"https:\/\/www.fisiohogar.com\/alicante\/wp-json\/wp\/v2\/pages\/39\/revisions"}],"predecessor-version":[{"id":566,"href":"https:\/\/www.fisiohogar.com\/alicante\/wp-json\/wp\/v2\/pages\/39\/revisions\/566"}],"wp:featuredmedia":[{"embeddable":true,"href":"https:\/\/www.fisiohogar.com\/alicante\/wp-json\/wp\/v2\/media\/565"}],"wp:attachment":[{"href":"https:\/\/www.fisiohogar.com\/alicante\/wp-json\/wp\/v2\/media?parent=39"}],"curies":[{"name":"wp","href":"https:\/\/api.w.org\/{rel}","templated":true}]}}