{"id":29,"date":"2016-03-09T10:58:01","date_gmt":"2016-03-09T10:58:01","guid":{"rendered":"http:\/\/www.fisiohogar.com\/sansebastiandelosreyes\/?page_id=29"},"modified":"2022-09-13T14:56:40","modified_gmt":"2022-09-13T14:56:40","slug":"fisioterapia-respiratoria","status":"publish","type":"page","link":"https:\/\/www.fisiohogar.com\/alicante\/fisioterapia-respiratoria\/","title":{"rendered":"Fisioterapia respiratoria"},"content":{"rendered":"<p style=\"text-align: justify;\">La fisioterapia para pacientes que tienen <strong>diferentes tipos de padecimientos respiratorios<\/strong> es un servicio que tambi\u00e9n ofrecemos en Alicante, y est\u00e1 orientado a mejorar la calidad de vida de estos pacientes.<\/p>\n<p style=\"text-align: justify;\">Por medio de las sesiones de fisioterapia lo que conseguimos es que se puedan <strong>eliminar las secreciones mucosas traqueobranquiales<\/strong>, para esto empleamos t\u00e9cnicas que est\u00e1n creadas para que mejore la capacidad respiratoria.<\/p>\n<p style=\"text-align: justify;\"><img decoding=\"async\" class=\"aligncenter size-full wp-image-572\" src=\"http:\/\/www.fisiohogar.com\/alicante\/wp-content\/uploads\/sites\/10\/2016\/03\/fisioterapia-respiratoria.jpg\" alt=\"fisioterapia-respiratoria\" width=\"900\" height=\"600\" srcset=\"https:\/\/www.fisiohogar.com\/alicante\/wp-content\/uploads\/sites\/10\/2016\/03\/fisioterapia-respiratoria-300x200.jpg 300w, https:\/\/www.fisiohogar.com\/alicante\/wp-content\/uploads\/sites\/10\/2016\/03\/fisioterapia-respiratoria-768x512.jpg 768w, https:\/\/www.fisiohogar.com\/alicante\/wp-content\/uploads\/sites\/10\/2016\/03\/fisioterapia-respiratoria.jpg 900w\" sizes=\"(max-width: 900px) 100vw, 900px\" \/><\/p>\n<p style=\"text-align: justify;\">La fisioterapia est\u00e1 especialmente indicada en el tratamiento de:<\/p>\n<ol>\n<li>El\u00a0asma.<\/li>\n<li>Padecimientos neuromusculares.<\/li>\n<li>EPOC.<\/li>\n<li>La fibrosis qu\u00edstica.<\/li>\n<li>Los procesos agudos como absceso pulmonar o la\u00a0neumon\u00eda.<\/li>\n<li>COVID persistente.<\/li>\n<\/ol>\n<p style=\"text-align: justify;\">Hay m\u00e1s casos en los que tambi\u00e9n puede ser muy aconsejable la fisioterapia respiratoria, por ejemplo en los casos en los que se ha producido un trasplante pulmonar o de otros \u00f3rganamos como el h\u00edgado o el coraz\u00f3n.<\/p>\n<p style=\"text-align: justify;\"><strong>Nuestros fisioterapeutas siempre evaluar\u00e1n el estado de salud del paciente<\/strong>, atendiendo a su edad, y valorando qu\u00e9 capacidad puede tener para colaborar pues no se puede esperar lo mismo de un adulto que de un ni\u00f1o de corta edad.<\/p>\n<p style=\"text-align: justify;\">Una vez realizado el estudio para <strong>valorar el mejor tratamiento<\/strong> se pondr\u00e1 en marcha un plan de sesiones de fisioterapia que suelen incluir las siguientes t\u00e9cnicas:<\/p>\n<ol>\n<li>Drenaje postural.<\/li>\n<li>Control de la respiraci\u00f3n diafragm\u00e1tica.<\/li>\n<li>Ejercicios para favorecer la expansi\u00f3n tor\u00e1cica.<\/li>\n<li>Vibraci\u00f3n y comprensi\u00f3n tor\u00e1cica.<\/li>\n<li>T\u00e9cnicas de tos provocada.<\/li>\n<\/ol>\n<p style=\"text-align: justify;\"><a href=\"http:\/\/www.fisiohogar.com\/alicante\/contacta-ahora\/\">Contacte ahora con nosotros<\/a> y un fisioterapeuta le atender\u00e1 para <strong>acordar un d\u00eda y hora<\/strong>, el que a usted le convenga, para desplazarse a su domicilio.<\/p>\n<p style=\"text-align: justify;\">Tras realizar una valoraci\u00f3n de su estado, que no tendr\u00e1 ning\u00fan coste adicional y no supondr\u00e1 para usted ning\u00fan compromiso para futuras sesiones de fisioterapia, le propondr\u00e1 un tratamiento en el que se le explicar\u00e1n las expectativas que puede tener si se desarrolla tal y como le proponga el fisioterapeuta.<\/p>\n<p style=\"text-align: justify;\">Recuerde una <strong>actitud colaborativa<\/strong> por su parte, siguiendo los consejos de nuestro fisioterapeuta para evitar riesgos o situaciones en las que pueda empeorar su estado de salud, es fundamental para conseguir una mejora sostenida en el tiempo.<\/p>\n<p style=\"text-align: justify;\">En todo momento tendr\u00e1 en nuestros fisioterapeutas a profesionales con los conocimientos y experiencia que le garantizar\u00e1n la m\u00e1s correcta y acertada atenci\u00f3n.<\/p>\n","protected":false},"excerpt":{"rendered":"<p>La fisioterapia para pacientes que tienen diferentes tipos de padecimientos respiratorios es un servicio que tambi\u00e9n ofrecemos en Alicante, y est\u00e1 orientado a mejorar la calidad de vida de estos pacientes. Por medio de  [&#8230;]<\/p>\n","protected":false},"author":1,"featured_media":572,"parent":0,"menu_order":0,"comment_status":"closed","ping_status":"closed","template":"","meta":{"_joinchat":[],"footnotes":""},"class_list":["post-29","page","type-page","status-publish","has-post-thumbnail","hentry"],"yoast_head":"<!-- This site is optimized with the Yoast SEO plugin v27.5 - https:\/\/yoast.com\/product\/yoast-seo-wordpress\/ -->\n<title>Fisioterapia respiratoria - Alicante<\/title>\n<meta name=\"robots\" content=\"index, follow, max-snippet:-1, max-image-preview:large, max-video-preview:-1\" \/>\n<link rel=\"canonical\" href=\"https:\/\/www.fisiohogar.com\/alicante\/fisioterapia-respiratoria\/\" \/>\n<meta property=\"og:locale\" content=\"es_ES\" \/>\n<meta property=\"og:type\" content=\"article\" \/>\n<meta property=\"og:title\" content=\"Fisioterapia respiratoria - Alicante\" \/>\n<meta property=\"og:description\" content=\"La fisioterapia para pacientes que tienen diferentes tipos de padecimientos respiratorios es un servicio que tambi\u00e9n ofrecemos en Alicante, y est\u00e1 orientado a mejorar la calidad de vida de estos pacientes. Por medio de [...]\" \/>\n<meta property=\"og:url\" content=\"https:\/\/www.fisiohogar.com\/alicante\/fisioterapia-respiratoria\/\" \/>\n<meta property=\"og:site_name\" content=\"Alicante\" \/>\n<meta property=\"article:modified_time\" content=\"2022-09-13T14:56:40+00:00\" \/>\n<meta property=\"og:image\" content=\"https:\/\/www.fisiohogar.com\/alicante\/wp-content\/uploads\/sites\/10\/2016\/03\/fisioterapia-respiratoria.jpg\" \/>\n\t<meta property=\"og:image:width\" content=\"900\" \/>\n\t<meta property=\"og:image:height\" content=\"600\" \/>\n\t<meta property=\"og:image:type\" content=\"image\/jpeg\" \/>\n<meta name=\"twitter:card\" content=\"summary_large_image\" \/>\n<meta name=\"twitter:label1\" content=\"Tiempo de lectura\" \/>\n\t<meta name=\"twitter:data1\" content=\"2 minutos\" \/>\n<script type=\"application\/ld+json\" class=\"yoast-schema-graph\">{\"@context\":\"https:\\\/\\\/schema.org\",\"@graph\":[{\"@type\":\"WebPage\",\"@id\":\"https:\\\/\\\/www.fisiohogar.com\\\/alicante\\\/fisioterapia-respiratoria\\\/\",\"url\":\"https:\\\/\\\/www.fisiohogar.com\\\/alicante\\\/fisioterapia-respiratoria\\\/\",\"name\":\"Fisioterapia respiratoria - Alicante\",\"isPartOf\":{\"@id\":\"https:\\\/\\\/www.fisiohogar.com\\\/alicante\\\/es\\\/fisioterapia-domicilio-alicante\\\/#website\"},\"primaryImageOfPage\":{\"@id\":\"https:\\\/\\\/www.fisiohogar.com\\\/alicante\\\/fisioterapia-respiratoria\\\/#primaryimage\"},\"image\":{\"@id\":\"https:\\\/\\\/www.fisiohogar.com\\\/alicante\\\/fisioterapia-respiratoria\\\/#primaryimage\"},\"thumbnailUrl\":\"https:\\\/\\\/www.fisiohogar.com\\\/alicante\\\/wp-content\\\/uploads\\\/sites\\\/10\\\/2016\\\/03\\\/fisioterapia-respiratoria.jpg\",\"datePublished\":\"2016-03-09T10:58:01+00:00\",\"dateModified\":\"2022-09-13T14:56:40+00:00\",\"breadcrumb\":{\"@id\":\"https:\\\/\\\/www.fisiohogar.com\\\/alicante\\\/fisioterapia-respiratoria\\\/#breadcrumb\"},\"inLanguage\":\"es\",\"potentialAction\":[{\"@type\":\"ReadAction\",\"target\":[\"https:\\\/\\\/www.fisiohogar.com\\\/alicante\\\/fisioterapia-respiratoria\\\/\"]}]},{\"@type\":\"ImageObject\",\"inLanguage\":\"es\",\"@id\":\"https:\\\/\\\/www.fisiohogar.com\\\/alicante\\\/fisioterapia-respiratoria\\\/#primaryimage\",\"url\":\"https:\\\/\\\/www.fisiohogar.com\\\/alicante\\\/wp-content\\\/uploads\\\/sites\\\/10\\\/2016\\\/03\\\/fisioterapia-respiratoria.jpg\",\"contentUrl\":\"https:\\\/\\\/www.fisiohogar.com\\\/alicante\\\/wp-content\\\/uploads\\\/sites\\\/10\\\/2016\\\/03\\\/fisioterapia-respiratoria.jpg\",\"width\":900,\"height\":600},{\"@type\":\"BreadcrumbList\",\"@id\":\"https:\\\/\\\/www.fisiohogar.com\\\/alicante\\\/fisioterapia-respiratoria\\\/#breadcrumb\",\"itemListElement\":[{\"@type\":\"ListItem\",\"position\":1,\"name\":\"Portada\",\"item\":\"https:\\\/\\\/www.fisiohogar.com\\\/alicante\\\/\"},{\"@type\":\"ListItem\",\"position\":2,\"name\":\"Fisioterapia respiratoria\"}]},{\"@type\":\"WebSite\",\"@id\":\"https:\\\/\\\/www.fisiohogar.com\\\/alicante\\\/es\\\/fisioterapia-domicilio-alicante\\\/#website\",\"url\":\"https:\\\/\\\/www.fisiohogar.com\\\/alicante\\\/es\\\/fisioterapia-domicilio-alicante\\\/\",\"name\":\"Alicante\",\"description\":\"Fisioterapia a domicilio en Alicante\",\"potentialAction\":[{\"@type\":\"SearchAction\",\"target\":{\"@type\":\"EntryPoint\",\"urlTemplate\":\"https:\\\/\\\/www.fisiohogar.com\\\/alicante\\\/es\\\/fisioterapia-domicilio-alicante\\\/?s={search_term_string}\"},\"query-input\":{\"@type\":\"PropertyValueSpecification\",\"valueRequired\":true,\"valueName\":\"search_term_string\"}}],\"inLanguage\":\"es\"}]}<\/script>\n<!-- \/ Yoast SEO plugin. -->","yoast_head_json":{"title":"Fisioterapia respiratoria - Alicante","robots":{"index":"index","follow":"follow","max-snippet":"max-snippet:-1","max-image-preview":"max-image-preview:large","max-video-preview":"max-video-preview:-1"},"canonical":"https:\/\/www.fisiohogar.com\/alicante\/fisioterapia-respiratoria\/","og_locale":"es_ES","og_type":"article","og_title":"Fisioterapia respiratoria - Alicante","og_description":"La fisioterapia para pacientes que tienen diferentes tipos de padecimientos respiratorios es un servicio que tambi\u00e9n ofrecemos en Alicante, y est\u00e1 orientado a mejorar la calidad de vida de estos pacientes. Por medio de [...]","og_url":"https:\/\/www.fisiohogar.com\/alicante\/fisioterapia-respiratoria\/","og_site_name":"Alicante","article_modified_time":"2022-09-13T14:56:40+00:00","og_image":[{"width":900,"height":600,"url":"https:\/\/www.fisiohogar.com\/alicante\/wp-content\/uploads\/sites\/10\/2016\/03\/fisioterapia-respiratoria.jpg","type":"image\/jpeg"}],"twitter_card":"summary_large_image","twitter_misc":{"Tiempo de lectura":"2 minutos"},"schema":{"@context":"https:\/\/schema.org","@graph":[{"@type":"WebPage","@id":"https:\/\/www.fisiohogar.com\/alicante\/fisioterapia-respiratoria\/","url":"https:\/\/www.fisiohogar.com\/alicante\/fisioterapia-respiratoria\/","name":"Fisioterapia respiratoria - Alicante","isPartOf":{"@id":"https:\/\/www.fisiohogar.com\/alicante\/es\/fisioterapia-domicilio-alicante\/#website"},"primaryImageOfPage":{"@id":"https:\/\/www.fisiohogar.com\/alicante\/fisioterapia-respiratoria\/#primaryimage"},"image":{"@id":"https:\/\/www.fisiohogar.com\/alicante\/fisioterapia-respiratoria\/#primaryimage"},"thumbnailUrl":"https:\/\/www.fisiohogar.com\/alicante\/wp-content\/uploads\/sites\/10\/2016\/03\/fisioterapia-respiratoria.jpg","datePublished":"2016-03-09T10:58:01+00:00","dateModified":"2022-09-13T14:56:40+00:00","breadcrumb":{"@id":"https:\/\/www.fisiohogar.com\/alicante\/fisioterapia-respiratoria\/#breadcrumb"},"inLanguage":"es","potentialAction":[{"@type":"ReadAction","target":["https:\/\/www.fisiohogar.com\/alicante\/fisioterapia-respiratoria\/"]}]},{"@type":"ImageObject","inLanguage":"es","@id":"https:\/\/www.fisiohogar.com\/alicante\/fisioterapia-respiratoria\/#primaryimage","url":"https:\/\/www.fisiohogar.com\/alicante\/wp-content\/uploads\/sites\/10\/2016\/03\/fisioterapia-respiratoria.jpg","contentUrl":"https:\/\/www.fisiohogar.com\/alicante\/wp-content\/uploads\/sites\/10\/2016\/03\/fisioterapia-respiratoria.jpg","width":900,"height":600},{"@type":"BreadcrumbList","@id":"https:\/\/www.fisiohogar.com\/alicante\/fisioterapia-respiratoria\/#breadcrumb","itemListElement":[{"@type":"ListItem","position":1,"name":"Portada","item":"https:\/\/www.fisiohogar.com\/alicante\/"},{"@type":"ListItem","position":2,"name":"Fisioterapia respiratoria"}]},{"@type":"WebSite","@id":"https:\/\/www.fisiohogar.com\/alicante\/es\/fisioterapia-domicilio-alicante\/#website","url":"https:\/\/www.fisiohogar.com\/alicante\/es\/fisioterapia-domicilio-alicante\/","name":"Alicante","description":"Fisioterapia a domicilio en Alicante","potentialAction":[{"@type":"SearchAction","target":{"@type":"EntryPoint","urlTemplate":"https:\/\/www.fisiohogar.com\/alicante\/es\/fisioterapia-domicilio-alicante\/?s={search_term_string}"},"query-input":{"@type":"PropertyValueSpecification","valueRequired":true,"valueName":"search_term_string"}}],"inLanguage":"es"}]}},"_links":{"self":[{"href":"https:\/\/www.fisiohogar.com\/alicante\/wp-json\/wp\/v2\/pages\/29","targetHints":{"allow":["GET"]}}],"collection":[{"href":"https:\/\/www.fisiohogar.com\/alicante\/wp-json\/wp\/v2\/pages"}],"about":[{"href":"https:\/\/www.fisiohogar.com\/alicante\/wp-json\/wp\/v2\/types\/page"}],"author":[{"embeddable":true,"href":"https:\/\/www.fisiohogar.com\/alicante\/wp-json\/wp\/v2\/users\/1"}],"replies":[{"embeddable":true,"href":"https:\/\/www.fisiohogar.com\/alicante\/wp-json\/wp\/v2\/comments?post=29"}],"version-history":[{"count":4,"href":"https:\/\/www.fisiohogar.com\/alicante\/wp-json\/wp\/v2\/pages\/29\/revisions"}],"predecessor-version":[{"id":4977,"href":"https:\/\/www.fisiohogar.com\/alicante\/wp-json\/wp\/v2\/pages\/29\/revisions\/4977"}],"wp:featuredmedia":[{"embeddable":true,"href":"https:\/\/www.fisiohogar.com\/alicante\/wp-json\/wp\/v2\/media\/572"}],"wp:attachment":[{"href":"https:\/\/www.fisiohogar.com\/alicante\/wp-json\/wp\/v2\/media?parent=29"}],"curies":[{"name":"wp","href":"https:\/\/api.w.org\/{rel}","templated":true}]}}