{"id":23,"date":"2016-03-09T10:54:18","date_gmt":"2016-03-09T10:54:18","guid":{"rendered":"http:\/\/www.fisiohogar.com\/sansebastiandelosreyes\/?page_id=17"},"modified":"2025-07-22T23:35:42","modified_gmt":"2025-07-22T23:35:42","slug":"nuestros-fisioterapeutas","status":"publish","type":"page","link":"https:\/\/www.fisiohogar.com\/alicante\/nuestros-fisioterapeutas\/","title":{"rendered":"Nuestros fisioterapeutas"},"content":{"rendered":"<div class=\"fusion-fullwidth fullwidth-box fusion-builder-row-1 fusion-flex-container nonhundred-percent-fullwidth non-hundred-percent-height-scrolling\" style=\"--awb-border-radius-top-left:0px;--awb-border-radius-top-right:0px;--awb-border-radius-bottom-right:0px;--awb-border-radius-bottom-left:0px;--awb-flex-wrap:wrap;\" ><div class=\"fusion-builder-row fusion-row fusion-flex-align-items-flex-start fusion-flex-content-wrap\" style=\"max-width:1248px;margin-left: calc(-4% \/ 2 );margin-right: calc(-4% \/ 2 );\"><div class=\"fusion-layout-column fusion_builder_column fusion-builder-column-0 fusion_builder_column_1_3 1_3 fusion-flex-column\" style=\"--awb-padding-top:15px;--awb-padding-right:15px;--awb-padding-bottom:15px;--awb-padding-left:15px;--awb-overflow:hidden;--awb-bg-size:cover;--awb-box-shadow:3px 3px 17px 2px rgba(107,165,14,0.25);;--awb-border-color:#cecece;--awb-border-top:1px;--awb-border-right:1px;--awb-border-bottom:1px;--awb-border-left:1px;--awb-border-style:solid;--awb-border-radius:5px 5px 5px 5px;--awb-width-large:33.333333333333%;--awb-margin-top-large:0px;--awb-spacing-right-large:5.76%;--awb-margin-bottom-large:20px;--awb-spacing-left-large:5.76%;--awb-width-medium:33.333333333333%;--awb-order-medium:0;--awb-spacing-right-medium:5.76%;--awb-spacing-left-medium:5.76%;--awb-width-small:100%;--awb-order-small:0;--awb-spacing-right-small:1.92%;--awb-spacing-left-small:1.92%;\"><div class=\"fusion-column-wrapper fusion-column-has-shadow fusion-flex-justify-content-flex-start fusion-content-layout-column\"><div class=\"fusion-image-element \" style=\"text-align:center;--awb-caption-title-font-family:var(--h2_typography-font-family);--awb-caption-title-font-weight:var(--h2_typography-font-weight);--awb-caption-title-font-style:var(--h2_typography-font-style);--awb-caption-title-size:var(--h2_typography-font-size);--awb-caption-title-transform:var(--h2_typography-text-transform);--awb-caption-title-line-height:var(--h2_typography-line-height);--awb-caption-title-letter-spacing:var(--h2_typography-letter-spacing);\"><span class=\" fusion-imageframe imageframe-none imageframe-1 hover-type-none\" style=\"border:1px solid var(--awb-color3);border-radius:7px;\"><img decoding=\"async\" width=\"300\" height=\"300\" title=\"Jesus Pina &#8211; Fisiohogar web\" src=\"https:\/\/www.fisiohogar.com\/alicante\/wp-content\/uploads\/sites\/10\/2022\/09\/Jesus-Pina-Fisiohogar-web.jpg\" alt class=\"img-responsive wp-image-4919\" srcset=\"https:\/\/www.fisiohogar.com\/alicante\/wp-content\/uploads\/sites\/10\/2022\/09\/Jesus-Pina-Fisiohogar-web-200x200.jpg 200w, https:\/\/www.fisiohogar.com\/alicante\/wp-content\/uploads\/sites\/10\/2022\/09\/Jesus-Pina-Fisiohogar-web.jpg 300w\" sizes=\"(max-width: 640px) 100vw, 300px\" \/><\/span><\/div><div class=\"fusion-separator fusion-has-icon fusion-full-width-sep\" style=\"align-self: center;margin-left: auto;margin-right: auto;margin-top:5px;width:100%;\"><div class=\"fusion-separator-border sep-single sep-solid\" style=\"--awb-height:20px;--awb-amount:20px;--awb-sep-color:#dbdbdb;border-color:#dbdbdb;border-top-width:1px;\"><\/div><span class=\"icon-wrapper\" style=\"border-color:#dbdbdb;background-color:rgba(255,255,255,0);font-size:16px;width: 1.75em; height: 1.75em;border-width:1px;padding:1px;margin-top:-0.5px\"><i class=\"fa-address-card fas\" style=\"font-size: inherit;color:#b2b2b2;\" aria-hidden=\"true\"><\/i><\/span><div class=\"fusion-separator-border sep-single sep-solid\" style=\"--awb-height:20px;--awb-amount:20px;--awb-sep-color:#dbdbdb;border-color:#dbdbdb;border-top-width:1px;\"><\/div><\/div><div class=\"fusion-text fusion-text-1\"><div class=\"team-name\">\n<div class=\"team-name\">\n<h4>Jes\u00fas Pina Mu\u00f1oz<\/h4>\n<p>Colegiado 2466C-LM COFICAM<\/p>\n<\/div>\n<div class=\"team-about\">\n<p>Graduado en fisioterapia por la Universidad Miguel Hern\u00e1ndez<\/p>\n<p>Colaborador independiente<\/p>\n<\/div>\n<\/div>\n<\/div><\/div><\/div><div class=\"fusion-layout-column fusion_builder_column fusion-builder-column-1 fusion_builder_column_1_3 1_3 fusion-flex-column\" style=\"--awb-padding-top:15px;--awb-padding-right:15px;--awb-padding-bottom:15px;--awb-padding-left:15px;--awb-overflow:hidden;--awb-bg-size:cover;--awb-box-shadow:3px 3px 17px 2px rgba(107,165,14,0.25);;--awb-border-color:#cecece;--awb-border-top:1px;--awb-border-right:1px;--awb-border-bottom:1px;--awb-border-left:1px;--awb-border-style:solid;--awb-border-radius:5px 5px 5px 5px;--awb-width-large:33.333333333333%;--awb-margin-top-large:0px;--awb-spacing-right-large:5.76%;--awb-margin-bottom-large:20px;--awb-spacing-left-large:5.76%;--awb-width-medium:33.333333333333%;--awb-order-medium:0;--awb-spacing-right-medium:5.76%;--awb-spacing-left-medium:5.76%;--awb-width-small:100%;--awb-order-small:0;--awb-spacing-right-small:1.92%;--awb-spacing-left-small:1.92%;\"><div class=\"fusion-column-wrapper fusion-column-has-shadow fusion-flex-justify-content-flex-start fusion-content-layout-column\"><div class=\"fusion-image-element \" style=\"text-align:center;--awb-max-width:300x300;--awb-caption-title-font-family:var(--h2_typography-font-family);--awb-caption-title-font-weight:var(--h2_typography-font-weight);--awb-caption-title-font-style:var(--h2_typography-font-style);--awb-caption-title-size:var(--h2_typography-font-size);--awb-caption-title-transform:var(--h2_typography-text-transform);--awb-caption-title-line-height:var(--h2_typography-line-height);--awb-caption-title-letter-spacing:var(--h2_typography-letter-spacing);\"><span class=\" fusion-imageframe imageframe-none imageframe-2 hover-type-none\" style=\"border:1px solid var(--awb-color3);border-radius:7px;\"><img decoding=\"async\" width=\"300\" height=\"300\" title=\"Felipe-fisioterapeuta\" src=\"https:\/\/www.fisiohogar.com\/alicante\/wp-content\/uploads\/sites\/10\/2025\/07\/Felipe-fisioterapeuta.jpeg\" alt class=\"img-responsive wp-image-5016\" srcset=\"https:\/\/www.fisiohogar.com\/alicante\/wp-content\/uploads\/sites\/10\/2025\/07\/Felipe-fisioterapeuta-200x200.jpeg 200w, https:\/\/www.fisiohogar.com\/alicante\/wp-content\/uploads\/sites\/10\/2025\/07\/Felipe-fisioterapeuta.jpeg 300w\" sizes=\"(max-width: 640px) 100vw, 300px\" \/><\/span><\/div><div class=\"fusion-separator fusion-has-icon fusion-full-width-sep\" style=\"align-self: center;margin-left: auto;margin-right: auto;margin-top:5px;width:100%;\"><div class=\"fusion-separator-border sep-single sep-solid\" style=\"--awb-height:20px;--awb-amount:20px;--awb-sep-color:#dbdbdb;border-color:#dbdbdb;border-top-width:1px;\"><\/div><span class=\"icon-wrapper\" style=\"border-color:#dbdbdb;background-color:rgba(255,255,255,0);font-size:16px;width: 1.75em; height: 1.75em;border-width:1px;padding:1px;margin-top:-0.5px\"><i class=\"fa-address-card fas\" style=\"font-size: inherit;color:#b2b2b2;\" aria-hidden=\"true\"><\/i><\/span><div class=\"fusion-separator-border sep-single sep-solid\" style=\"--awb-height:20px;--awb-amount:20px;--awb-sep-color:#dbdbdb;border-color:#dbdbdb;border-top-width:1px;\"><\/div><\/div><div class=\"fusion-text fusion-text-2\"><div class=\"team-name\">\n<div class=\"team-name\">\n<h4>Felipe Soto Parraguez<\/h4>\n<p>Colegiado ICOFCV 9186<\/p>\n<\/div>\n<div class=\"team-about\">\n<p>Graduado en fisioterapia en\u00a0Universidad de Concepci\u00f3n de Chile<\/p>\n<p>Colaborador independiente<\/p>\n<\/div>\n<\/div>\n<\/div><\/div><\/div><div class=\"fusion-layout-column fusion_builder_column fusion-builder-column-2 fusion_builder_column_1_3 1_3 fusion-flex-column\" style=\"--awb-bg-size:cover;--awb-width-large:33.333333333333%;--awb-margin-top-large:0px;--awb-spacing-right-large:5.76%;--awb-margin-bottom-large:20px;--awb-spacing-left-large:5.76%;--awb-width-medium:33.333333333333%;--awb-order-medium:0;--awb-spacing-right-medium:5.76%;--awb-spacing-left-medium:5.76%;--awb-width-small:100%;--awb-order-small:0;--awb-spacing-right-small:1.92%;--awb-spacing-left-small:1.92%;\"><div class=\"fusion-column-wrapper fusion-column-has-shadow fusion-flex-justify-content-flex-start fusion-content-layout-column\"><\/div><\/div><\/div><\/div>\n","protected":false},"excerpt":{"rendered":"Jes\u00fas Pina Mu\u00f1oz Colegiado 2466C-LM COFICAM Graduado en fisioterapia por la Universidad Miguel Hern\u00e1ndez Colaborador independiente Felipe Soto Parraguez Colegiado ICOFCV 9186 Graduado en fisioterapia en\u00a0Universidad de Concepci\u00f3n de Chile Colaborador independiente","protected":false},"author":1,"featured_media":0,"parent":0,"menu_order":0,"comment_status":"closed","ping_status":"closed","template":"","meta":{"_joinchat":[],"footnotes":""},"class_list":["post-23","page","type-page","status-publish","hentry"],"yoast_head":"<!-- This site is optimized with the Yoast SEO plugin v27.4 - https:\/\/yoast.com\/product\/yoast-seo-wordpress\/ -->\n<title>Nuestros fisioterapeutas - Alicante<\/title>\n<meta name=\"robots\" content=\"index, follow, max-snippet:-1, max-image-preview:large, max-video-preview:-1\" \/>\n<link rel=\"canonical\" href=\"https:\/\/www.fisiohogar.com\/alicante\/nuestros-fisioterapeutas\/\" \/>\n<meta property=\"og:locale\" content=\"es_ES\" \/>\n<meta property=\"og:type\" content=\"article\" \/>\n<meta property=\"og:title\" content=\"Nuestros fisioterapeutas - Alicante\" \/>\n<meta property=\"og:url\" content=\"https:\/\/www.fisiohogar.com\/alicante\/nuestros-fisioterapeutas\/\" \/>\n<meta property=\"og:site_name\" content=\"Alicante\" \/>\n<meta property=\"article:modified_time\" content=\"2025-07-22T23:35:42+00:00\" \/>\n<meta name=\"twitter:card\" content=\"summary_large_image\" \/>\n<meta name=\"twitter:label1\" content=\"Tiempo de lectura\" \/>\n\t<meta name=\"twitter:data1\" content=\"1 minuto\" \/>\n<script type=\"application\/ld+json\" class=\"yoast-schema-graph\">{\"@context\":\"https:\\\/\\\/schema.org\",\"@graph\":[{\"@type\":\"WebPage\",\"@id\":\"https:\\\/\\\/www.fisiohogar.com\\\/alicante\\\/nuestros-fisioterapeutas\\\/\",\"url\":\"https:\\\/\\\/www.fisiohogar.com\\\/alicante\\\/nuestros-fisioterapeutas\\\/\",\"name\":\"Nuestros fisioterapeutas - Alicante\",\"isPartOf\":{\"@id\":\"https:\\\/\\\/www.fisiohogar.com\\\/alicante\\\/es\\\/fisioterapia-domicilio-alicante\\\/#website\"},\"datePublished\":\"2016-03-09T10:54:18+00:00\",\"dateModified\":\"2025-07-22T23:35:42+00:00\",\"breadcrumb\":{\"@id\":\"https:\\\/\\\/www.fisiohogar.com\\\/alicante\\\/nuestros-fisioterapeutas\\\/#breadcrumb\"},\"inLanguage\":\"es\",\"potentialAction\":[{\"@type\":\"ReadAction\",\"target\":[\"https:\\\/\\\/www.fisiohogar.com\\\/alicante\\\/nuestros-fisioterapeutas\\\/\"]}]},{\"@type\":\"BreadcrumbList\",\"@id\":\"https:\\\/\\\/www.fisiohogar.com\\\/alicante\\\/nuestros-fisioterapeutas\\\/#breadcrumb\",\"itemListElement\":[{\"@type\":\"ListItem\",\"position\":1,\"name\":\"Portada\",\"item\":\"https:\\\/\\\/www.fisiohogar.com\\\/alicante\\\/\"},{\"@type\":\"ListItem\",\"position\":2,\"name\":\"Nuestros fisioterapeutas\"}]},{\"@type\":\"WebSite\",\"@id\":\"https:\\\/\\\/www.fisiohogar.com\\\/alicante\\\/es\\\/fisioterapia-domicilio-alicante\\\/#website\",\"url\":\"https:\\\/\\\/www.fisiohogar.com\\\/alicante\\\/es\\\/fisioterapia-domicilio-alicante\\\/\",\"name\":\"Alicante\",\"description\":\"Fisioterapia a domicilio en Alicante\",\"potentialAction\":[{\"@type\":\"SearchAction\",\"target\":{\"@type\":\"EntryPoint\",\"urlTemplate\":\"https:\\\/\\\/www.fisiohogar.com\\\/alicante\\\/es\\\/fisioterapia-domicilio-alicante\\\/?s={search_term_string}\"},\"query-input\":{\"@type\":\"PropertyValueSpecification\",\"valueRequired\":true,\"valueName\":\"search_term_string\"}}],\"inLanguage\":\"es\"}]}<\/script>\n<!-- \/ Yoast SEO plugin. -->","yoast_head_json":{"title":"Nuestros fisioterapeutas - Alicante","robots":{"index":"index","follow":"follow","max-snippet":"max-snippet:-1","max-image-preview":"max-image-preview:large","max-video-preview":"max-video-preview:-1"},"canonical":"https:\/\/www.fisiohogar.com\/alicante\/nuestros-fisioterapeutas\/","og_locale":"es_ES","og_type":"article","og_title":"Nuestros fisioterapeutas - Alicante","og_url":"https:\/\/www.fisiohogar.com\/alicante\/nuestros-fisioterapeutas\/","og_site_name":"Alicante","article_modified_time":"2025-07-22T23:35:42+00:00","twitter_card":"summary_large_image","twitter_misc":{"Tiempo de lectura":"1 minuto"},"schema":{"@context":"https:\/\/schema.org","@graph":[{"@type":"WebPage","@id":"https:\/\/www.fisiohogar.com\/alicante\/nuestros-fisioterapeutas\/","url":"https:\/\/www.fisiohogar.com\/alicante\/nuestros-fisioterapeutas\/","name":"Nuestros fisioterapeutas - Alicante","isPartOf":{"@id":"https:\/\/www.fisiohogar.com\/alicante\/es\/fisioterapia-domicilio-alicante\/#website"},"datePublished":"2016-03-09T10:54:18+00:00","dateModified":"2025-07-22T23:35:42+00:00","breadcrumb":{"@id":"https:\/\/www.fisiohogar.com\/alicante\/nuestros-fisioterapeutas\/#breadcrumb"},"inLanguage":"es","potentialAction":[{"@type":"ReadAction","target":["https:\/\/www.fisiohogar.com\/alicante\/nuestros-fisioterapeutas\/"]}]},{"@type":"BreadcrumbList","@id":"https:\/\/www.fisiohogar.com\/alicante\/nuestros-fisioterapeutas\/#breadcrumb","itemListElement":[{"@type":"ListItem","position":1,"name":"Portada","item":"https:\/\/www.fisiohogar.com\/alicante\/"},{"@type":"ListItem","position":2,"name":"Nuestros fisioterapeutas"}]},{"@type":"WebSite","@id":"https:\/\/www.fisiohogar.com\/alicante\/es\/fisioterapia-domicilio-alicante\/#website","url":"https:\/\/www.fisiohogar.com\/alicante\/es\/fisioterapia-domicilio-alicante\/","name":"Alicante","description":"Fisioterapia a domicilio en Alicante","potentialAction":[{"@type":"SearchAction","target":{"@type":"EntryPoint","urlTemplate":"https:\/\/www.fisiohogar.com\/alicante\/es\/fisioterapia-domicilio-alicante\/?s={search_term_string}"},"query-input":{"@type":"PropertyValueSpecification","valueRequired":true,"valueName":"search_term_string"}}],"inLanguage":"es"}]}},"_links":{"self":[{"href":"https:\/\/www.fisiohogar.com\/alicante\/wp-json\/wp\/v2\/pages\/23","targetHints":{"allow":["GET"]}}],"collection":[{"href":"https:\/\/www.fisiohogar.com\/alicante\/wp-json\/wp\/v2\/pages"}],"about":[{"href":"https:\/\/www.fisiohogar.com\/alicante\/wp-json\/wp\/v2\/types\/page"}],"author":[{"embeddable":true,"href":"https:\/\/www.fisiohogar.com\/alicante\/wp-json\/wp\/v2\/users\/1"}],"replies":[{"embeddable":true,"href":"https:\/\/www.fisiohogar.com\/alicante\/wp-json\/wp\/v2\/comments?post=23"}],"version-history":[{"count":12,"href":"https:\/\/www.fisiohogar.com\/alicante\/wp-json\/wp\/v2\/pages\/23\/revisions"}],"predecessor-version":[{"id":5017,"href":"https:\/\/www.fisiohogar.com\/alicante\/wp-json\/wp\/v2\/pages\/23\/revisions\/5017"}],"wp:attachment":[{"href":"https:\/\/www.fisiohogar.com\/alicante\/wp-json\/wp\/v2\/media?parent=23"}],"curies":[{"name":"wp","href":"https:\/\/api.w.org\/{rel}","templated":true}]}}