{"id":29,"date":"2015-12-10T11:25:01","date_gmt":"2015-12-10T11:25:01","guid":{"rendered":"http:\/\/www.fisiohogar.com\/alcorcon\/?page_id=29"},"modified":"2023-02-24T20:47:18","modified_gmt":"2023-02-24T20:47:18","slug":"fisioterapia-para-trastornos-respiratorios","status":"publish","type":"page","link":"https:\/\/www.fisiohogar.com\/alcorcon\/fisioterapia-para-trastornos-respiratorios\/","title":{"rendered":"Fisioterapia para trastornos respiratorios"},"content":{"rendered":"<p style=\"text-align: justify;\">Muchas personas sufren trastornos respiratorios que pueden mejorar de manera notable siguiendo un tratamiento especializado de fisioterapia. En Fisiohogar contamos con un grupo de <strong>terapeutas experimentados<\/strong> que conocen las \u00faltimas t\u00e9cnicas y tratamientos para abordar las diferentes patolog\u00eda respiratorias.<\/p>\n<p style=\"text-align: justify;\">En general, su labor es ayudar al paciente a eliminar las secreciones mucosas traqueobronquiales y as\u00ed mejorar la capacidad respiratoria. Con la aplicaci\u00f3n de distintas t\u00e9cnicas se consigue <strong>mejorar la calidad de vida<\/strong> de estos pacientes y aumentado su tolerancia al ejercicio.<\/p>\n<p style=\"text-align: justify;\"><strong>Patolog\u00edas<\/strong><\/p>\n<p style=\"text-align: justify;\">El campo de actuaci\u00f3n de la fisioterapia respiratoria es amplio. Est\u00e1 indicado para tratar problemas de asma, fibrosis qu\u00edstica, enfermedades neuromusculares, EPOC o en los procesos agudos como neumon\u00eda o absceso pulmonar. La fisioterapia respiratoria tambi\u00e9n est\u00e1 indicada en los postoperatorios de intervenciones complejas como los trasplantes pulmonares, los card\u00edacos o los hep\u00e1ticos.<\/p>\n<p style=\"text-align: justify;\"><strong>T\u00e9cnicas\u00a0<\/strong><\/p>\n<p style=\"text-align: justify;\">El tratamiento de los problemas y patolog\u00edas relacionadas con la espiraci\u00f3n incluyen diferentes t\u00e9cnicas. Todas ellas se pueden realizar en la comodidad de su hogar, evitando trasladados y ahorr\u00e1ndole tiempo y esfuerzos.<\/p>\n<p style=\"text-align: justify;\"><img decoding=\"async\" class=\"aligncenter size-full wp-image-166\" src=\"http:\/\/www.fisiohogar.com\/alcorcon\/wp-content\/uploads\/sites\/6\/2015\/12\/fisioterapia-respiratoria.jpg\" alt=\"fisioterapia-respiratoria\" width=\"750\" height=\"500\" srcset=\"https:\/\/www.fisiohogar.com\/alcorcon\/wp-content\/uploads\/sites\/6\/2015\/12\/fisioterapia-respiratoria-300x200.jpg 300w, https:\/\/www.fisiohogar.com\/alcorcon\/wp-content\/uploads\/sites\/6\/2015\/12\/fisioterapia-respiratoria.jpg 750w\" sizes=\"(max-width: 750px) 100vw, 750px\" \/><\/p>\n<p style=\"text-align: justify;\">El especialista realiza un profundo an\u00e1lisis de las caracter\u00edsticas del pacientes y de su patolog\u00eda y decide el tratamiento m\u00e1s conveniente y su duraci\u00f3n. Seg\u00fan los casos se trabaja con t\u00e9cnicas de drenaje postural, ejercicios de expansi\u00f3n tor\u00e1cica, control de respiraci\u00f3n diafragm\u00e1tica, percusi\u00f3n tor\u00e1cica, tos provocada o t\u00e9cnicas de respiraci\u00f3n forzada.<\/p>\n<p style=\"text-align: justify;\"><strong>Filosof\u00eda de trabajo<\/strong><\/p>\n<p style=\"text-align: justify;\">Adem\u00e1s de explicar al paciente y familiares las ventajas de las distintas t\u00e9cnicas y tratamientos y c\u00f3mo se van a producir, nuestra filosof\u00eda de trabajo incluye explicarles m\u00e9todos y consejos sanitarios que pueden contribuir de manera notable a su mejor\u00eda.<\/p>\n<p style=\"text-align: justify;\">Adquirir h\u00e1bitos saludables es una labor de prevenci\u00f3n en la que nuestros fisioterapeutas de Alcorc\u00f3n ponen todo su empe\u00f1o desde que inician las sesiones y que adem\u00e1s se completa con la informaci\u00f3n que se encuentra a disposici\u00f3n de los usuarios en nuestras redes sociales.<\/p>\n<p style=\"text-align: justify;\"><strong>Contacta<\/strong><\/p>\n<p style=\"text-align: justify;\">Si quieres recibir m\u00e1s informaci\u00f3n para planificar un tratamiento personalizado de fisioterapia respiratoria, no esperes m\u00e1s y <a href=\"http:\/\/www.fisiohogar.com\/alcorcon\/contacta-ahora\/\" target=\"_blank\" rel=\"noopener\">contacta con nosotros<\/a>.<\/p>\n","protected":false},"excerpt":{"rendered":"<p>Muchas personas sufren trastornos respiratorios que pueden mejorar de manera notable siguiendo un tratamiento especializado de fisioterapia. En Fisiohogar contamos con un grupo de terapeutas experimentados que conocen las \u00faltimas t\u00e9cnicas y tratamientos para  [&#8230;]<\/p>\n","protected":false},"author":1,"featured_media":0,"parent":0,"menu_order":0,"comment_status":"closed","ping_status":"closed","template":"template-full.php","meta":{"_joinchat":[],"footnotes":""},"class_list":["post-29","page","type-page","status-publish","hentry"],"yoast_head":"<!-- This site is optimized with the Yoast SEO plugin v27.4 - https:\/\/yoast.com\/product\/yoast-seo-wordpress\/ -->\n<title>Fisioterapia para trastornos respiratorios - Alcorc\u00f3n<\/title>\n<meta name=\"robots\" content=\"index, follow, max-snippet:-1, max-image-preview:large, max-video-preview:-1\" \/>\n<link rel=\"canonical\" href=\"https:\/\/www.fisiohogar.com\/alcorcon\/fisioterapia-para-trastornos-respiratorios\/\" \/>\n<meta property=\"og:locale\" content=\"es_ES\" \/>\n<meta property=\"og:type\" content=\"article\" \/>\n<meta property=\"og:title\" content=\"Fisioterapia para trastornos respiratorios - Alcorc\u00f3n\" \/>\n<meta property=\"og:description\" content=\"Muchas personas sufren trastornos respiratorios que pueden mejorar de manera notable siguiendo un tratamiento especializado de fisioterapia. En Fisiohogar contamos con un grupo de terapeutas experimentados que conocen las \u00faltimas t\u00e9cnicas y tratamientos para [...]\" \/>\n<meta property=\"og:url\" content=\"https:\/\/www.fisiohogar.com\/alcorcon\/fisioterapia-para-trastornos-respiratorios\/\" \/>\n<meta property=\"og:site_name\" content=\"Alcorc\u00f3n\" \/>\n<meta property=\"article:modified_time\" content=\"2023-02-24T20:47:18+00:00\" \/>\n<meta property=\"og:image\" content=\"http:\/\/www.fisiohogar.com\/alcorcon\/wp-content\/uploads\/sites\/6\/2015\/12\/fisioterapia-respiratoria.jpg\" \/>\n<meta name=\"twitter:card\" content=\"summary_large_image\" \/>\n<meta name=\"twitter:label1\" content=\"Tiempo de lectura\" \/>\n\t<meta name=\"twitter:data1\" content=\"2 minutos\" \/>\n<script type=\"application\/ld+json\" class=\"yoast-schema-graph\">{\"@context\":\"https:\\\/\\\/schema.org\",\"@graph\":[{\"@type\":\"WebPage\",\"@id\":\"https:\\\/\\\/www.fisiohogar.com\\\/alcorcon\\\/fisioterapia-para-trastornos-respiratorios\\\/\",\"url\":\"https:\\\/\\\/www.fisiohogar.com\\\/alcorcon\\\/fisioterapia-para-trastornos-respiratorios\\\/\",\"name\":\"Fisioterapia para trastornos respiratorios - Alcorc\u00f3n\",\"isPartOf\":{\"@id\":\"https:\\\/\\\/www.fisiohogar.com\\\/alcorcon\\\/#website\"},\"primaryImageOfPage\":{\"@id\":\"https:\\\/\\\/www.fisiohogar.com\\\/alcorcon\\\/fisioterapia-para-trastornos-respiratorios\\\/#primaryimage\"},\"image\":{\"@id\":\"https:\\\/\\\/www.fisiohogar.com\\\/alcorcon\\\/fisioterapia-para-trastornos-respiratorios\\\/#primaryimage\"},\"thumbnailUrl\":\"http:\\\/\\\/www.fisiohogar.com\\\/alcorcon\\\/wp-content\\\/uploads\\\/sites\\\/6\\\/2015\\\/12\\\/fisioterapia-respiratoria.jpg\",\"datePublished\":\"2015-12-10T11:25:01+00:00\",\"dateModified\":\"2023-02-24T20:47:18+00:00\",\"breadcrumb\":{\"@id\":\"https:\\\/\\\/www.fisiohogar.com\\\/alcorcon\\\/fisioterapia-para-trastornos-respiratorios\\\/#breadcrumb\"},\"inLanguage\":\"es\",\"potentialAction\":[{\"@type\":\"ReadAction\",\"target\":[\"https:\\\/\\\/www.fisiohogar.com\\\/alcorcon\\\/fisioterapia-para-trastornos-respiratorios\\\/\"]}]},{\"@type\":\"ImageObject\",\"inLanguage\":\"es\",\"@id\":\"https:\\\/\\\/www.fisiohogar.com\\\/alcorcon\\\/fisioterapia-para-trastornos-respiratorios\\\/#primaryimage\",\"url\":\"https:\\\/\\\/www.fisiohogar.com\\\/alcorcon\\\/wp-content\\\/uploads\\\/sites\\\/6\\\/2015\\\/12\\\/fisioterapia-respiratoria.jpg\",\"contentUrl\":\"https:\\\/\\\/www.fisiohogar.com\\\/alcorcon\\\/wp-content\\\/uploads\\\/sites\\\/6\\\/2015\\\/12\\\/fisioterapia-respiratoria.jpg\",\"width\":750,\"height\":500},{\"@type\":\"BreadcrumbList\",\"@id\":\"https:\\\/\\\/www.fisiohogar.com\\\/alcorcon\\\/fisioterapia-para-trastornos-respiratorios\\\/#breadcrumb\",\"itemListElement\":[{\"@type\":\"ListItem\",\"position\":1,\"name\":\"Portada\",\"item\":\"https:\\\/\\\/www.fisiohogar.com\\\/alcorcon\\\/\"},{\"@type\":\"ListItem\",\"position\":2,\"name\":\"Fisioterapia para trastornos respiratorios\"}]},{\"@type\":\"WebSite\",\"@id\":\"https:\\\/\\\/www.fisiohogar.com\\\/alcorcon\\\/#website\",\"url\":\"https:\\\/\\\/www.fisiohogar.com\\\/alcorcon\\\/\",\"name\":\"Alcorc\u00f3n\",\"description\":\"Fisioterapia a domicilio en Alcorc\u00f3n\",\"potentialAction\":[{\"@type\":\"SearchAction\",\"target\":{\"@type\":\"EntryPoint\",\"urlTemplate\":\"https:\\\/\\\/www.fisiohogar.com\\\/alcorcon\\\/?s={search_term_string}\"},\"query-input\":{\"@type\":\"PropertyValueSpecification\",\"valueRequired\":true,\"valueName\":\"search_term_string\"}}],\"inLanguage\":\"es\"}]}<\/script>\n<!-- \/ Yoast SEO plugin. -->","yoast_head_json":{"title":"Fisioterapia para trastornos respiratorios - Alcorc\u00f3n","robots":{"index":"index","follow":"follow","max-snippet":"max-snippet:-1","max-image-preview":"max-image-preview:large","max-video-preview":"max-video-preview:-1"},"canonical":"https:\/\/www.fisiohogar.com\/alcorcon\/fisioterapia-para-trastornos-respiratorios\/","og_locale":"es_ES","og_type":"article","og_title":"Fisioterapia para trastornos respiratorios - Alcorc\u00f3n","og_description":"Muchas personas sufren trastornos respiratorios que pueden mejorar de manera notable siguiendo un tratamiento especializado de fisioterapia. En Fisiohogar contamos con un grupo de terapeutas experimentados que conocen las \u00faltimas t\u00e9cnicas y tratamientos para [...]","og_url":"https:\/\/www.fisiohogar.com\/alcorcon\/fisioterapia-para-trastornos-respiratorios\/","og_site_name":"Alcorc\u00f3n","article_modified_time":"2023-02-24T20:47:18+00:00","og_image":[{"url":"http:\/\/www.fisiohogar.com\/alcorcon\/wp-content\/uploads\/sites\/6\/2015\/12\/fisioterapia-respiratoria.jpg","type":"","width":"","height":""}],"twitter_card":"summary_large_image","twitter_misc":{"Tiempo de lectura":"2 minutos"},"schema":{"@context":"https:\/\/schema.org","@graph":[{"@type":"WebPage","@id":"https:\/\/www.fisiohogar.com\/alcorcon\/fisioterapia-para-trastornos-respiratorios\/","url":"https:\/\/www.fisiohogar.com\/alcorcon\/fisioterapia-para-trastornos-respiratorios\/","name":"Fisioterapia para trastornos respiratorios - Alcorc\u00f3n","isPartOf":{"@id":"https:\/\/www.fisiohogar.com\/alcorcon\/#website"},"primaryImageOfPage":{"@id":"https:\/\/www.fisiohogar.com\/alcorcon\/fisioterapia-para-trastornos-respiratorios\/#primaryimage"},"image":{"@id":"https:\/\/www.fisiohogar.com\/alcorcon\/fisioterapia-para-trastornos-respiratorios\/#primaryimage"},"thumbnailUrl":"http:\/\/www.fisiohogar.com\/alcorcon\/wp-content\/uploads\/sites\/6\/2015\/12\/fisioterapia-respiratoria.jpg","datePublished":"2015-12-10T11:25:01+00:00","dateModified":"2023-02-24T20:47:18+00:00","breadcrumb":{"@id":"https:\/\/www.fisiohogar.com\/alcorcon\/fisioterapia-para-trastornos-respiratorios\/#breadcrumb"},"inLanguage":"es","potentialAction":[{"@type":"ReadAction","target":["https:\/\/www.fisiohogar.com\/alcorcon\/fisioterapia-para-trastornos-respiratorios\/"]}]},{"@type":"ImageObject","inLanguage":"es","@id":"https:\/\/www.fisiohogar.com\/alcorcon\/fisioterapia-para-trastornos-respiratorios\/#primaryimage","url":"https:\/\/www.fisiohogar.com\/alcorcon\/wp-content\/uploads\/sites\/6\/2015\/12\/fisioterapia-respiratoria.jpg","contentUrl":"https:\/\/www.fisiohogar.com\/alcorcon\/wp-content\/uploads\/sites\/6\/2015\/12\/fisioterapia-respiratoria.jpg","width":750,"height":500},{"@type":"BreadcrumbList","@id":"https:\/\/www.fisiohogar.com\/alcorcon\/fisioterapia-para-trastornos-respiratorios\/#breadcrumb","itemListElement":[{"@type":"ListItem","position":1,"name":"Portada","item":"https:\/\/www.fisiohogar.com\/alcorcon\/"},{"@type":"ListItem","position":2,"name":"Fisioterapia para trastornos respiratorios"}]},{"@type":"WebSite","@id":"https:\/\/www.fisiohogar.com\/alcorcon\/#website","url":"https:\/\/www.fisiohogar.com\/alcorcon\/","name":"Alcorc\u00f3n","description":"Fisioterapia a domicilio en Alcorc\u00f3n","potentialAction":[{"@type":"SearchAction","target":{"@type":"EntryPoint","urlTemplate":"https:\/\/www.fisiohogar.com\/alcorcon\/?s={search_term_string}"},"query-input":{"@type":"PropertyValueSpecification","valueRequired":true,"valueName":"search_term_string"}}],"inLanguage":"es"}]}},"_links":{"self":[{"href":"https:\/\/www.fisiohogar.com\/alcorcon\/wp-json\/wp\/v2\/pages\/29","targetHints":{"allow":["GET"]}}],"collection":[{"href":"https:\/\/www.fisiohogar.com\/alcorcon\/wp-json\/wp\/v2\/pages"}],"about":[{"href":"https:\/\/www.fisiohogar.com\/alcorcon\/wp-json\/wp\/v2\/types\/page"}],"author":[{"embeddable":true,"href":"https:\/\/www.fisiohogar.com\/alcorcon\/wp-json\/wp\/v2\/users\/1"}],"replies":[{"embeddable":true,"href":"https:\/\/www.fisiohogar.com\/alcorcon\/wp-json\/wp\/v2\/comments?post=29"}],"version-history":[{"count":0,"href":"https:\/\/www.fisiohogar.com\/alcorcon\/wp-json\/wp\/v2\/pages\/29\/revisions"}],"wp:attachment":[{"href":"https:\/\/www.fisiohogar.com\/alcorcon\/wp-json\/wp\/v2\/media?parent=29"}],"curies":[{"name":"wp","href":"https:\/\/api.w.org\/{rel}","templated":true}]}}