{"id":27,"date":"2015-12-10T11:24:35","date_gmt":"2015-12-10T11:24:35","guid":{"rendered":"http:\/\/www.fisiohogar.com\/alcorcon\/?page_id=27"},"modified":"2023-02-24T20:47:18","modified_gmt":"2023-02-24T20:47:18","slug":"fisioterapia-alzheimer-parkinson","status":"publish","type":"page","link":"https:\/\/www.fisiohogar.com\/alcorcon\/fisioterapia-alzheimer-parkinson\/","title":{"rendered":"Fisioterapia para Alzheimer, Parkinson&#8230;"},"content":{"rendered":"<p style=\"text-align: justify;\">Enfermedades como el Alzheimer, el Parkinson, la esclerosis m\u00faltiple o la recuperaci\u00f3n de un ictus necesitan la actuaci\u00f3n prolongada de los fisioterapeutas. Los pacientes de \u00e9stas y otras enfermedades neurol\u00f3gicas pueden tener una calidad de vida mejor con un tratamiento fisioterap\u00e9utico adaptado a su caso, que vigile su evoluci\u00f3n y reoriente el tratamiento para atender las necesidades m\u00e1s importantes.<\/p>\n<p style=\"text-align: justify;\">El valor a\u00f1adido de estos tratamientos de Fisiohogar es que el paciente los recibe <strong>en su hogar<\/strong>. Nuestros profesionales son los que acuden a su domicilio en Alcorc\u00f3n para t<strong>ratarle, acompa\u00f1arle y asesorarle en su enfermedad<\/strong>.<\/p>\n<p style=\"text-align: justify;\"><img decoding=\"async\" class=\"aligncenter size-full wp-image-160\" src=\"http:\/\/www.fisiohogar.com\/alcorcon\/wp-content\/uploads\/sites\/6\/2015\/12\/fisioterapia-neurologico.jpg\" alt=\"fisioterapia-neurologico\" width=\"750\" height=\"424\" srcset=\"https:\/\/www.fisiohogar.com\/alcorcon\/wp-content\/uploads\/sites\/6\/2015\/12\/fisioterapia-neurologico-300x170.jpg 300w, https:\/\/www.fisiohogar.com\/alcorcon\/wp-content\/uploads\/sites\/6\/2015\/12\/fisioterapia-neurologico.jpg 750w\" sizes=\"(max-width: 750px) 100vw, 750px\" \/><\/p>\n<p style=\"text-align: justify;\"><strong>Patolog\u00edas<\/strong><\/p>\n<p style=\"text-align: justify;\">La fisioterapia especializada en enfermedades degenerativas \u00a0abarca distintas especialidades y trabaja con distintos m\u00e9todos y t\u00e9cnicas. Algunas de las enfermedades y patolog\u00edas que podemos encontrar son procesos degenerativos como el Alzheimer o el Parkinson y enfermedades como la esclerosis m\u00faltiple, la esclerosis lateral amiotr\u00f3fica (ELA), pero tambi\u00e9n problemas derivados de ictus, traumatismos craneoencef\u00e1licos, ataxias o enfermedades neuromusculares como Duchenne, Charcont Marie Tooth o distrofia muscular de cintura.<\/p>\n<p style=\"text-align: justify;\"><strong>T\u00e9cnicas<\/strong><\/p>\n<p style=\"text-align: justify;\">Para el tratamientos de estas patolog\u00edas existen <strong>diferentes terapias y m\u00e9todos.<\/strong> El objetivo es ayudar al paciente a recuperar las funciones perdidas, mantener las que tiene en las mejores condiciones posibles y ralentizar en la medida de lo posible el avance de otros problemas.<\/p>\n<p style=\"text-align: justify;\">Para esta labor no solo se necesita la participaci\u00f3n del fisioterapeuta, <strong>el paciente debe colaborar<\/strong> en la medida de sus posibilidades y tener una alta motivaci\u00f3n. Asimismo, tambi\u00e9n es importante la<strong> participaci\u00f3n\u00a0de los familiares y cuidadores<\/strong> que deben aprender ejercicios y c\u00f3mo manejarles.<\/p>\n<p style=\"text-align: justify;\">Dependiendo de cada enfermedad y del grado en que est\u00e9 se usan t\u00e9cnicas como Bobath, kabat, Vojta, Perfetti, movilizaciones activas y pasivas, estiramientos o ejercicios de coordinaci\u00f3n y equilibrio.<\/p>\n<p style=\"text-align: justify;\"><strong>Filosof\u00eda de trabajo<\/strong><\/p>\n<p style=\"text-align: justify;\">Con los pacientes de enfermedades como el Alzheimer, el Parkinson o los que se recuperan de un ictus, es esencial realizar una exploraci\u00f3n y an\u00e1lisis completo de su estado y sus necesidades. A partir de ah\u00ed su puede comenzar a perfilar el tipo de ayuda necesaria.<\/p>\n<p style=\"text-align: justify;\"><strong>Creemos en la claridad<\/strong>, por eso desde el inicio de nuestra relaci\u00f3n somos muy <strong>sinceros y le mantemos constantemente informado<\/strong> de los avances y de las expectativas y de las nuevas necesidades que vayan surgiendo.<\/p>\n<p style=\"text-align: justify;\"><strong>Contacta<\/strong><\/p>\n<p style=\"text-align: justify;\">Si deseas ampliar m\u00e1s informaci\u00f3n y que comencemos con una primera sesi\u00f3n de fisioterapia, no esperes m\u00e1s y <a href=\"http:\/\/www.fisiohogar.com\/alcorcon\/contacta-ahora\/\" target=\"_blank\" rel=\"noopener\">contacta con nosotros.<\/a> Uno de nuestros fisioterapeutas acudir\u00e1 a tu domicilio de Alcorc\u00f3n y te explicar\u00e1 todo con detalle.<\/p>\n","protected":false},"excerpt":{"rendered":"<p>Enfermedades como el Alzheimer, el Parkinson, la esclerosis m\u00faltiple o la recuperaci\u00f3n de un ictus necesitan la actuaci\u00f3n prolongada de los fisioterapeutas. Los pacientes de \u00e9stas y otras enfermedades neurol\u00f3gicas pueden tener una calidad  [&#8230;]<\/p>\n","protected":false},"author":1,"featured_media":0,"parent":0,"menu_order":0,"comment_status":"closed","ping_status":"closed","template":"template-full.php","meta":{"_joinchat":[],"footnotes":""},"class_list":["post-27","page","type-page","status-publish","hentry"],"yoast_head":"<!-- This site is optimized with the Yoast SEO plugin v27.6 - https:\/\/yoast.com\/product\/yoast-seo-wordpress\/ -->\n<title>Fisioterapia para Alzheimer, Parkinson... - Alcorc\u00f3n<\/title>\n<meta name=\"robots\" content=\"index, follow, max-snippet:-1, max-image-preview:large, max-video-preview:-1\" \/>\n<link rel=\"canonical\" href=\"https:\/\/www.fisiohogar.com\/alcorcon\/fisioterapia-alzheimer-parkinson\/\" \/>\n<meta property=\"og:locale\" content=\"es_ES\" \/>\n<meta property=\"og:type\" content=\"article\" \/>\n<meta property=\"og:title\" content=\"Fisioterapia para Alzheimer, Parkinson... - Alcorc\u00f3n\" \/>\n<meta property=\"og:description\" content=\"Enfermedades como el Alzheimer, el Parkinson, la esclerosis m\u00faltiple o la recuperaci\u00f3n de un ictus necesitan la actuaci\u00f3n prolongada de los fisioterapeutas. Los pacientes de \u00e9stas y otras enfermedades neurol\u00f3gicas pueden tener una calidad [...]\" \/>\n<meta property=\"og:url\" content=\"https:\/\/www.fisiohogar.com\/alcorcon\/fisioterapia-alzheimer-parkinson\/\" \/>\n<meta property=\"og:site_name\" content=\"Alcorc\u00f3n\" \/>\n<meta property=\"article:modified_time\" content=\"2023-02-24T20:47:18+00:00\" \/>\n<meta property=\"og:image\" content=\"http:\/\/www.fisiohogar.com\/alcorcon\/wp-content\/uploads\/sites\/6\/2015\/12\/fisioterapia-neurologico.jpg\" \/>\n<meta name=\"twitter:card\" content=\"summary_large_image\" \/>\n<meta name=\"twitter:label1\" content=\"Tiempo de lectura\" \/>\n\t<meta name=\"twitter:data1\" content=\"2 minutos\" \/>\n<script type=\"application\/ld+json\" class=\"yoast-schema-graph\">{\"@context\":\"https:\\\/\\\/schema.org\",\"@graph\":[{\"@type\":\"WebPage\",\"@id\":\"https:\\\/\\\/www.fisiohogar.com\\\/alcorcon\\\/fisioterapia-alzheimer-parkinson\\\/\",\"url\":\"https:\\\/\\\/www.fisiohogar.com\\\/alcorcon\\\/fisioterapia-alzheimer-parkinson\\\/\",\"name\":\"Fisioterapia para Alzheimer, Parkinson... - Alcorc\u00f3n\",\"isPartOf\":{\"@id\":\"https:\\\/\\\/www.fisiohogar.com\\\/alcorcon\\\/#website\"},\"primaryImageOfPage\":{\"@id\":\"https:\\\/\\\/www.fisiohogar.com\\\/alcorcon\\\/fisioterapia-alzheimer-parkinson\\\/#primaryimage\"},\"image\":{\"@id\":\"https:\\\/\\\/www.fisiohogar.com\\\/alcorcon\\\/fisioterapia-alzheimer-parkinson\\\/#primaryimage\"},\"thumbnailUrl\":\"http:\\\/\\\/www.fisiohogar.com\\\/alcorcon\\\/wp-content\\\/uploads\\\/sites\\\/6\\\/2015\\\/12\\\/fisioterapia-neurologico.jpg\",\"datePublished\":\"2015-12-10T11:24:35+00:00\",\"dateModified\":\"2023-02-24T20:47:18+00:00\",\"breadcrumb\":{\"@id\":\"https:\\\/\\\/www.fisiohogar.com\\\/alcorcon\\\/fisioterapia-alzheimer-parkinson\\\/#breadcrumb\"},\"inLanguage\":\"es\",\"potentialAction\":[{\"@type\":\"ReadAction\",\"target\":[\"https:\\\/\\\/www.fisiohogar.com\\\/alcorcon\\\/fisioterapia-alzheimer-parkinson\\\/\"]}]},{\"@type\":\"ImageObject\",\"inLanguage\":\"es\",\"@id\":\"https:\\\/\\\/www.fisiohogar.com\\\/alcorcon\\\/fisioterapia-alzheimer-parkinson\\\/#primaryimage\",\"url\":\"https:\\\/\\\/www.fisiohogar.com\\\/alcorcon\\\/wp-content\\\/uploads\\\/sites\\\/6\\\/2015\\\/12\\\/fisioterapia-neurologico.jpg\",\"contentUrl\":\"https:\\\/\\\/www.fisiohogar.com\\\/alcorcon\\\/wp-content\\\/uploads\\\/sites\\\/6\\\/2015\\\/12\\\/fisioterapia-neurologico.jpg\",\"width\":750,\"height\":424},{\"@type\":\"BreadcrumbList\",\"@id\":\"https:\\\/\\\/www.fisiohogar.com\\\/alcorcon\\\/fisioterapia-alzheimer-parkinson\\\/#breadcrumb\",\"itemListElement\":[{\"@type\":\"ListItem\",\"position\":1,\"name\":\"Portada\",\"item\":\"https:\\\/\\\/www.fisiohogar.com\\\/alcorcon\\\/\"},{\"@type\":\"ListItem\",\"position\":2,\"name\":\"Fisioterapia para Alzheimer, Parkinson&#8230;\"}]},{\"@type\":\"WebSite\",\"@id\":\"https:\\\/\\\/www.fisiohogar.com\\\/alcorcon\\\/#website\",\"url\":\"https:\\\/\\\/www.fisiohogar.com\\\/alcorcon\\\/\",\"name\":\"Alcorc\u00f3n\",\"description\":\"Fisioterapia a domicilio en Alcorc\u00f3n\",\"potentialAction\":[{\"@type\":\"SearchAction\",\"target\":{\"@type\":\"EntryPoint\",\"urlTemplate\":\"https:\\\/\\\/www.fisiohogar.com\\\/alcorcon\\\/?s={search_term_string}\"},\"query-input\":{\"@type\":\"PropertyValueSpecification\",\"valueRequired\":true,\"valueName\":\"search_term_string\"}}],\"inLanguage\":\"es\"}]}<\/script>\n<!-- \/ Yoast SEO plugin. -->","yoast_head_json":{"title":"Fisioterapia para Alzheimer, Parkinson... - Alcorc\u00f3n","robots":{"index":"index","follow":"follow","max-snippet":"max-snippet:-1","max-image-preview":"max-image-preview:large","max-video-preview":"max-video-preview:-1"},"canonical":"https:\/\/www.fisiohogar.com\/alcorcon\/fisioterapia-alzheimer-parkinson\/","og_locale":"es_ES","og_type":"article","og_title":"Fisioterapia para Alzheimer, Parkinson... - Alcorc\u00f3n","og_description":"Enfermedades como el Alzheimer, el Parkinson, la esclerosis m\u00faltiple o la recuperaci\u00f3n de un ictus necesitan la actuaci\u00f3n prolongada de los fisioterapeutas. Los pacientes de \u00e9stas y otras enfermedades neurol\u00f3gicas pueden tener una calidad [...]","og_url":"https:\/\/www.fisiohogar.com\/alcorcon\/fisioterapia-alzheimer-parkinson\/","og_site_name":"Alcorc\u00f3n","article_modified_time":"2023-02-24T20:47:18+00:00","og_image":[{"url":"http:\/\/www.fisiohogar.com\/alcorcon\/wp-content\/uploads\/sites\/6\/2015\/12\/fisioterapia-neurologico.jpg","type":"","width":"","height":""}],"twitter_card":"summary_large_image","twitter_misc":{"Tiempo de lectura":"2 minutos"},"schema":{"@context":"https:\/\/schema.org","@graph":[{"@type":"WebPage","@id":"https:\/\/www.fisiohogar.com\/alcorcon\/fisioterapia-alzheimer-parkinson\/","url":"https:\/\/www.fisiohogar.com\/alcorcon\/fisioterapia-alzheimer-parkinson\/","name":"Fisioterapia para Alzheimer, Parkinson... - Alcorc\u00f3n","isPartOf":{"@id":"https:\/\/www.fisiohogar.com\/alcorcon\/#website"},"primaryImageOfPage":{"@id":"https:\/\/www.fisiohogar.com\/alcorcon\/fisioterapia-alzheimer-parkinson\/#primaryimage"},"image":{"@id":"https:\/\/www.fisiohogar.com\/alcorcon\/fisioterapia-alzheimer-parkinson\/#primaryimage"},"thumbnailUrl":"http:\/\/www.fisiohogar.com\/alcorcon\/wp-content\/uploads\/sites\/6\/2015\/12\/fisioterapia-neurologico.jpg","datePublished":"2015-12-10T11:24:35+00:00","dateModified":"2023-02-24T20:47:18+00:00","breadcrumb":{"@id":"https:\/\/www.fisiohogar.com\/alcorcon\/fisioterapia-alzheimer-parkinson\/#breadcrumb"},"inLanguage":"es","potentialAction":[{"@type":"ReadAction","target":["https:\/\/www.fisiohogar.com\/alcorcon\/fisioterapia-alzheimer-parkinson\/"]}]},{"@type":"ImageObject","inLanguage":"es","@id":"https:\/\/www.fisiohogar.com\/alcorcon\/fisioterapia-alzheimer-parkinson\/#primaryimage","url":"https:\/\/www.fisiohogar.com\/alcorcon\/wp-content\/uploads\/sites\/6\/2015\/12\/fisioterapia-neurologico.jpg","contentUrl":"https:\/\/www.fisiohogar.com\/alcorcon\/wp-content\/uploads\/sites\/6\/2015\/12\/fisioterapia-neurologico.jpg","width":750,"height":424},{"@type":"BreadcrumbList","@id":"https:\/\/www.fisiohogar.com\/alcorcon\/fisioterapia-alzheimer-parkinson\/#breadcrumb","itemListElement":[{"@type":"ListItem","position":1,"name":"Portada","item":"https:\/\/www.fisiohogar.com\/alcorcon\/"},{"@type":"ListItem","position":2,"name":"Fisioterapia para Alzheimer, Parkinson&#8230;"}]},{"@type":"WebSite","@id":"https:\/\/www.fisiohogar.com\/alcorcon\/#website","url":"https:\/\/www.fisiohogar.com\/alcorcon\/","name":"Alcorc\u00f3n","description":"Fisioterapia a domicilio en Alcorc\u00f3n","potentialAction":[{"@type":"SearchAction","target":{"@type":"EntryPoint","urlTemplate":"https:\/\/www.fisiohogar.com\/alcorcon\/?s={search_term_string}"},"query-input":{"@type":"PropertyValueSpecification","valueRequired":true,"valueName":"search_term_string"}}],"inLanguage":"es"}]}},"_links":{"self":[{"href":"https:\/\/www.fisiohogar.com\/alcorcon\/wp-json\/wp\/v2\/pages\/27","targetHints":{"allow":["GET"]}}],"collection":[{"href":"https:\/\/www.fisiohogar.com\/alcorcon\/wp-json\/wp\/v2\/pages"}],"about":[{"href":"https:\/\/www.fisiohogar.com\/alcorcon\/wp-json\/wp\/v2\/types\/page"}],"author":[{"embeddable":true,"href":"https:\/\/www.fisiohogar.com\/alcorcon\/wp-json\/wp\/v2\/users\/1"}],"replies":[{"embeddable":true,"href":"https:\/\/www.fisiohogar.com\/alcorcon\/wp-json\/wp\/v2\/comments?post=27"}],"version-history":[{"count":1,"href":"https:\/\/www.fisiohogar.com\/alcorcon\/wp-json\/wp\/v2\/pages\/27\/revisions"}],"predecessor-version":[{"id":5001,"href":"https:\/\/www.fisiohogar.com\/alcorcon\/wp-json\/wp\/v2\/pages\/27\/revisions\/5001"}],"wp:attachment":[{"href":"https:\/\/www.fisiohogar.com\/alcorcon\/wp-json\/wp\/v2\/media?parent=27"}],"curies":[{"name":"wp","href":"https:\/\/api.w.org\/{rel}","templated":true}]}}