{"id":23,"date":"2015-12-10T11:23:13","date_gmt":"2015-12-10T11:23:13","guid":{"rendered":"http:\/\/www.fisiohogar.com\/alcorcon\/?page_id=23"},"modified":"2023-02-24T20:47:18","modified_gmt":"2023-02-24T20:47:18","slug":"fisioterapia-para-el-deporte","status":"publish","type":"page","link":"https:\/\/www.fisiohogar.com\/alcorcon\/fisioterapia-para-el-deporte\/","title":{"rendered":"Fisioterapia para el deporte"},"content":{"rendered":"<p style=\"text-align: justify;\">La actividad deportiva es cada vez mayor en nuestro pa\u00eds. <strong>Aficionados y profesionales<\/strong> practican diferentes disciplinas deportivas y tanto <strong>la preparaci\u00f3n como el mantenimiento y recuperaci\u00f3n de las competiciones y de las lesiones requiere la intervenci\u00f3n de los profesionales de la fisioterapia. <\/strong><\/p>\n<p style=\"text-align: justify;\">El equipo de fisioterapeutas de Alcorc\u00f3n cuenta con la experiencia y los conocimientos profesionales para tratar todas las necesidades de la fisioterapia deportiva.<\/p>\n<p style=\"text-align: justify;\"><img decoding=\"async\" class=\"aligncenter size-full wp-image-164\" src=\"http:\/\/www.fisiohogar.com\/alcorcon\/wp-content\/uploads\/sites\/6\/2015\/12\/fisioterapia-deporte.jpg\" alt=\"fisioterapia-deporte\" width=\"750\" height=\"422\" srcset=\"https:\/\/www.fisiohogar.com\/alcorcon\/wp-content\/uploads\/sites\/6\/2015\/12\/fisioterapia-deporte-300x169.jpg 300w, https:\/\/www.fisiohogar.com\/alcorcon\/wp-content\/uploads\/sites\/6\/2015\/12\/fisioterapia-deporte.jpg 750w\" sizes=\"(max-width: 750px) 100vw, 750px\" \/><\/p>\n<p style=\"text-align: justify;\"><strong>Patolog\u00edas<\/strong><\/p>\n<p style=\"text-align: justify;\">El tipo de patolog\u00edas provocadas por la pr\u00e1ctica deportiva es muy amplio. Encontramos desde esguinces de rodilla, tobillo o mu\u00f1eca, contracturas, sobrecargas musculares, hasta patolog\u00edas m\u00e1s complejas como roturas de ligamientos, de meniscos, triadas o el s\u00edndrome de la cintilla iliotibial.<\/p>\n<p style=\"text-align: justify;\">Adem\u00e1s, est\u00e1n todas las derivadas de las intervenciones quir\u00fargicas que conllevan un proceso de recuperaci\u00f3n y rehabilitaci\u00f3n.<\/p>\n<p style=\"text-align: justify;\"><strong>T\u00e9cnicas<\/strong><\/p>\n<p style=\"text-align: justify;\">Las t\u00e9cnicas y tratamientos obviamente <strong>var\u00edan en funci\u00f3n de cada caso<\/strong>. Lo positivo del servicio de Fisiohogar en Alcorc\u00f3n es que la atenci\u00f3n es a domicilio, evitando los problemas y esfuerzos de desplazamientos. <strong>El objetivo es conseguir la recuperaci\u00f3n del deportista en el menor tiempo posible<\/strong> y que su estado sea como el inicial o mejor.<\/p>\n<p style=\"text-align: justify;\">Para lograr estas metas nuestros fisioterapeutas realizan masajes de descarga, masajes descontracturantes, sesiones de estiramientos pre y post deportivas, ejercicios de potenciaci\u00f3n, de trabajo de la fuerza y el equilibrio, etc\u00e9tera.<\/p>\n<p style=\"text-align: justify;\">En este proceso se trabaja tambi\u00e9n con los vendajes funcionales o la kinesiotape y otras t\u00e9cnicas de terapia manual.<\/p>\n<p style=\"text-align: justify;\"><strong>Filosof\u00eda de trabajo<\/strong><\/p>\n<p style=\"text-align: justify;\">En Fisiohogar pretendemos que nuestro cliente se reincorpore a la actividad deportiva en las mejores condiciones f\u00edsicas. Por eso, estudiamos con rigor su caso y con una<strong> comunicaci\u00f3n directa y clara<\/strong> le explicamos qu\u00e9 tratamiento es el m\u00e1s conveniente, cu\u00e1nto debe durar y qu\u00e9 podemos esperar. \u00a0La sinceridad es fundamental para nosotros y en todo momento le explicamos c\u00f3mo vamos a actuar.<\/p>\n<p style=\"text-align: justify;\">Somos exigentes con nuestro trabajo porque queremos conseguir su reincorporaci\u00f3n a la actividad deportiva de m\u00e1xima exigencia.<\/p>\n<p style=\"text-align: justify;\"><strong>Contacto<\/strong><\/p>\n<p style=\"text-align: justify;\">Si eres deportista o te encargas de organizar eventos deportivos y necesitas ayuda especializada y profesional, <a href=\"http:\/\/www.fisiohogar.com\/alcorcon\/contacta-ahora\/\" target=\"_blank\" rel=\"noopener\">contacta <\/a>con nosotros y dise\u00f1aremos un plan de trabajo que se adapte a tus necesidades.<\/p>\n","protected":false},"excerpt":{"rendered":"<p>La actividad deportiva es cada vez mayor en nuestro pa\u00eds. Aficionados y profesionales practican diferentes disciplinas deportivas y tanto la preparaci\u00f3n como el mantenimiento y recuperaci\u00f3n de las competiciones y de las lesiones requiere  [&#8230;]<\/p>\n","protected":false},"author":1,"featured_media":0,"parent":0,"menu_order":0,"comment_status":"closed","ping_status":"closed","template":"template-full.php","meta":{"_joinchat":[],"footnotes":""},"class_list":["post-23","page","type-page","status-publish","hentry"],"yoast_head":"<!-- This site is optimized with the Yoast SEO plugin v27.6 - https:\/\/yoast.com\/product\/yoast-seo-wordpress\/ -->\n<title>Fisioterapia para el deporte - Alcorc\u00f3n<\/title>\n<meta name=\"robots\" content=\"index, follow, max-snippet:-1, max-image-preview:large, max-video-preview:-1\" \/>\n<link rel=\"canonical\" href=\"https:\/\/www.fisiohogar.com\/alcorcon\/fisioterapia-para-el-deporte\/\" \/>\n<meta property=\"og:locale\" content=\"es_ES\" \/>\n<meta property=\"og:type\" content=\"article\" \/>\n<meta property=\"og:title\" content=\"Fisioterapia para el deporte - Alcorc\u00f3n\" \/>\n<meta property=\"og:description\" content=\"La actividad deportiva es cada vez mayor en nuestro pa\u00eds. Aficionados y profesionales practican diferentes disciplinas deportivas y tanto la preparaci\u00f3n como el mantenimiento y recuperaci\u00f3n de las competiciones y de las lesiones requiere [...]\" \/>\n<meta property=\"og:url\" content=\"https:\/\/www.fisiohogar.com\/alcorcon\/fisioterapia-para-el-deporte\/\" \/>\n<meta property=\"og:site_name\" content=\"Alcorc\u00f3n\" \/>\n<meta property=\"article:modified_time\" content=\"2023-02-24T20:47:18+00:00\" \/>\n<meta property=\"og:image\" content=\"http:\/\/www.fisiohogar.com\/alcorcon\/wp-content\/uploads\/sites\/6\/2015\/12\/fisioterapia-deporte.jpg\" \/>\n<meta name=\"twitter:card\" content=\"summary_large_image\" \/>\n<meta name=\"twitter:label1\" content=\"Tiempo de lectura\" \/>\n\t<meta name=\"twitter:data1\" content=\"2 minutos\" \/>\n<script type=\"application\/ld+json\" class=\"yoast-schema-graph\">{\"@context\":\"https:\\\/\\\/schema.org\",\"@graph\":[{\"@type\":\"WebPage\",\"@id\":\"https:\\\/\\\/www.fisiohogar.com\\\/alcorcon\\\/fisioterapia-para-el-deporte\\\/\",\"url\":\"https:\\\/\\\/www.fisiohogar.com\\\/alcorcon\\\/fisioterapia-para-el-deporte\\\/\",\"name\":\"Fisioterapia para el deporte - Alcorc\u00f3n\",\"isPartOf\":{\"@id\":\"https:\\\/\\\/www.fisiohogar.com\\\/alcorcon\\\/#website\"},\"primaryImageOfPage\":{\"@id\":\"https:\\\/\\\/www.fisiohogar.com\\\/alcorcon\\\/fisioterapia-para-el-deporte\\\/#primaryimage\"},\"image\":{\"@id\":\"https:\\\/\\\/www.fisiohogar.com\\\/alcorcon\\\/fisioterapia-para-el-deporte\\\/#primaryimage\"},\"thumbnailUrl\":\"http:\\\/\\\/www.fisiohogar.com\\\/alcorcon\\\/wp-content\\\/uploads\\\/sites\\\/6\\\/2015\\\/12\\\/fisioterapia-deporte.jpg\",\"datePublished\":\"2015-12-10T11:23:13+00:00\",\"dateModified\":\"2023-02-24T20:47:18+00:00\",\"breadcrumb\":{\"@id\":\"https:\\\/\\\/www.fisiohogar.com\\\/alcorcon\\\/fisioterapia-para-el-deporte\\\/#breadcrumb\"},\"inLanguage\":\"es\",\"potentialAction\":[{\"@type\":\"ReadAction\",\"target\":[\"https:\\\/\\\/www.fisiohogar.com\\\/alcorcon\\\/fisioterapia-para-el-deporte\\\/\"]}]},{\"@type\":\"ImageObject\",\"inLanguage\":\"es\",\"@id\":\"https:\\\/\\\/www.fisiohogar.com\\\/alcorcon\\\/fisioterapia-para-el-deporte\\\/#primaryimage\",\"url\":\"https:\\\/\\\/www.fisiohogar.com\\\/alcorcon\\\/wp-content\\\/uploads\\\/sites\\\/6\\\/2015\\\/12\\\/fisioterapia-deporte.jpg\",\"contentUrl\":\"https:\\\/\\\/www.fisiohogar.com\\\/alcorcon\\\/wp-content\\\/uploads\\\/sites\\\/6\\\/2015\\\/12\\\/fisioterapia-deporte.jpg\",\"width\":750,\"height\":422},{\"@type\":\"BreadcrumbList\",\"@id\":\"https:\\\/\\\/www.fisiohogar.com\\\/alcorcon\\\/fisioterapia-para-el-deporte\\\/#breadcrumb\",\"itemListElement\":[{\"@type\":\"ListItem\",\"position\":1,\"name\":\"Portada\",\"item\":\"https:\\\/\\\/www.fisiohogar.com\\\/alcorcon\\\/\"},{\"@type\":\"ListItem\",\"position\":2,\"name\":\"Fisioterapia para el deporte\"}]},{\"@type\":\"WebSite\",\"@id\":\"https:\\\/\\\/www.fisiohogar.com\\\/alcorcon\\\/#website\",\"url\":\"https:\\\/\\\/www.fisiohogar.com\\\/alcorcon\\\/\",\"name\":\"Alcorc\u00f3n\",\"description\":\"Fisioterapia a domicilio en Alcorc\u00f3n\",\"potentialAction\":[{\"@type\":\"SearchAction\",\"target\":{\"@type\":\"EntryPoint\",\"urlTemplate\":\"https:\\\/\\\/www.fisiohogar.com\\\/alcorcon\\\/?s={search_term_string}\"},\"query-input\":{\"@type\":\"PropertyValueSpecification\",\"valueRequired\":true,\"valueName\":\"search_term_string\"}}],\"inLanguage\":\"es\"}]}<\/script>\n<!-- \/ Yoast SEO plugin. -->","yoast_head_json":{"title":"Fisioterapia para el deporte - Alcorc\u00f3n","robots":{"index":"index","follow":"follow","max-snippet":"max-snippet:-1","max-image-preview":"max-image-preview:large","max-video-preview":"max-video-preview:-1"},"canonical":"https:\/\/www.fisiohogar.com\/alcorcon\/fisioterapia-para-el-deporte\/","og_locale":"es_ES","og_type":"article","og_title":"Fisioterapia para el deporte - Alcorc\u00f3n","og_description":"La actividad deportiva es cada vez mayor en nuestro pa\u00eds. Aficionados y profesionales practican diferentes disciplinas deportivas y tanto la preparaci\u00f3n como el mantenimiento y recuperaci\u00f3n de las competiciones y de las lesiones requiere [...]","og_url":"https:\/\/www.fisiohogar.com\/alcorcon\/fisioterapia-para-el-deporte\/","og_site_name":"Alcorc\u00f3n","article_modified_time":"2023-02-24T20:47:18+00:00","og_image":[{"url":"http:\/\/www.fisiohogar.com\/alcorcon\/wp-content\/uploads\/sites\/6\/2015\/12\/fisioterapia-deporte.jpg","type":"","width":"","height":""}],"twitter_card":"summary_large_image","twitter_misc":{"Tiempo de lectura":"2 minutos"},"schema":{"@context":"https:\/\/schema.org","@graph":[{"@type":"WebPage","@id":"https:\/\/www.fisiohogar.com\/alcorcon\/fisioterapia-para-el-deporte\/","url":"https:\/\/www.fisiohogar.com\/alcorcon\/fisioterapia-para-el-deporte\/","name":"Fisioterapia para el deporte - Alcorc\u00f3n","isPartOf":{"@id":"https:\/\/www.fisiohogar.com\/alcorcon\/#website"},"primaryImageOfPage":{"@id":"https:\/\/www.fisiohogar.com\/alcorcon\/fisioterapia-para-el-deporte\/#primaryimage"},"image":{"@id":"https:\/\/www.fisiohogar.com\/alcorcon\/fisioterapia-para-el-deporte\/#primaryimage"},"thumbnailUrl":"http:\/\/www.fisiohogar.com\/alcorcon\/wp-content\/uploads\/sites\/6\/2015\/12\/fisioterapia-deporte.jpg","datePublished":"2015-12-10T11:23:13+00:00","dateModified":"2023-02-24T20:47:18+00:00","breadcrumb":{"@id":"https:\/\/www.fisiohogar.com\/alcorcon\/fisioterapia-para-el-deporte\/#breadcrumb"},"inLanguage":"es","potentialAction":[{"@type":"ReadAction","target":["https:\/\/www.fisiohogar.com\/alcorcon\/fisioterapia-para-el-deporte\/"]}]},{"@type":"ImageObject","inLanguage":"es","@id":"https:\/\/www.fisiohogar.com\/alcorcon\/fisioterapia-para-el-deporte\/#primaryimage","url":"https:\/\/www.fisiohogar.com\/alcorcon\/wp-content\/uploads\/sites\/6\/2015\/12\/fisioterapia-deporte.jpg","contentUrl":"https:\/\/www.fisiohogar.com\/alcorcon\/wp-content\/uploads\/sites\/6\/2015\/12\/fisioterapia-deporte.jpg","width":750,"height":422},{"@type":"BreadcrumbList","@id":"https:\/\/www.fisiohogar.com\/alcorcon\/fisioterapia-para-el-deporte\/#breadcrumb","itemListElement":[{"@type":"ListItem","position":1,"name":"Portada","item":"https:\/\/www.fisiohogar.com\/alcorcon\/"},{"@type":"ListItem","position":2,"name":"Fisioterapia para el deporte"}]},{"@type":"WebSite","@id":"https:\/\/www.fisiohogar.com\/alcorcon\/#website","url":"https:\/\/www.fisiohogar.com\/alcorcon\/","name":"Alcorc\u00f3n","description":"Fisioterapia a domicilio en Alcorc\u00f3n","potentialAction":[{"@type":"SearchAction","target":{"@type":"EntryPoint","urlTemplate":"https:\/\/www.fisiohogar.com\/alcorcon\/?s={search_term_string}"},"query-input":{"@type":"PropertyValueSpecification","valueRequired":true,"valueName":"search_term_string"}}],"inLanguage":"es"}]}},"_links":{"self":[{"href":"https:\/\/www.fisiohogar.com\/alcorcon\/wp-json\/wp\/v2\/pages\/23","targetHints":{"allow":["GET"]}}],"collection":[{"href":"https:\/\/www.fisiohogar.com\/alcorcon\/wp-json\/wp\/v2\/pages"}],"about":[{"href":"https:\/\/www.fisiohogar.com\/alcorcon\/wp-json\/wp\/v2\/types\/page"}],"author":[{"embeddable":true,"href":"https:\/\/www.fisiohogar.com\/alcorcon\/wp-json\/wp\/v2\/users\/1"}],"replies":[{"embeddable":true,"href":"https:\/\/www.fisiohogar.com\/alcorcon\/wp-json\/wp\/v2\/comments?post=23"}],"version-history":[{"count":0,"href":"https:\/\/www.fisiohogar.com\/alcorcon\/wp-json\/wp\/v2\/pages\/23\/revisions"}],"wp:attachment":[{"href":"https:\/\/www.fisiohogar.com\/alcorcon\/wp-json\/wp\/v2\/media?parent=23"}],"curies":[{"name":"wp","href":"https:\/\/api.w.org\/{rel}","templated":true}]}}