{"id":21,"date":"2015-12-10T11:22:38","date_gmt":"2015-12-10T11:22:38","guid":{"rendered":"http:\/\/www.fisiohogar.com\/alcorcon\/?page_id=21"},"modified":"2023-02-24T20:47:18","modified_gmt":"2023-02-24T20:47:18","slug":"fisioterapia-a-domicilio-en-alcorcon","status":"publish","type":"page","link":"https:\/\/www.fisiohogar.com\/alcorcon\/fisioterapia-a-domicilio-en-alcorcon\/","title":{"rendered":"Fisioterapia a domicilio en Alcorc\u00f3n"},"content":{"rendered":"<p style=\"text-align: justify;\">Los servicios de Fisiohogar de <strong>atenci\u00f3n a domicilio en Alcorc\u00f3n<\/strong> tienen como objetivo ofrecerle un <strong>cuidado personalizado y profesional<\/strong> para tratar los problemas relacionados con el \u00e1mbito de la fisioterapia. Como profesionales en este campo sabemos las dificultados que en muchos casos supone acudir a un sitio f\u00edsico. Por eso, son nuestros fisioterapeutas los que se desplazan para atenderle en su hogar de Alcorc\u00f3n.<\/p>\n<p style=\"text-align: justify;\">As\u00ed evitamos molestias para el propio paciente y para los familiares que deben ayudarle a trasladarse. Es un <strong>ahorro de tiempo de esfuerzos.\u00a0<\/strong><\/p>\n<p style=\"text-align: justify;\"><img decoding=\"async\" class=\"aligncenter size-full wp-image-169\" src=\"http:\/\/www.fisiohogar.com\/alcorcon\/wp-content\/uploads\/sites\/6\/2015\/12\/fisioterapeutas-hogar.jpg\" alt=\"fisioterapeutas-hogar\" width=\"850\" height=\"564\" srcset=\"https:\/\/www.fisiohogar.com\/alcorcon\/wp-content\/uploads\/sites\/6\/2015\/12\/fisioterapeutas-hogar-300x199.jpg 300w, https:\/\/www.fisiohogar.com\/alcorcon\/wp-content\/uploads\/sites\/6\/2015\/12\/fisioterapeutas-hogar-768x510.jpg 768w, https:\/\/www.fisiohogar.com\/alcorcon\/wp-content\/uploads\/sites\/6\/2015\/12\/fisioterapeutas-hogar.jpg 850w\" sizes=\"(max-width: 850px) 100vw, 850px\" \/><\/p>\n<p style=\"text-align: justify;\">Para que las sesiones se realicen con rigor profesional, <strong>nuestros fisioterapeutas acuden con todo el material necesario<\/strong>, como una camilla y dem\u00e1s materiales y accesorios.<\/p>\n<p style=\"text-align: justify;\">Los servicios de atenci\u00f3n a domicilio en Alcorc\u00f3n est\u00e1n destinados a cubrir las necesidades derivadas de diferentes enfermedades, postoperatorios o accidentes. Contamos con un <strong>equipo de especialistas en distintas \u00e1reas<\/strong> por lo que podemos asignarle a la persona que necesita. Son fisioterapeutas experimentados que conocen los distintos tratamientos manuales, m\u00e9todos y que permanecen al d\u00eda de las \u00faltimas novedades y tendencias en el campo de la fisioterapia.<\/p>\n<p style=\"text-align: justify;\">Queremos ser<strong> sus fisioterapeutas de confianza<\/strong>, un referente cercano al que pueda recurrir ante cualquier problema o duda. Nuestra meta es contribuir a su bienestar y, dependiendo de su problema concreto, ayudarle a superarlo o lograr el <strong>m\u00e1ximo nivel de autonom\u00eda y de calidad de vida<\/strong>.<\/p>\n<p style=\"text-align: justify;\">Muchos de los problemas relacionados con la fisioterapia se prolongan en el tiempo y se pueden aprender trucos o consejos para evitar reca\u00eddas o el avance de una dolencia. Por eso, tambi\u00e9n, tanto en la atenci\u00f3n en su domicilio de Alcorc\u00f3n como en nuestra p\u00e1gina web y la aplicaci\u00f3n para el m\u00f3vil, dispone de informaci\u00f3n y puede realizar consultas.<\/p>\n","protected":false},"excerpt":{"rendered":"<p>Los servicios de Fisiohogar de atenci\u00f3n a domicilio en Alcorc\u00f3n tienen como objetivo ofrecerle un cuidado personalizado y profesional para tratar los problemas relacionados con el \u00e1mbito de la fisioterapia. Como profesionales en este  [&#8230;]<\/p>\n","protected":false},"author":1,"featured_media":0,"parent":0,"menu_order":0,"comment_status":"closed","ping_status":"closed","template":"template-full.php","meta":{"_joinchat":[],"footnotes":""},"class_list":["post-21","page","type-page","status-publish","hentry"],"yoast_head":"<!-- This site is optimized with the Yoast SEO plugin v27.6 - https:\/\/yoast.com\/product\/yoast-seo-wordpress\/ -->\n<title>Fisioterapia a domicilio en Alcorc\u00f3n - Alcorc\u00f3n<\/title>\n<meta name=\"robots\" content=\"index, follow, max-snippet:-1, max-image-preview:large, max-video-preview:-1\" \/>\n<link rel=\"canonical\" href=\"https:\/\/www.fisiohogar.com\/alcorcon\/fisioterapia-a-domicilio-en-alcorcon\/\" \/>\n<meta property=\"og:locale\" content=\"es_ES\" \/>\n<meta property=\"og:type\" content=\"article\" \/>\n<meta property=\"og:title\" content=\"Fisioterapia a domicilio en Alcorc\u00f3n - Alcorc\u00f3n\" \/>\n<meta property=\"og:description\" content=\"Los servicios de Fisiohogar de atenci\u00f3n a domicilio en Alcorc\u00f3n tienen como objetivo ofrecerle un cuidado personalizado y profesional para tratar los problemas relacionados con el \u00e1mbito de la fisioterapia. Como profesionales en este [...]\" \/>\n<meta property=\"og:url\" content=\"https:\/\/www.fisiohogar.com\/alcorcon\/fisioterapia-a-domicilio-en-alcorcon\/\" \/>\n<meta property=\"og:site_name\" content=\"Alcorc\u00f3n\" \/>\n<meta property=\"article:modified_time\" content=\"2023-02-24T20:47:18+00:00\" \/>\n<meta property=\"og:image\" content=\"http:\/\/www.fisiohogar.com\/alcorcon\/wp-content\/uploads\/sites\/6\/2015\/12\/fisioterapeutas-hogar.jpg\" \/>\n<meta name=\"twitter:card\" content=\"summary_large_image\" \/>\n<meta name=\"twitter:label1\" content=\"Tiempo de lectura\" \/>\n\t<meta name=\"twitter:data1\" content=\"2 minutos\" \/>\n<script type=\"application\/ld+json\" class=\"yoast-schema-graph\">{\"@context\":\"https:\\\/\\\/schema.org\",\"@graph\":[{\"@type\":\"WebPage\",\"@id\":\"https:\\\/\\\/www.fisiohogar.com\\\/alcorcon\\\/fisioterapia-a-domicilio-en-alcorcon\\\/\",\"url\":\"https:\\\/\\\/www.fisiohogar.com\\\/alcorcon\\\/fisioterapia-a-domicilio-en-alcorcon\\\/\",\"name\":\"Fisioterapia a domicilio en Alcorc\u00f3n - Alcorc\u00f3n\",\"isPartOf\":{\"@id\":\"https:\\\/\\\/www.fisiohogar.com\\\/alcorcon\\\/#website\"},\"primaryImageOfPage\":{\"@id\":\"https:\\\/\\\/www.fisiohogar.com\\\/alcorcon\\\/fisioterapia-a-domicilio-en-alcorcon\\\/#primaryimage\"},\"image\":{\"@id\":\"https:\\\/\\\/www.fisiohogar.com\\\/alcorcon\\\/fisioterapia-a-domicilio-en-alcorcon\\\/#primaryimage\"},\"thumbnailUrl\":\"http:\\\/\\\/www.fisiohogar.com\\\/alcorcon\\\/wp-content\\\/uploads\\\/sites\\\/6\\\/2015\\\/12\\\/fisioterapeutas-hogar.jpg\",\"datePublished\":\"2015-12-10T11:22:38+00:00\",\"dateModified\":\"2023-02-24T20:47:18+00:00\",\"breadcrumb\":{\"@id\":\"https:\\\/\\\/www.fisiohogar.com\\\/alcorcon\\\/fisioterapia-a-domicilio-en-alcorcon\\\/#breadcrumb\"},\"inLanguage\":\"es\",\"potentialAction\":[{\"@type\":\"ReadAction\",\"target\":[\"https:\\\/\\\/www.fisiohogar.com\\\/alcorcon\\\/fisioterapia-a-domicilio-en-alcorcon\\\/\"]}]},{\"@type\":\"ImageObject\",\"inLanguage\":\"es\",\"@id\":\"https:\\\/\\\/www.fisiohogar.com\\\/alcorcon\\\/fisioterapia-a-domicilio-en-alcorcon\\\/#primaryimage\",\"url\":\"https:\\\/\\\/www.fisiohogar.com\\\/alcorcon\\\/wp-content\\\/uploads\\\/sites\\\/6\\\/2015\\\/12\\\/fisioterapeutas-hogar.jpg\",\"contentUrl\":\"https:\\\/\\\/www.fisiohogar.com\\\/alcorcon\\\/wp-content\\\/uploads\\\/sites\\\/6\\\/2015\\\/12\\\/fisioterapeutas-hogar.jpg\",\"width\":850,\"height\":564},{\"@type\":\"BreadcrumbList\",\"@id\":\"https:\\\/\\\/www.fisiohogar.com\\\/alcorcon\\\/fisioterapia-a-domicilio-en-alcorcon\\\/#breadcrumb\",\"itemListElement\":[{\"@type\":\"ListItem\",\"position\":1,\"name\":\"Portada\",\"item\":\"https:\\\/\\\/www.fisiohogar.com\\\/alcorcon\\\/\"},{\"@type\":\"ListItem\",\"position\":2,\"name\":\"Fisioterapia a domicilio en Alcorc\u00f3n\"}]},{\"@type\":\"WebSite\",\"@id\":\"https:\\\/\\\/www.fisiohogar.com\\\/alcorcon\\\/#website\",\"url\":\"https:\\\/\\\/www.fisiohogar.com\\\/alcorcon\\\/\",\"name\":\"Alcorc\u00f3n\",\"description\":\"Fisioterapia a domicilio en Alcorc\u00f3n\",\"potentialAction\":[{\"@type\":\"SearchAction\",\"target\":{\"@type\":\"EntryPoint\",\"urlTemplate\":\"https:\\\/\\\/www.fisiohogar.com\\\/alcorcon\\\/?s={search_term_string}\"},\"query-input\":{\"@type\":\"PropertyValueSpecification\",\"valueRequired\":true,\"valueName\":\"search_term_string\"}}],\"inLanguage\":\"es\"}]}<\/script>\n<!-- \/ Yoast SEO plugin. -->","yoast_head_json":{"title":"Fisioterapia a domicilio en Alcorc\u00f3n - Alcorc\u00f3n","robots":{"index":"index","follow":"follow","max-snippet":"max-snippet:-1","max-image-preview":"max-image-preview:large","max-video-preview":"max-video-preview:-1"},"canonical":"https:\/\/www.fisiohogar.com\/alcorcon\/fisioterapia-a-domicilio-en-alcorcon\/","og_locale":"es_ES","og_type":"article","og_title":"Fisioterapia a domicilio en Alcorc\u00f3n - Alcorc\u00f3n","og_description":"Los servicios de Fisiohogar de atenci\u00f3n a domicilio en Alcorc\u00f3n tienen como objetivo ofrecerle un cuidado personalizado y profesional para tratar los problemas relacionados con el \u00e1mbito de la fisioterapia. Como profesionales en este [...]","og_url":"https:\/\/www.fisiohogar.com\/alcorcon\/fisioterapia-a-domicilio-en-alcorcon\/","og_site_name":"Alcorc\u00f3n","article_modified_time":"2023-02-24T20:47:18+00:00","og_image":[{"url":"http:\/\/www.fisiohogar.com\/alcorcon\/wp-content\/uploads\/sites\/6\/2015\/12\/fisioterapeutas-hogar.jpg","type":"","width":"","height":""}],"twitter_card":"summary_large_image","twitter_misc":{"Tiempo de lectura":"2 minutos"},"schema":{"@context":"https:\/\/schema.org","@graph":[{"@type":"WebPage","@id":"https:\/\/www.fisiohogar.com\/alcorcon\/fisioterapia-a-domicilio-en-alcorcon\/","url":"https:\/\/www.fisiohogar.com\/alcorcon\/fisioterapia-a-domicilio-en-alcorcon\/","name":"Fisioterapia a domicilio en Alcorc\u00f3n - Alcorc\u00f3n","isPartOf":{"@id":"https:\/\/www.fisiohogar.com\/alcorcon\/#website"},"primaryImageOfPage":{"@id":"https:\/\/www.fisiohogar.com\/alcorcon\/fisioterapia-a-domicilio-en-alcorcon\/#primaryimage"},"image":{"@id":"https:\/\/www.fisiohogar.com\/alcorcon\/fisioterapia-a-domicilio-en-alcorcon\/#primaryimage"},"thumbnailUrl":"http:\/\/www.fisiohogar.com\/alcorcon\/wp-content\/uploads\/sites\/6\/2015\/12\/fisioterapeutas-hogar.jpg","datePublished":"2015-12-10T11:22:38+00:00","dateModified":"2023-02-24T20:47:18+00:00","breadcrumb":{"@id":"https:\/\/www.fisiohogar.com\/alcorcon\/fisioterapia-a-domicilio-en-alcorcon\/#breadcrumb"},"inLanguage":"es","potentialAction":[{"@type":"ReadAction","target":["https:\/\/www.fisiohogar.com\/alcorcon\/fisioterapia-a-domicilio-en-alcorcon\/"]}]},{"@type":"ImageObject","inLanguage":"es","@id":"https:\/\/www.fisiohogar.com\/alcorcon\/fisioterapia-a-domicilio-en-alcorcon\/#primaryimage","url":"https:\/\/www.fisiohogar.com\/alcorcon\/wp-content\/uploads\/sites\/6\/2015\/12\/fisioterapeutas-hogar.jpg","contentUrl":"https:\/\/www.fisiohogar.com\/alcorcon\/wp-content\/uploads\/sites\/6\/2015\/12\/fisioterapeutas-hogar.jpg","width":850,"height":564},{"@type":"BreadcrumbList","@id":"https:\/\/www.fisiohogar.com\/alcorcon\/fisioterapia-a-domicilio-en-alcorcon\/#breadcrumb","itemListElement":[{"@type":"ListItem","position":1,"name":"Portada","item":"https:\/\/www.fisiohogar.com\/alcorcon\/"},{"@type":"ListItem","position":2,"name":"Fisioterapia a domicilio en Alcorc\u00f3n"}]},{"@type":"WebSite","@id":"https:\/\/www.fisiohogar.com\/alcorcon\/#website","url":"https:\/\/www.fisiohogar.com\/alcorcon\/","name":"Alcorc\u00f3n","description":"Fisioterapia a domicilio en Alcorc\u00f3n","potentialAction":[{"@type":"SearchAction","target":{"@type":"EntryPoint","urlTemplate":"https:\/\/www.fisiohogar.com\/alcorcon\/?s={search_term_string}"},"query-input":{"@type":"PropertyValueSpecification","valueRequired":true,"valueName":"search_term_string"}}],"inLanguage":"es"}]}},"_links":{"self":[{"href":"https:\/\/www.fisiohogar.com\/alcorcon\/wp-json\/wp\/v2\/pages\/21","targetHints":{"allow":["GET"]}}],"collection":[{"href":"https:\/\/www.fisiohogar.com\/alcorcon\/wp-json\/wp\/v2\/pages"}],"about":[{"href":"https:\/\/www.fisiohogar.com\/alcorcon\/wp-json\/wp\/v2\/types\/page"}],"author":[{"embeddable":true,"href":"https:\/\/www.fisiohogar.com\/alcorcon\/wp-json\/wp\/v2\/users\/1"}],"replies":[{"embeddable":true,"href":"https:\/\/www.fisiohogar.com\/alcorcon\/wp-json\/wp\/v2\/comments?post=21"}],"version-history":[{"count":0,"href":"https:\/\/www.fisiohogar.com\/alcorcon\/wp-json\/wp\/v2\/pages\/21\/revisions"}],"wp:attachment":[{"href":"https:\/\/www.fisiohogar.com\/alcorcon\/wp-json\/wp\/v2\/media?parent=21"}],"curies":[{"name":"wp","href":"https:\/\/api.w.org\/{rel}","templated":true}]}}