{"id":19,"date":"2015-12-10T11:22:06","date_gmt":"2015-12-10T11:22:06","guid":{"rendered":"http:\/\/www.fisiohogar.com\/alcorcon\/?page_id=19"},"modified":"2023-02-24T20:47:18","modified_gmt":"2023-02-24T20:47:18","slug":"nuestros-fisioterapeutas-estan-colegiados","status":"publish","type":"page","link":"https:\/\/www.fisiohogar.com\/alcorcon\/nuestros-fisioterapeutas-estan-colegiados\/","title":{"rendered":"Nuestros fisioterapeutas est\u00e1n colegiados"},"content":{"rendered":"<p style=\"text-align: justify;\">En Fisiohogar damos mucha importancia a la <strong>profesionalidad<\/strong>, por eso nuestro equipo humano est\u00e1 formado por <strong>fisioterapeutas colegiados<\/strong>. Todo el personal de Fisiohogar Alcorc\u00f3n son fisioterapeutas graduados o diplomados que est\u00e1n inscritos en el Colegio de Fisioterapia.<\/p>\n<p style=\"text-align: justify;\">Adem\u00e1s de certificar la cualificaci\u00f3n de nuestros profesionales, somos conscientes de la importancia de mantenerse al d\u00eda en una profesi\u00f3n en la que hay continuos avances. Por eso, damos mucha importancia a la formaci\u00f3n continua que realizan los miembros de nuestros equipos.<\/p>\n<p style=\"text-align: justify;\"><img decoding=\"async\" class=\"aligncenter size-full wp-image-172\" src=\"http:\/\/www.fisiohogar.com\/alcorcon\/wp-content\/uploads\/sites\/6\/2015\/12\/fisioterapeutas-colegiados.jpg\" alt=\"fisioterapeutas-colegiados\" width=\"850\" height=\"567\" srcset=\"https:\/\/www.fisiohogar.com\/alcorcon\/wp-content\/uploads\/sites\/6\/2015\/12\/fisioterapeutas-colegiados-300x200.jpg 300w, https:\/\/www.fisiohogar.com\/alcorcon\/wp-content\/uploads\/sites\/6\/2015\/12\/fisioterapeutas-colegiados-768x512.jpg 768w, https:\/\/www.fisiohogar.com\/alcorcon\/wp-content\/uploads\/sites\/6\/2015\/12\/fisioterapeutas-colegiados.jpg 850w\" sizes=\"(max-width: 850px) 100vw, 850px\" \/><\/p>\n<p style=\"text-align: justify;\">El procedimiento para poder inscribirse en el Colegio Profesional es haber obtenido el t\u00edtulo universitario correspondiente y pasar por unas juntas de valoraci\u00f3n de las diferentes entidades que certifican la formaci\u00f3n del colegiado y que le obligan a cumplir con varios requisitos. Entre ellos est\u00e1n obtener un <strong>seguro de responsabilidad civil<\/strong> y <strong>cumplir los c\u00f3digos deontol\u00f3gicos de la profesi\u00f3n<\/strong>.<\/p>\n<p style=\"text-align: justify;\">Que los miembros de Fisiohogar Alcorc\u00f3n sean profesionales colegiados quiere decir que adem\u00e1s tienen acceso a programas de <strong>formaci\u00f3n continua y que permanecen al d\u00eda<\/strong>, mediante talleres o seminarios, de las \u00faltimas tendencias en los diferentes campos de trabajo de la fisioterapia. Asegur\u00e1ndonos as\u00ed que contamos con fisioterapeutas cualificados con capacidad integral para atender todas las necesidades de los vecinos de Alcorc\u00f3n.<\/p>\n<p style=\"text-align: justify;\">Hay que ser consientes que la alta demanda de servicios de fisioterapia ha favorecido que afloren cl\u00ednicas y profesionales que ofrecen estos servicios. Pero tambi\u00e9n hay mucho intrusismo, en parte debido a cierto vac\u00edo legal que existe en el campo de las profesiones para-sanitarias. En Fisiohogar queremos darle el mejor servicio profesional, por eso solo contamos con fisioterapeutas colegiados que pueden demostrar su <strong>cualificaci\u00f3n y capacitaci\u00f3n para el desempe\u00f1o de su trabajo<\/strong>.<\/p>\n","protected":false},"excerpt":{"rendered":"<p>En Fisiohogar damos mucha importancia a la profesionalidad, por eso nuestro equipo humano est\u00e1 formado por fisioterapeutas colegiados. Todo el personal de Fisiohogar Alcorc\u00f3n son fisioterapeutas graduados o diplomados que est\u00e1n inscritos en el  [&#8230;]<\/p>\n","protected":false},"author":1,"featured_media":0,"parent":0,"menu_order":0,"comment_status":"closed","ping_status":"closed","template":"template-full.php","meta":{"_joinchat":[],"footnotes":""},"class_list":["post-19","page","type-page","status-publish","hentry"],"yoast_head":"<!-- This site is optimized with the Yoast SEO plugin v27.6 - https:\/\/yoast.com\/product\/yoast-seo-wordpress\/ -->\n<title>Nuestros fisioterapeutas est\u00e1n colegiados - Alcorc\u00f3n<\/title>\n<meta name=\"robots\" content=\"index, follow, max-snippet:-1, max-image-preview:large, max-video-preview:-1\" \/>\n<link rel=\"canonical\" href=\"https:\/\/www.fisiohogar.com\/alcorcon\/nuestros-fisioterapeutas-estan-colegiados\/\" \/>\n<meta property=\"og:locale\" content=\"es_ES\" \/>\n<meta property=\"og:type\" content=\"article\" \/>\n<meta property=\"og:title\" content=\"Nuestros fisioterapeutas est\u00e1n colegiados - Alcorc\u00f3n\" \/>\n<meta property=\"og:description\" content=\"En Fisiohogar damos mucha importancia a la profesionalidad, por eso nuestro equipo humano est\u00e1 formado por fisioterapeutas colegiados. Todo el personal de Fisiohogar Alcorc\u00f3n son fisioterapeutas graduados o diplomados que est\u00e1n inscritos en el [...]\" \/>\n<meta property=\"og:url\" content=\"https:\/\/www.fisiohogar.com\/alcorcon\/nuestros-fisioterapeutas-estan-colegiados\/\" \/>\n<meta property=\"og:site_name\" content=\"Alcorc\u00f3n\" \/>\n<meta property=\"article:modified_time\" content=\"2023-02-24T20:47:18+00:00\" \/>\n<meta property=\"og:image\" content=\"http:\/\/www.fisiohogar.com\/alcorcon\/wp-content\/uploads\/sites\/6\/2015\/12\/fisioterapeutas-colegiados.jpg\" \/>\n<meta name=\"twitter:card\" content=\"summary_large_image\" \/>\n<meta name=\"twitter:label1\" content=\"Tiempo de lectura\" \/>\n\t<meta name=\"twitter:data1\" content=\"1 minuto\" \/>\n<script type=\"application\/ld+json\" class=\"yoast-schema-graph\">{\"@context\":\"https:\\\/\\\/schema.org\",\"@graph\":[{\"@type\":\"WebPage\",\"@id\":\"https:\\\/\\\/www.fisiohogar.com\\\/alcorcon\\\/nuestros-fisioterapeutas-estan-colegiados\\\/\",\"url\":\"https:\\\/\\\/www.fisiohogar.com\\\/alcorcon\\\/nuestros-fisioterapeutas-estan-colegiados\\\/\",\"name\":\"Nuestros fisioterapeutas est\u00e1n colegiados - Alcorc\u00f3n\",\"isPartOf\":{\"@id\":\"https:\\\/\\\/www.fisiohogar.com\\\/alcorcon\\\/#website\"},\"primaryImageOfPage\":{\"@id\":\"https:\\\/\\\/www.fisiohogar.com\\\/alcorcon\\\/nuestros-fisioterapeutas-estan-colegiados\\\/#primaryimage\"},\"image\":{\"@id\":\"https:\\\/\\\/www.fisiohogar.com\\\/alcorcon\\\/nuestros-fisioterapeutas-estan-colegiados\\\/#primaryimage\"},\"thumbnailUrl\":\"http:\\\/\\\/www.fisiohogar.com\\\/alcorcon\\\/wp-content\\\/uploads\\\/sites\\\/6\\\/2015\\\/12\\\/fisioterapeutas-colegiados.jpg\",\"datePublished\":\"2015-12-10T11:22:06+00:00\",\"dateModified\":\"2023-02-24T20:47:18+00:00\",\"breadcrumb\":{\"@id\":\"https:\\\/\\\/www.fisiohogar.com\\\/alcorcon\\\/nuestros-fisioterapeutas-estan-colegiados\\\/#breadcrumb\"},\"inLanguage\":\"es\",\"potentialAction\":[{\"@type\":\"ReadAction\",\"target\":[\"https:\\\/\\\/www.fisiohogar.com\\\/alcorcon\\\/nuestros-fisioterapeutas-estan-colegiados\\\/\"]}]},{\"@type\":\"ImageObject\",\"inLanguage\":\"es\",\"@id\":\"https:\\\/\\\/www.fisiohogar.com\\\/alcorcon\\\/nuestros-fisioterapeutas-estan-colegiados\\\/#primaryimage\",\"url\":\"https:\\\/\\\/www.fisiohogar.com\\\/alcorcon\\\/wp-content\\\/uploads\\\/sites\\\/6\\\/2015\\\/12\\\/fisioterapeutas-colegiados.jpg\",\"contentUrl\":\"https:\\\/\\\/www.fisiohogar.com\\\/alcorcon\\\/wp-content\\\/uploads\\\/sites\\\/6\\\/2015\\\/12\\\/fisioterapeutas-colegiados.jpg\",\"width\":850,\"height\":567},{\"@type\":\"BreadcrumbList\",\"@id\":\"https:\\\/\\\/www.fisiohogar.com\\\/alcorcon\\\/nuestros-fisioterapeutas-estan-colegiados\\\/#breadcrumb\",\"itemListElement\":[{\"@type\":\"ListItem\",\"position\":1,\"name\":\"Portada\",\"item\":\"https:\\\/\\\/www.fisiohogar.com\\\/alcorcon\\\/\"},{\"@type\":\"ListItem\",\"position\":2,\"name\":\"Nuestros fisioterapeutas est\u00e1n colegiados\"}]},{\"@type\":\"WebSite\",\"@id\":\"https:\\\/\\\/www.fisiohogar.com\\\/alcorcon\\\/#website\",\"url\":\"https:\\\/\\\/www.fisiohogar.com\\\/alcorcon\\\/\",\"name\":\"Alcorc\u00f3n\",\"description\":\"Fisioterapia a domicilio en Alcorc\u00f3n\",\"potentialAction\":[{\"@type\":\"SearchAction\",\"target\":{\"@type\":\"EntryPoint\",\"urlTemplate\":\"https:\\\/\\\/www.fisiohogar.com\\\/alcorcon\\\/?s={search_term_string}\"},\"query-input\":{\"@type\":\"PropertyValueSpecification\",\"valueRequired\":true,\"valueName\":\"search_term_string\"}}],\"inLanguage\":\"es\"}]}<\/script>\n<!-- \/ Yoast SEO plugin. -->","yoast_head_json":{"title":"Nuestros fisioterapeutas est\u00e1n colegiados - Alcorc\u00f3n","robots":{"index":"index","follow":"follow","max-snippet":"max-snippet:-1","max-image-preview":"max-image-preview:large","max-video-preview":"max-video-preview:-1"},"canonical":"https:\/\/www.fisiohogar.com\/alcorcon\/nuestros-fisioterapeutas-estan-colegiados\/","og_locale":"es_ES","og_type":"article","og_title":"Nuestros fisioterapeutas est\u00e1n colegiados - Alcorc\u00f3n","og_description":"En Fisiohogar damos mucha importancia a la profesionalidad, por eso nuestro equipo humano est\u00e1 formado por fisioterapeutas colegiados. Todo el personal de Fisiohogar Alcorc\u00f3n son fisioterapeutas graduados o diplomados que est\u00e1n inscritos en el [...]","og_url":"https:\/\/www.fisiohogar.com\/alcorcon\/nuestros-fisioterapeutas-estan-colegiados\/","og_site_name":"Alcorc\u00f3n","article_modified_time":"2023-02-24T20:47:18+00:00","og_image":[{"url":"http:\/\/www.fisiohogar.com\/alcorcon\/wp-content\/uploads\/sites\/6\/2015\/12\/fisioterapeutas-colegiados.jpg","type":"","width":"","height":""}],"twitter_card":"summary_large_image","twitter_misc":{"Tiempo de lectura":"1 minuto"},"schema":{"@context":"https:\/\/schema.org","@graph":[{"@type":"WebPage","@id":"https:\/\/www.fisiohogar.com\/alcorcon\/nuestros-fisioterapeutas-estan-colegiados\/","url":"https:\/\/www.fisiohogar.com\/alcorcon\/nuestros-fisioterapeutas-estan-colegiados\/","name":"Nuestros fisioterapeutas est\u00e1n colegiados - Alcorc\u00f3n","isPartOf":{"@id":"https:\/\/www.fisiohogar.com\/alcorcon\/#website"},"primaryImageOfPage":{"@id":"https:\/\/www.fisiohogar.com\/alcorcon\/nuestros-fisioterapeutas-estan-colegiados\/#primaryimage"},"image":{"@id":"https:\/\/www.fisiohogar.com\/alcorcon\/nuestros-fisioterapeutas-estan-colegiados\/#primaryimage"},"thumbnailUrl":"http:\/\/www.fisiohogar.com\/alcorcon\/wp-content\/uploads\/sites\/6\/2015\/12\/fisioterapeutas-colegiados.jpg","datePublished":"2015-12-10T11:22:06+00:00","dateModified":"2023-02-24T20:47:18+00:00","breadcrumb":{"@id":"https:\/\/www.fisiohogar.com\/alcorcon\/nuestros-fisioterapeutas-estan-colegiados\/#breadcrumb"},"inLanguage":"es","potentialAction":[{"@type":"ReadAction","target":["https:\/\/www.fisiohogar.com\/alcorcon\/nuestros-fisioterapeutas-estan-colegiados\/"]}]},{"@type":"ImageObject","inLanguage":"es","@id":"https:\/\/www.fisiohogar.com\/alcorcon\/nuestros-fisioterapeutas-estan-colegiados\/#primaryimage","url":"https:\/\/www.fisiohogar.com\/alcorcon\/wp-content\/uploads\/sites\/6\/2015\/12\/fisioterapeutas-colegiados.jpg","contentUrl":"https:\/\/www.fisiohogar.com\/alcorcon\/wp-content\/uploads\/sites\/6\/2015\/12\/fisioterapeutas-colegiados.jpg","width":850,"height":567},{"@type":"BreadcrumbList","@id":"https:\/\/www.fisiohogar.com\/alcorcon\/nuestros-fisioterapeutas-estan-colegiados\/#breadcrumb","itemListElement":[{"@type":"ListItem","position":1,"name":"Portada","item":"https:\/\/www.fisiohogar.com\/alcorcon\/"},{"@type":"ListItem","position":2,"name":"Nuestros fisioterapeutas est\u00e1n colegiados"}]},{"@type":"WebSite","@id":"https:\/\/www.fisiohogar.com\/alcorcon\/#website","url":"https:\/\/www.fisiohogar.com\/alcorcon\/","name":"Alcorc\u00f3n","description":"Fisioterapia a domicilio en Alcorc\u00f3n","potentialAction":[{"@type":"SearchAction","target":{"@type":"EntryPoint","urlTemplate":"https:\/\/www.fisiohogar.com\/alcorcon\/?s={search_term_string}"},"query-input":{"@type":"PropertyValueSpecification","valueRequired":true,"valueName":"search_term_string"}}],"inLanguage":"es"}]}},"_links":{"self":[{"href":"https:\/\/www.fisiohogar.com\/alcorcon\/wp-json\/wp\/v2\/pages\/19","targetHints":{"allow":["GET"]}}],"collection":[{"href":"https:\/\/www.fisiohogar.com\/alcorcon\/wp-json\/wp\/v2\/pages"}],"about":[{"href":"https:\/\/www.fisiohogar.com\/alcorcon\/wp-json\/wp\/v2\/types\/page"}],"author":[{"embeddable":true,"href":"https:\/\/www.fisiohogar.com\/alcorcon\/wp-json\/wp\/v2\/users\/1"}],"replies":[{"embeddable":true,"href":"https:\/\/www.fisiohogar.com\/alcorcon\/wp-json\/wp\/v2\/comments?post=19"}],"version-history":[{"count":0,"href":"https:\/\/www.fisiohogar.com\/alcorcon\/wp-json\/wp\/v2\/pages\/19\/revisions"}],"wp:attachment":[{"href":"https:\/\/www.fisiohogar.com\/alcorcon\/wp-json\/wp\/v2\/media?parent=19"}],"curies":[{"name":"wp","href":"https:\/\/api.w.org\/{rel}","templated":true}]}}