{"id":15,"date":"2015-12-10T11:20:37","date_gmt":"2015-12-10T11:20:37","guid":{"rendered":"http:\/\/www.fisiohogar.com\/alcorcon\/?page_id=15"},"modified":"2023-02-24T20:47:18","modified_gmt":"2023-02-24T20:47:18","slug":"remedios-para-dolores-articulares-y-musculares","status":"publish","type":"page","link":"https:\/\/www.fisiohogar.com\/alcorcon\/remedios-para-dolores-articulares-y-musculares\/","title":{"rendered":"Remedios para dolores articulares y musculares"},"content":{"rendered":"<p style=\"text-align: justify;\">El \u00e1mbito de los dolores musculares y articulares es uno de los de mayores campos de trabajo de la fisioterapia. Y tambi\u00e9n uno de los m\u00e1s conocidos, puesto que puede trabajar en un amplio n\u00famero de enfermedades y procesos. Muchos de estos procesos provocan<strong> fuertes y constates dolores y tambi\u00e9n pueden ocasionar incapacidad funcional.<\/strong> Nuestro objetivo como fisioterapeutas es minimizar estos efectos y conseguir una mejor calidad de vida.<\/p>\n<p style=\"text-align: justify;\"><img decoding=\"async\" class=\"aligncenter size-full wp-image-157\" src=\"http:\/\/www.fisiohogar.com\/alcorcon\/wp-content\/uploads\/sites\/6\/2015\/12\/fisioterapia-muscular.jpg\" alt=\"fisioterapia-muscular\" width=\"750\" height=\"500\" srcset=\"https:\/\/www.fisiohogar.com\/alcorcon\/wp-content\/uploads\/sites\/6\/2015\/12\/fisioterapia-muscular-300x200.jpg 300w, https:\/\/www.fisiohogar.com\/alcorcon\/wp-content\/uploads\/sites\/6\/2015\/12\/fisioterapia-muscular.jpg 750w\" sizes=\"(max-width: 750px) 100vw, 750px\" \/><\/p>\n<p style=\"text-align: justify;\"><strong>Patolog\u00edas<\/strong><\/p>\n<p style=\"text-align: justify;\">Nuestro servicio de atenci\u00f3n a domicilio en Alcorc\u00f3n est\u00e1 orientado a intervenir en procesos de dolores articulares y musculares provocados por operaciones de colocaci\u00f3n de pr\u00f3tesis o cirug\u00edas del manguito rotar, entre otros. Asimismo, tambi\u00e9n tratamos problemas ocasionados por dolencias musculo-esquel\u00e9ticas, contracturas, tendinitis, lumbalgias y otras que surgen con la edad como puede ser la artrosis o la artritis.<\/p>\n<p style=\"text-align: justify;\">Muchas de estas patolog\u00edas merman la capacidad de movilidad del paciente, por eso nuestro servicio fisioterap\u00e9utico est\u00e1 <strong>especializado en la atenci\u00f3n a domicilio<\/strong>. Ahorrando molestias a los pacientes para que se centren en lo importante, participar de manera activa en el proceso de recuperaci\u00f3n.<\/p>\n<p style=\"text-align: justify;\"><strong>Las t\u00e9cnicas<\/strong><\/p>\n<p style=\"text-align: justify;\">Los tratamientos y t\u00e9cnicas que emplean los equipos de fisioterapeutas de Fisiohogar est\u00e1n en funci\u00f3n de las necesidades de cada paciente. Entre ellas est\u00e1n las sesiones de masaje manuales, la osteopat\u00eda, las movilizaciones activas, pasivas y con resistencia, as\u00ed como los vendajes funcionales.<\/p>\n<p style=\"text-align: justify;\">En los casos en los que los dolores est\u00e9n relacionados con operaciones quir\u00fargicas, nuestros fisioterapeutas permanecen en contacto y coordinaci\u00f3n con los m\u00e9dicos que le hayan tratado.<\/p>\n<p style=\"text-align: justify;\">Para otros casos como los dolores en personas mayores es muy importante trabajar tambi\u00e9n la motivaci\u00f3n. Si el paciente se siente motivado e implicado en su rehabilitaci\u00f3n los resultados pueden ser mucho mejores.<\/p>\n<p style=\"text-align: justify;\"><strong>Filosof\u00eda de trabajo<\/strong><\/p>\n<p style=\"text-align: justify;\">Queremos ayudarle a eliminar el dolor. Para ello trabajamos d\u00eda a d\u00eda, pero no todo el trabajo es nuestro. Nuestros profesionales ponen su cualificaci\u00f3n y experiencia a su servicio, pero la colaboraci\u00f3n activa del paciente es esencial. Adem\u00e1s de los tratamientos tambi\u00e9n le ofrecemos consejos y pautas de actuaci\u00f3n que le ayuden a prevenir posibles lesiones.<\/p>\n<p style=\"text-align: justify;\">Somos claros con usted, le explicaremos cu\u00e1l es su problema y qu\u00e9 posibilidades existen. Para asegurar el mejor tratamiento seguimos su evoluci\u00f3n y realizamos las modificaciones necesarias.<\/p>\n<p style=\"text-align: justify;\"><strong>Contacta<\/strong><\/p>\n<p style=\"text-align: justify;\">El primer paso para comenzar un tratamiento a su medida es ponerse en contacto con nosotros. <a href=\"http:\/\/www.fisiohogar.com\/alcorcon\/contacta-ahora\/\" target=\"_blank\" rel=\"noopener\">Ll\u00e1menos <\/a>y uno de nuestros fisioterapeutas de Alcorc\u00f3n se pondr\u00e1 en contacto con usted para evaluar su caso.<\/p>\n","protected":false},"excerpt":{"rendered":"<p>El \u00e1mbito de los dolores musculares y articulares es uno de los de mayores campos de trabajo de la fisioterapia. Y tambi\u00e9n uno de los m\u00e1s conocidos, puesto que puede trabajar en un amplio  [&#8230;]<\/p>\n","protected":false},"author":1,"featured_media":0,"parent":0,"menu_order":0,"comment_status":"closed","ping_status":"closed","template":"template-full.php","meta":{"_joinchat":[],"footnotes":""},"class_list":["post-15","page","type-page","status-publish","hentry"],"yoast_head":"<!-- This site is optimized with the Yoast SEO plugin v27.4 - https:\/\/yoast.com\/product\/yoast-seo-wordpress\/ -->\n<title>Remedios para dolores articulares y musculares - Alcorc\u00f3n<\/title>\n<meta name=\"robots\" content=\"index, follow, max-snippet:-1, max-image-preview:large, max-video-preview:-1\" \/>\n<link rel=\"canonical\" href=\"https:\/\/www.fisiohogar.com\/alcorcon\/remedios-para-dolores-articulares-y-musculares\/\" \/>\n<meta property=\"og:locale\" content=\"es_ES\" \/>\n<meta property=\"og:type\" content=\"article\" \/>\n<meta property=\"og:title\" content=\"Remedios para dolores articulares y musculares - Alcorc\u00f3n\" \/>\n<meta property=\"og:description\" content=\"El \u00e1mbito de los dolores musculares y articulares es uno de los de mayores campos de trabajo de la fisioterapia. Y tambi\u00e9n uno de los m\u00e1s conocidos, puesto que puede trabajar en un amplio [...]\" \/>\n<meta property=\"og:url\" content=\"https:\/\/www.fisiohogar.com\/alcorcon\/remedios-para-dolores-articulares-y-musculares\/\" \/>\n<meta property=\"og:site_name\" content=\"Alcorc\u00f3n\" \/>\n<meta property=\"article:modified_time\" content=\"2023-02-24T20:47:18+00:00\" \/>\n<meta property=\"og:image\" content=\"http:\/\/www.fisiohogar.com\/alcorcon\/wp-content\/uploads\/sites\/6\/2015\/12\/fisioterapia-muscular.jpg\" \/>\n<meta name=\"twitter:card\" content=\"summary_large_image\" \/>\n<meta name=\"twitter:label1\" content=\"Tiempo de lectura\" \/>\n\t<meta name=\"twitter:data1\" content=\"2 minutos\" \/>\n<script type=\"application\/ld+json\" class=\"yoast-schema-graph\">{\"@context\":\"https:\\\/\\\/schema.org\",\"@graph\":[{\"@type\":\"WebPage\",\"@id\":\"https:\\\/\\\/www.fisiohogar.com\\\/alcorcon\\\/remedios-para-dolores-articulares-y-musculares\\\/\",\"url\":\"https:\\\/\\\/www.fisiohogar.com\\\/alcorcon\\\/remedios-para-dolores-articulares-y-musculares\\\/\",\"name\":\"Remedios para dolores articulares y musculares - Alcorc\u00f3n\",\"isPartOf\":{\"@id\":\"https:\\\/\\\/www.fisiohogar.com\\\/alcorcon\\\/#website\"},\"primaryImageOfPage\":{\"@id\":\"https:\\\/\\\/www.fisiohogar.com\\\/alcorcon\\\/remedios-para-dolores-articulares-y-musculares\\\/#primaryimage\"},\"image\":{\"@id\":\"https:\\\/\\\/www.fisiohogar.com\\\/alcorcon\\\/remedios-para-dolores-articulares-y-musculares\\\/#primaryimage\"},\"thumbnailUrl\":\"http:\\\/\\\/www.fisiohogar.com\\\/alcorcon\\\/wp-content\\\/uploads\\\/sites\\\/6\\\/2015\\\/12\\\/fisioterapia-muscular.jpg\",\"datePublished\":\"2015-12-10T11:20:37+00:00\",\"dateModified\":\"2023-02-24T20:47:18+00:00\",\"breadcrumb\":{\"@id\":\"https:\\\/\\\/www.fisiohogar.com\\\/alcorcon\\\/remedios-para-dolores-articulares-y-musculares\\\/#breadcrumb\"},\"inLanguage\":\"es\",\"potentialAction\":[{\"@type\":\"ReadAction\",\"target\":[\"https:\\\/\\\/www.fisiohogar.com\\\/alcorcon\\\/remedios-para-dolores-articulares-y-musculares\\\/\"]}]},{\"@type\":\"ImageObject\",\"inLanguage\":\"es\",\"@id\":\"https:\\\/\\\/www.fisiohogar.com\\\/alcorcon\\\/remedios-para-dolores-articulares-y-musculares\\\/#primaryimage\",\"url\":\"https:\\\/\\\/www.fisiohogar.com\\\/alcorcon\\\/wp-content\\\/uploads\\\/sites\\\/6\\\/2015\\\/12\\\/fisioterapia-muscular.jpg\",\"contentUrl\":\"https:\\\/\\\/www.fisiohogar.com\\\/alcorcon\\\/wp-content\\\/uploads\\\/sites\\\/6\\\/2015\\\/12\\\/fisioterapia-muscular.jpg\",\"width\":750,\"height\":500},{\"@type\":\"BreadcrumbList\",\"@id\":\"https:\\\/\\\/www.fisiohogar.com\\\/alcorcon\\\/remedios-para-dolores-articulares-y-musculares\\\/#breadcrumb\",\"itemListElement\":[{\"@type\":\"ListItem\",\"position\":1,\"name\":\"Portada\",\"item\":\"https:\\\/\\\/www.fisiohogar.com\\\/alcorcon\\\/\"},{\"@type\":\"ListItem\",\"position\":2,\"name\":\"Remedios para dolores articulares y musculares\"}]},{\"@type\":\"WebSite\",\"@id\":\"https:\\\/\\\/www.fisiohogar.com\\\/alcorcon\\\/#website\",\"url\":\"https:\\\/\\\/www.fisiohogar.com\\\/alcorcon\\\/\",\"name\":\"Alcorc\u00f3n\",\"description\":\"Fisioterapia a domicilio en Alcorc\u00f3n\",\"potentialAction\":[{\"@type\":\"SearchAction\",\"target\":{\"@type\":\"EntryPoint\",\"urlTemplate\":\"https:\\\/\\\/www.fisiohogar.com\\\/alcorcon\\\/?s={search_term_string}\"},\"query-input\":{\"@type\":\"PropertyValueSpecification\",\"valueRequired\":true,\"valueName\":\"search_term_string\"}}],\"inLanguage\":\"es\"}]}<\/script>\n<!-- \/ Yoast SEO plugin. -->","yoast_head_json":{"title":"Remedios para dolores articulares y musculares - Alcorc\u00f3n","robots":{"index":"index","follow":"follow","max-snippet":"max-snippet:-1","max-image-preview":"max-image-preview:large","max-video-preview":"max-video-preview:-1"},"canonical":"https:\/\/www.fisiohogar.com\/alcorcon\/remedios-para-dolores-articulares-y-musculares\/","og_locale":"es_ES","og_type":"article","og_title":"Remedios para dolores articulares y musculares - Alcorc\u00f3n","og_description":"El \u00e1mbito de los dolores musculares y articulares es uno de los de mayores campos de trabajo de la fisioterapia. Y tambi\u00e9n uno de los m\u00e1s conocidos, puesto que puede trabajar en un amplio [...]","og_url":"https:\/\/www.fisiohogar.com\/alcorcon\/remedios-para-dolores-articulares-y-musculares\/","og_site_name":"Alcorc\u00f3n","article_modified_time":"2023-02-24T20:47:18+00:00","og_image":[{"url":"http:\/\/www.fisiohogar.com\/alcorcon\/wp-content\/uploads\/sites\/6\/2015\/12\/fisioterapia-muscular.jpg","type":"","width":"","height":""}],"twitter_card":"summary_large_image","twitter_misc":{"Tiempo de lectura":"2 minutos"},"schema":{"@context":"https:\/\/schema.org","@graph":[{"@type":"WebPage","@id":"https:\/\/www.fisiohogar.com\/alcorcon\/remedios-para-dolores-articulares-y-musculares\/","url":"https:\/\/www.fisiohogar.com\/alcorcon\/remedios-para-dolores-articulares-y-musculares\/","name":"Remedios para dolores articulares y musculares - Alcorc\u00f3n","isPartOf":{"@id":"https:\/\/www.fisiohogar.com\/alcorcon\/#website"},"primaryImageOfPage":{"@id":"https:\/\/www.fisiohogar.com\/alcorcon\/remedios-para-dolores-articulares-y-musculares\/#primaryimage"},"image":{"@id":"https:\/\/www.fisiohogar.com\/alcorcon\/remedios-para-dolores-articulares-y-musculares\/#primaryimage"},"thumbnailUrl":"http:\/\/www.fisiohogar.com\/alcorcon\/wp-content\/uploads\/sites\/6\/2015\/12\/fisioterapia-muscular.jpg","datePublished":"2015-12-10T11:20:37+00:00","dateModified":"2023-02-24T20:47:18+00:00","breadcrumb":{"@id":"https:\/\/www.fisiohogar.com\/alcorcon\/remedios-para-dolores-articulares-y-musculares\/#breadcrumb"},"inLanguage":"es","potentialAction":[{"@type":"ReadAction","target":["https:\/\/www.fisiohogar.com\/alcorcon\/remedios-para-dolores-articulares-y-musculares\/"]}]},{"@type":"ImageObject","inLanguage":"es","@id":"https:\/\/www.fisiohogar.com\/alcorcon\/remedios-para-dolores-articulares-y-musculares\/#primaryimage","url":"https:\/\/www.fisiohogar.com\/alcorcon\/wp-content\/uploads\/sites\/6\/2015\/12\/fisioterapia-muscular.jpg","contentUrl":"https:\/\/www.fisiohogar.com\/alcorcon\/wp-content\/uploads\/sites\/6\/2015\/12\/fisioterapia-muscular.jpg","width":750,"height":500},{"@type":"BreadcrumbList","@id":"https:\/\/www.fisiohogar.com\/alcorcon\/remedios-para-dolores-articulares-y-musculares\/#breadcrumb","itemListElement":[{"@type":"ListItem","position":1,"name":"Portada","item":"https:\/\/www.fisiohogar.com\/alcorcon\/"},{"@type":"ListItem","position":2,"name":"Remedios para dolores articulares y musculares"}]},{"@type":"WebSite","@id":"https:\/\/www.fisiohogar.com\/alcorcon\/#website","url":"https:\/\/www.fisiohogar.com\/alcorcon\/","name":"Alcorc\u00f3n","description":"Fisioterapia a domicilio en Alcorc\u00f3n","potentialAction":[{"@type":"SearchAction","target":{"@type":"EntryPoint","urlTemplate":"https:\/\/www.fisiohogar.com\/alcorcon\/?s={search_term_string}"},"query-input":{"@type":"PropertyValueSpecification","valueRequired":true,"valueName":"search_term_string"}}],"inLanguage":"es"}]}},"_links":{"self":[{"href":"https:\/\/www.fisiohogar.com\/alcorcon\/wp-json\/wp\/v2\/pages\/15","targetHints":{"allow":["GET"]}}],"collection":[{"href":"https:\/\/www.fisiohogar.com\/alcorcon\/wp-json\/wp\/v2\/pages"}],"about":[{"href":"https:\/\/www.fisiohogar.com\/alcorcon\/wp-json\/wp\/v2\/types\/page"}],"author":[{"embeddable":true,"href":"https:\/\/www.fisiohogar.com\/alcorcon\/wp-json\/wp\/v2\/users\/1"}],"replies":[{"embeddable":true,"href":"https:\/\/www.fisiohogar.com\/alcorcon\/wp-json\/wp\/v2\/comments?post=15"}],"version-history":[{"count":0,"href":"https:\/\/www.fisiohogar.com\/alcorcon\/wp-json\/wp\/v2\/pages\/15\/revisions"}],"wp:attachment":[{"href":"https:\/\/www.fisiohogar.com\/alcorcon\/wp-json\/wp\/v2\/media?parent=15"}],"curies":[{"name":"wp","href":"https:\/\/api.w.org\/{rel}","templated":true}]}}